{"id":98703,"date":"2025-06-13T12:47:00","date_gmt":"2025-06-13T10:47:04","guid":{"rendered":"https:\/\/www.wundersocks.com\/?post_type=product&#038;p=98703"},"modified":"2025-06-13T12:55:45","modified_gmt":"2025-06-13T10:55:45","slug":"asciugamano-merino-ultraleggero-per-sport-trekking-outdoor","status":"publish","type":"product","link":"https:\/\/www.wundersocks.com\/it\/prodotto\/asciugamano-merino-ultraleggero-per-sport-trekking-outdoor\/","title":{"rendered":"Asciugamano Merino ultraleggero \u2013 per sport, trekking, corsa e outdoor"},"content":{"rendered":"<p>Naturalmente morbido, ultraleggero e pensato per chi si muove \u2013 questo asciugamano in pura lana Merino \u00e8 il compagno perfetto per sport, corsa, trekking e viaggi.<br \/>\nGrazie alle sue propriet\u00e0 antibatteriche e antiodore, resta fresco pi\u00f9 a lungo, si asciuga rapidamente e si lava facilmente in lavatrice.<br \/>\nCompatto e funzionale, entra in qualsiasi zaino o borsa sportiva \u2013 perfetto per allenamenti intensi o avventure in natura.<\/p>\n","protected":false},"excerpt":{"rendered":"<p>Naturalmente morbido, ultraleggero e pensato per chi si muove \u2013 questo asciugamano in pura lana Merino \u00e8 il compagno perfetto per sport, corsa, trekking e viaggi. Grazie alle sue propriet\u00e0 antibatteriche e antiodore, resta fresco pi\u00f9 a lungo, si asciuga rapidamente e si lava facilmente in lavatrice. Compatto e funzionale, entra in qualsiasi zaino o [&hellip;]<\/p>\n","protected":false},"featured_media":97198,"template":"","meta":{"_acf_changed":false},"product_brand":[],"product_cat":[419,1000],"product_tag":[],"class_list":{"0":"post-98703","1":"product","2":"type-product","3":"status-publish","4":"has-post-thumbnail","6":"product_cat-donna","7":"product_cat-uomo","9":"first","10":"instock","11":"shipping-taxable","12":"purchasable","13":"product-type-variable","14":"has-default-attributes","15":"wvs-archive-product-wrapper"},"acf":[],"_links":{"self":[{"href":"https:\/\/www.wundersocks.com\/it\/wp-json\/wp\/v2\/product\/98703","targetHints":{"allow":["GET"]}}],"collection":[{"href":"https:\/\/www.wundersocks.com\/it\/wp-json\/wp\/v2\/product"}],"about":[{"href":"https:\/\/www.wundersocks.com\/it\/wp-json\/wp\/v2\/types\/product"}],"wp:featuredmedia":[{"embeddable":true,"href":"https:\/\/www.wundersocks.com\/it\/wp-json\/wp\/v2\/media\/97198"}],"wp:attachment":[{"href":"https:\/\/www.wundersocks.com\/it\/wp-json\/wp\/v2\/media?parent=98703"}],"wp:term":[{"taxonomy":"product_brand","embeddable":true,"href":"https:\/\/www.wundersocks.com\/it\/wp-json\/wp\/v2\/product_brand?post=98703"},{"taxonomy":"product_cat","embeddable":true,"href":"https:\/\/www.wundersocks.com\/it\/wp-json\/wp\/v2\/product_cat?post=98703"},{"taxonomy":"product_tag","embeddable":true,"href":"https:\/\/www.wundersocks.com\/it\/wp-json\/wp\/v2\/product_tag?post=98703"}],"curies":[{"name":"wp","href":"https:\/\/api.w.org\/{rel}","templated":true}]}}