{"id":98609,"date":"2025-05-14T10:09:53","date_gmt":"2025-05-14T08:09:53","guid":{"rendered":"https:\/\/www.wundersocks.com\/product\/asciugamano-in-lana-merino-leggero-per-bagno-spiaggia-fitness-e-outdoor\/"},"modified":"2025-06-13T08:47:06","modified_gmt":"2025-06-13T06:47:06","slug":"asciugamano-in-lana-merino-leggero-per-bagno-spiaggia-fitness-e-outdoor","status":"publish","type":"product","link":"https:\/\/www.wundersocks.com\/it\/prodotto\/asciugamano-in-lana-merino-leggero-per-bagno-spiaggia-fitness-e-outdoor\/","title":{"rendered":"Asciugamano in Lana Merino \u2013 Leggero, per Bagno, Spiaggia, Fitness e Outdoor"},"content":{"rendered":"<p><strong data-start=\"123\" data-end=\"276\">Scopri le prestazioni naturali della lana Merino in un asciugamano premium, perfetto per il bagno, la spiaggia, il fitness, le escursioni e i viaggi.<\/strong><br data-start=\"276\" data-end=\"279\" \/>Morbido, ultraleggero e altamente assorbente, si asciuga rapidamente e rimane fresco pi\u00f9 a lungo grazie alle sue propriet\u00e0 antibatteriche e antiodore naturali.<br data-start=\"438\" data-end=\"441\" \/>Compatto e versatile, questo asciugamano \u00e8 fatto per accompagnarti ovunque: in palestra, nella natura o durante un momento di relax in riva all\u2019acqua.<\/p>\n","protected":false},"excerpt":{"rendered":"<p>Scopri le prestazioni naturali della lana Merino in un asciugamano premium, perfetto per il bagno, la spiaggia, il fitness, le escursioni e i viaggi.Morbido, ultraleggero e altamente assorbente, si asciuga rapidamente e rimane fresco pi\u00f9 a lungo grazie alle sue propriet\u00e0 antibatteriche e antiodore naturali.Compatto e versatile, questo asciugamano \u00e8 fatto per accompagnarti ovunque: in [&hellip;]<\/p>\n","protected":false},"featured_media":97219,"template":"","meta":{"_acf_changed":false},"product_brand":[],"product_cat":[419,1000],"product_tag":[],"class_list":{"0":"post-98609","1":"product","2":"type-product","3":"status-publish","4":"has-post-thumbnail","6":"product_cat-donna","7":"product_cat-uomo","9":"first","10":"outofstock","11":"shipping-taxable","12":"purchasable","13":"product-type-variable","14":"has-default-attributes","15":"wvs-archive-product-wrapper"},"acf":[],"_links":{"self":[{"href":"https:\/\/www.wundersocks.com\/it\/wp-json\/wp\/v2\/product\/98609","targetHints":{"allow":["GET"]}}],"collection":[{"href":"https:\/\/www.wundersocks.com\/it\/wp-json\/wp\/v2\/product"}],"about":[{"href":"https:\/\/www.wundersocks.com\/it\/wp-json\/wp\/v2\/types\/product"}],"wp:featuredmedia":[{"embeddable":true,"href":"https:\/\/www.wundersocks.com\/it\/wp-json\/wp\/v2\/media\/97219"}],"wp:attachment":[{"href":"https:\/\/www.wundersocks.com\/it\/wp-json\/wp\/v2\/media?parent=98609"}],"wp:term":[{"taxonomy":"product_brand","embeddable":true,"href":"https:\/\/www.wundersocks.com\/it\/wp-json\/wp\/v2\/product_brand?post=98609"},{"taxonomy":"product_cat","embeddable":true,"href":"https:\/\/www.wundersocks.com\/it\/wp-json\/wp\/v2\/product_cat?post=98609"},{"taxonomy":"product_tag","embeddable":true,"href":"https:\/\/www.wundersocks.com\/it\/wp-json\/wp\/v2\/product_tag?post=98609"}],"curies":[{"name":"wp","href":"https:\/\/api.w.org\/{rel}","templated":true}]}}