{"id":9848,"date":"2023-08-10T03:15:30","date_gmt":"2023-08-10T01:15:30","guid":{"rendered":"https:\/\/www.wundersocks.com\/product\/extreme-long\/"},"modified":"2025-06-16T20:56:01","modified_gmt":"2025-06-16T18:56:01","slug":"extreme-long","status":"publish","type":"product","link":"https:\/\/www.wundersocks.com\/it\/prodotto\/extreme-long\/","title":{"rendered":"Calze da Caccia e Pesca in Lana Merino Extreme Long"},"content":{"rendered":"<p>Extreme Long sono calze da caccia e pesca in lana merino con imbottitura extra. Presentano propriet\u00e0 traspiranti e una miscela di merino antibatterica, che previene odori e prurito. La cucitura senza soluzione di continuit\u00e0 evita sfregamenti e vesciche. Possono essere indossate pi\u00f9 volte senza necessit\u00e0 di lavaggio.<\/p>\n","protected":false},"excerpt":{"rendered":"<p>Extreme Long sono calze da caccia e pesca in lana merino con imbottitura extra. Presentano propriet\u00e0 traspiranti e una miscela di merino antibatterica, che previene odori e prurito. La cucitura senza soluzione di continuit\u00e0 evita sfregamenti e vesciche. Possono essere indossate pi\u00f9 volte senza necessit\u00e0 di lavaggio.<\/p>\n","protected":false},"featured_media":4651,"template":"","meta":{"_acf_changed":false},"product_brand":[],"product_cat":[1000,109,484,127,133,419,473,483,491,494],"product_tag":[2017,1692,1947],"class_list":{"0":"post-9848","1":"product","2":"type-product","3":"status-publish","4":"has-post-thumbnail","6":"product_cat-uomo","7":"product_cat-uomo-calze-attivita","8":"product_cat-uomo-calze-lavoro","9":"product_cat-uomo-calze-lunghezza","10":"product_cat-uomo-calze-ginocchio","11":"product_cat-donna","12":"product_cat-donna-calze-attivita","13":"product_cat-donna-calze-lavoro","14":"product_cat-donna-calze-lunghezza","15":"product_cat-donna-calze-ginocchio","16":"product_tag-calzini-pesanti","17":"product_tag-lavoro","18":"product_tag-uso-intensivo","20":"first","21":"instock","22":"shipping-taxable","23":"purchasable","24":"product-type-variable","25":"has-default-attributes","26":"wvs-archive-product-wrapper"},"acf":[],"_links":{"self":[{"href":"https:\/\/www.wundersocks.com\/it\/wp-json\/wp\/v2\/product\/9848","targetHints":{"allow":["GET"]}}],"collection":[{"href":"https:\/\/www.wundersocks.com\/it\/wp-json\/wp\/v2\/product"}],"about":[{"href":"https:\/\/www.wundersocks.com\/it\/wp-json\/wp\/v2\/types\/product"}],"wp:featuredmedia":[{"embeddable":true,"href":"https:\/\/www.wundersocks.com\/it\/wp-json\/wp\/v2\/media\/4651"}],"wp:attachment":[{"href":"https:\/\/www.wundersocks.com\/it\/wp-json\/wp\/v2\/media?parent=9848"}],"wp:term":[{"taxonomy":"product_brand","embeddable":true,"href":"https:\/\/www.wundersocks.com\/it\/wp-json\/wp\/v2\/product_brand?post=9848"},{"taxonomy":"product_cat","embeddable":true,"href":"https:\/\/www.wundersocks.com\/it\/wp-json\/wp\/v2\/product_cat?post=9848"},{"taxonomy":"product_tag","embeddable":true,"href":"https:\/\/www.wundersocks.com\/it\/wp-json\/wp\/v2\/product_tag?post=9848"}],"curies":[{"name":"wp","href":"https:\/\/api.w.org\/{rel}","templated":true}]}}