{"id":9742,"date":"2023-08-10T02:44:11","date_gmt":"2023-08-10T00:44:11","guid":{"rendered":"https:\/\/www.wundersocks.com\/product\/go-extreme\/"},"modified":"2025-01-24T15:18:23","modified_gmt":"2025-01-24T14:18:23","slug":"calzini-da-lavoro-go-extreme","status":"publish","type":"product","link":"https:\/\/www.wundersocks.com\/it\/prodotto\/calzini-da-lavoro-go-extreme\/","title":{"rendered":"Calzini da Lavoro Go Extreme"},"content":{"rendered":"<p>Sappiamo che i tuoi piedi sono sottoposti a grande sforzo durante la giornata. Ecco perch\u00e9 abbiamo rinforzato queste calze da lavoro in lana Merino con un supporto extra nei punti giusti. La zona del piede, delle dita e del tallone \u00e8 stata attentamente ottimizzata per resistere a forti sollecitazioni, cos\u00ec che le tue calze non si consumino prima di te. D\u00ec addio a calze scomode e inadeguate che lasciano i tuoi piedi doloranti e stanchi.<\/p>\n","protected":false},"excerpt":{"rendered":"<p>Sappiamo che i tuoi piedi sono sottoposti a grande sforzo durante la giornata. Ecco perch\u00e9 abbiamo rinforzato queste calze da lavoro in lana Merino con un supporto extra nei punti giusti. La zona del piede, delle dita e del tallone \u00e8 stata attentamente ottimizzata per resistere a forti sollecitazioni, cos\u00ec che le tue calze non [&hellip;]<\/p>\n","protected":false},"featured_media":2023,"template":"","meta":{"_acf_changed":false},"product_brand":[],"product_cat":[1000,109,122,484,127,1165,419,473,481,483,491,492],"product_tag":[1585,1613,1692,1621],"class_list":{"0":"post-9742","1":"product","2":"type-product","3":"status-publish","4":"has-post-thumbnail","6":"product_cat-uomo","7":"product_cat-uomo-calze-attivita","8":"product_cat-uomo-calze-escursionismo-e-trekking","9":"product_cat-uomo-calze-lavoro","10":"product_cat-uomo-calze-lunghezza","11":"product_cat-uomo-calze-caviglia","12":"product_cat-donna","13":"product_cat-donna-calze-attivita","14":"product_cat-donna-calze-escursionismo-e-trekking","15":"product_cat-donna-calze-lavoro","16":"product_cat-donna-calze-lunghezza","17":"product_cat-donna-calze-caviglia","18":"product_tag-calzini-alla-caviglia","19":"product_tag-escursionismo","20":"product_tag-lavoro","21":"product_tag-tempo-libero","23":"first","24":"outofstock","25":"shipping-taxable","26":"purchasable","27":"product-type-variable","28":"has-default-attributes","29":"wvs-archive-product-wrapper"},"acf":[],"_links":{"self":[{"href":"https:\/\/www.wundersocks.com\/it\/wp-json\/wp\/v2\/product\/9742","targetHints":{"allow":["GET"]}}],"collection":[{"href":"https:\/\/www.wundersocks.com\/it\/wp-json\/wp\/v2\/product"}],"about":[{"href":"https:\/\/www.wundersocks.com\/it\/wp-json\/wp\/v2\/types\/product"}],"wp:featuredmedia":[{"embeddable":true,"href":"https:\/\/www.wundersocks.com\/it\/wp-json\/wp\/v2\/media\/2023"}],"wp:attachment":[{"href":"https:\/\/www.wundersocks.com\/it\/wp-json\/wp\/v2\/media?parent=9742"}],"wp:term":[{"taxonomy":"product_brand","embeddable":true,"href":"https:\/\/www.wundersocks.com\/it\/wp-json\/wp\/v2\/product_brand?post=9742"},{"taxonomy":"product_cat","embeddable":true,"href":"https:\/\/www.wundersocks.com\/it\/wp-json\/wp\/v2\/product_cat?post=9742"},{"taxonomy":"product_tag","embeddable":true,"href":"https:\/\/www.wundersocks.com\/it\/wp-json\/wp\/v2\/product_tag?post=9742"}],"curies":[{"name":"wp","href":"https:\/\/api.w.org\/{rel}","templated":true}]}}