{"id":92613,"date":"2025-01-08T11:39:33","date_gmt":"2025-01-08T10:59:59","guid":{"rendered":"https:\/\/www.wundersocks.com\/?post_type=product&#038;p=92613"},"modified":"2025-01-13T11:19:07","modified_gmt":"2025-01-13T10:19:07","slug":"biancheria-intima-termica-arila-dana","status":"publish","type":"product","link":"https:\/\/www.wundersocks.com\/it\/prodotto\/biancheria-intima-termica-arila-dana\/","title":{"rendered":"Set di biancheria intima termica in Merino per donna"},"content":{"rendered":"<p>Rimani calda e comoda con il nostro set di biancheria intima termica in Merino per donna. Realizzato in lana Merino di qualit\u00e0 premium al 100%, questo set \u00e8 ideale da indossare a strati durante le attivit\u00e0 all&#8217;aperto o come comodo abbigliamento da casa. Le propriet\u00e0 naturali traspiranti e anti-odore della lana Merino garantiscono freschezza e asciutto in ogni condizione. Progettato per una vestibilit\u00e0 elegante, il set include una maglia a maniche lunghe e leggings coordinati, offrendo calore eccezionale e libert\u00e0 di movimento.<\/p>\n","protected":false},"excerpt":{"rendered":"<p>Rimani calda e comoda con il nostro set di biancheria intima termica in Merino per donna. Realizzato in lana Merino di qualit\u00e0 premium al 100%, questo set \u00e8 ideale da indossare a strati durante le attivit\u00e0 all&#8217;aperto o come comodo abbigliamento da casa. Le propriet\u00e0 naturali traspiranti e anti-odore della lana Merino garantiscono freschezza e [&hellip;]<\/p>\n","protected":false},"featured_media":95733,"template":"","meta":{"_acf_changed":false},"product_brand":[],"product_cat":[512,2072,2028,419,515,517],"product_tag":[1632,1674,1631],"class_list":{"0":"post-92613","1":"product","2":"type-product","3":"status-publish","4":"has-post-thumbnail","6":"product_cat-donna-abbigliamento-merino","7":"product_cat-donna-baselayer","8":"product_cat-donna-biancheria-merino","9":"product_cat-donna","10":"product_cat-donna-maniche-lunghe","11":"product_cat-donna-pantaloni-e-leggings","12":"product_tag-intimo-in-merino","13":"product_tag-intimo-termico-it","14":"product_tag-legging-in-merino","16":"first","17":"instock","18":"sale","19":"shipping-taxable","20":"purchasable","21":"product-type-variable","22":"has-default-attributes","23":"wvs-archive-product-wrapper"},"acf":[],"_links":{"self":[{"href":"https:\/\/www.wundersocks.com\/it\/wp-json\/wp\/v2\/product\/92613","targetHints":{"allow":["GET"]}}],"collection":[{"href":"https:\/\/www.wundersocks.com\/it\/wp-json\/wp\/v2\/product"}],"about":[{"href":"https:\/\/www.wundersocks.com\/it\/wp-json\/wp\/v2\/types\/product"}],"wp:featuredmedia":[{"embeddable":true,"href":"https:\/\/www.wundersocks.com\/it\/wp-json\/wp\/v2\/media\/95733"}],"wp:attachment":[{"href":"https:\/\/www.wundersocks.com\/it\/wp-json\/wp\/v2\/media?parent=92613"}],"wp:term":[{"taxonomy":"product_brand","embeddable":true,"href":"https:\/\/www.wundersocks.com\/it\/wp-json\/wp\/v2\/product_brand?post=92613"},{"taxonomy":"product_cat","embeddable":true,"href":"https:\/\/www.wundersocks.com\/it\/wp-json\/wp\/v2\/product_cat?post=92613"},{"taxonomy":"product_tag","embeddable":true,"href":"https:\/\/www.wundersocks.com\/it\/wp-json\/wp\/v2\/product_tag?post=92613"}],"curies":[{"name":"wp","href":"https:\/\/api.w.org\/{rel}","templated":true}]}}