{"id":87507,"date":"2024-10-08T08:46:39","date_gmt":"2024-10-08T06:55:13","guid":{"rendered":"https:\/\/www.wundersocks.com\/?post_type=product&#038;p=87507"},"modified":"2024-10-08T08:55:16","modified_gmt":"2024-10-08T06:55:16","slug":"boxer-in-lana-merino-100-comfort-e-prestazioni-tutto-lanno-noro-6-pack","status":"publish","type":"product","link":"https:\/\/www.wundersocks.com\/it\/prodotto\/boxer-in-lana-merino-100-comfort-e-prestazioni-tutto-lanno-noro-6-pack\/","title":{"rendered":"Boxer in Lana Merino 100%: Comfort e Prestazioni tutto l&#8217;anno Noro 6-Pack"},"content":{"rendered":"<p>La nostra confezione da 6 boxer in lana merino 100% offre un comfort e una traspirabilit\u00e0 senza pari, mantenendoti fresco d&#8217;estate e caldo d&#8217;inverno. Grazie alla naturale resistenza agli odori e alla capacit\u00e0 di assorbire l&#8217;umidit\u00e0, sono la scelta perfetta per un utilizzo quotidiano, sia per le attivit\u00e0 all&#8217;aperto che per il relax.<\/p>\n","protected":false},"excerpt":{"rendered":"<p>La nostra confezione da 6 boxer in lana merino 100% offre un comfort e una traspirabilit\u00e0 senza pari, mantenendoti fresco d&#8217;estate e caldo d&#8217;inverno. Grazie alla naturale resistenza agli odori e alla capacit\u00e0 di assorbire l&#8217;umidit\u00e0, sono la scelta perfetta per un utilizzo quotidiano, sia per le attivit\u00e0 all&#8217;aperto che per il relax.<\/p>\n","protected":false},"featured_media":89123,"template":"","meta":{"_acf_changed":false},"product_brand":[],"product_cat":[1000,530,2025],"product_tag":[1632,1839,1841],"class_list":{"0":"post-87507","1":"product","2":"type-product","3":"status-publish","4":"has-post-thumbnail","6":"product_cat-uomo","7":"product_cat-uomo-abbigliamento-merino","8":"product_cat-uomo-biancheria-merino","9":"product_tag-intimo-in-merino","10":"product_tag-intimo-maschile","11":"product_tag-merino-boxer-briefs-it","13":"first","14":"instock","15":"sale","16":"shipping-taxable","17":"purchasable","18":"product-type-variable","19":"has-default-attributes","20":"wvs-archive-product-wrapper"},"acf":[],"_links":{"self":[{"href":"https:\/\/www.wundersocks.com\/it\/wp-json\/wp\/v2\/product\/87507","targetHints":{"allow":["GET"]}}],"collection":[{"href":"https:\/\/www.wundersocks.com\/it\/wp-json\/wp\/v2\/product"}],"about":[{"href":"https:\/\/www.wundersocks.com\/it\/wp-json\/wp\/v2\/types\/product"}],"wp:featuredmedia":[{"embeddable":true,"href":"https:\/\/www.wundersocks.com\/it\/wp-json\/wp\/v2\/media\/89123"}],"wp:attachment":[{"href":"https:\/\/www.wundersocks.com\/it\/wp-json\/wp\/v2\/media?parent=87507"}],"wp:term":[{"taxonomy":"product_brand","embeddable":true,"href":"https:\/\/www.wundersocks.com\/it\/wp-json\/wp\/v2\/product_brand?post=87507"},{"taxonomy":"product_cat","embeddable":true,"href":"https:\/\/www.wundersocks.com\/it\/wp-json\/wp\/v2\/product_cat?post=87507"},{"taxonomy":"product_tag","embeddable":true,"href":"https:\/\/www.wundersocks.com\/it\/wp-json\/wp\/v2\/product_tag?post=87507"}],"curies":[{"name":"wp","href":"https:\/\/api.w.org\/{rel}","templated":true}]}}