{"id":84030,"date":"2024-05-27T09:10:36","date_gmt":"2024-05-27T07:12:36","guid":{"rendered":"https:\/\/www.wundersocks.com\/?post_type=product&#038;p=84030"},"modified":"2026-03-03T14:39:32","modified_gmt":"2026-03-03T13:39:32","slug":"tank-top-in-lana-merino-per-le-donne-bara-4-pack","status":"publish","type":"product","link":"https:\/\/www.wundersocks.com\/it\/prodotto\/tank-top-in-lana-merino-per-le-donne-bara-4-pack\/","title":{"rendered":"Tank Top in lana merino per le donne Bara 4-Pack"},"content":{"rendered":"<p>Scopri il comfort e lo stile con il tank top in Lana Merino per le donne, una maglia intima di alta qualit\u00e0 che offre morbidezza, traspirabilit\u00e0 e versatilit\u00e0 senza pari. Realizzata in lana merino naturale al 100%, questa canotta \u00e8 l&#8217;aggiunta perfetta al tuo guardaroba, sia che tu stia stratificando per un&#8217;avventura all&#8217;aperto o cercando uno strato di base di lusso per l&#8217;uso quotidiano.<\/p>\n<p>Confezione da Quattro: Questo set include quattro canotte, offrendo un valore eccezionale e garantendo che tu abbia sempre un&#8217;opzione pulita e comoda a disposizione.<\/p>\n","protected":false},"excerpt":{"rendered":"<p>Scopri il comfort e lo stile con il tank top in Lana Merino per le donne, una maglia intima di alta qualit\u00e0 che offre morbidezza, traspirabilit\u00e0 e versatilit\u00e0 senza pari. Realizzata in lana merino naturale al 100%, questa canotta \u00e8 l&#8217;aggiunta perfetta al tuo guardaroba, sia che tu stia stratificando per un&#8217;avventura all&#8217;aperto o cercando [&hellip;]<\/p>\n","protected":false},"featured_media":7542,"template":"","meta":{"_acf_changed":false},"product_brand":[],"product_cat":[512,2072,2028,513,419,514,2300],"product_tag":[1574,1847,1605,1634,1580],"class_list":{"0":"post-84030","1":"product","2":"type-product","3":"status-publish","4":"has-post-thumbnail","6":"product_cat-donna-abbigliamento-merino","7":"product_cat-donna-baselayer","8":"product_cat-donna-biancheria-merino","9":"product_cat-donne-canotte-e-sottovesti","10":"product_cat-donna","11":"product_cat-donna-magliette","12":"product_cat-summer-essentials","13":"product_tag-base-layer-it","14":"product_tag-canotta","15":"product_tag-extra-sottile","16":"product_tag-maglia-in-lana-merino","17":"product_tag-quotidianita","19":"first","20":"instock","21":"sale","22":"shipping-taxable","23":"purchasable","24":"product-type-variable","25":"has-default-attributes","26":"wvs-archive-product-wrapper"},"acf":[],"_links":{"self":[{"href":"https:\/\/www.wundersocks.com\/it\/wp-json\/wp\/v2\/product\/84030","targetHints":{"allow":["GET"]}}],"collection":[{"href":"https:\/\/www.wundersocks.com\/it\/wp-json\/wp\/v2\/product"}],"about":[{"href":"https:\/\/www.wundersocks.com\/it\/wp-json\/wp\/v2\/types\/product"}],"wp:featuredmedia":[{"embeddable":true,"href":"https:\/\/www.wundersocks.com\/it\/wp-json\/wp\/v2\/media\/7542"}],"wp:attachment":[{"href":"https:\/\/www.wundersocks.com\/it\/wp-json\/wp\/v2\/media?parent=84030"}],"wp:term":[{"taxonomy":"product_brand","embeddable":true,"href":"https:\/\/www.wundersocks.com\/it\/wp-json\/wp\/v2\/product_brand?post=84030"},{"taxonomy":"product_cat","embeddable":true,"href":"https:\/\/www.wundersocks.com\/it\/wp-json\/wp\/v2\/product_cat?post=84030"},{"taxonomy":"product_tag","embeddable":true,"href":"https:\/\/www.wundersocks.com\/it\/wp-json\/wp\/v2\/product_tag?post=84030"}],"curies":[{"name":"wp","href":"https:\/\/api.w.org\/{rel}","templated":true}]}}