{"id":83411,"date":"2024-05-07T15:24:46","date_gmt":"2024-05-07T13:26:46","guid":{"rendered":"https:\/\/www.wundersocks.com\/?post_type=product&#038;p=83411"},"modified":"2024-10-29T14:18:59","modified_gmt":"2024-10-29T13:18:59","slug":"calzini-da-lavoro-8-pack-extreme","status":"publish","type":"product","link":"https:\/\/www.wundersocks.com\/it\/prodotto\/calzini-da-lavoro-8-pack-extreme\/","title":{"rendered":"Calzini da Lavoro 8-Pack Extreme"},"content":{"rendered":"<p>Presentiamo la nostra ultima innovazione in termini di comfort e durata: il Pacco da 8 paia di Calzini da Lavoro Pesanti in Lana Merino. Realizzati con precisione e progettati per l&#8217;eccellenza, questi calzini sono il tuo compagno definitivo per ambienti di lavoro impegnativi, avventure all&#8217;aperto e altro ancora.<\/p>\n<p>Progettati per affrontare le sfide pi\u00f9 difficili, ogni calzino in questo pacco da 8 \u00e8 realizzato in pregiata lana merino, rinomata per le sue propriet\u00e0 naturali di isolamento e capacit\u00e0 di assorbimento dell&#8217;umidit\u00e0. Che tu stia attraversando paesaggi accidentati o trascorrendo lunghe ore in piedi, questi calzini ti mantengono caldo quando fa freddo e fresco quando fa caldo.<\/p>\n","protected":false},"excerpt":{"rendered":"<p>Presentiamo la nostra ultima innovazione in termini di comfort e durata: il Pacco da 8 paia di Calzini da Lavoro Pesanti in Lana Merino. Realizzati con precisione e progettati per l&#8217;eccellenza, questi calzini sono il tuo compagno definitivo per ambienti di lavoro impegnativi, avventure all&#8217;aperto e altro ancora. Progettati per affrontare le sfide pi\u00f9 difficili, [&hellip;]<\/p>\n","protected":false},"featured_media":83551,"template":"","meta":{"_acf_changed":false},"product_brand":[],"product_cat":[1000,109,484,127,499,419,483,491,895],"product_tag":[2017,1692,1957,1947],"class_list":{"0":"post-83411","1":"product","2":"type-product","3":"status-publish","4":"has-post-thumbnail","6":"product_cat-uomo","7":"product_cat-uomo-calze-attivita","8":"product_cat-uomo-calze-lavoro","9":"product_cat-uomo-calze-lunghezza","10":"product_cat-uomo-calze-polpaccio","11":"product_cat-donna","12":"product_cat-donna-calze-lavoro","13":"product_cat-donna-calze-lunghezza","14":"product_cat-donna-calze-polpaccio","15":"product_tag-calzini-pesanti","16":"product_tag-lavoro","17":"product_tag-scarpa-con-punta-in-acciaio","18":"product_tag-uso-intensivo","20":"first","21":"instock","22":"sale","23":"shipping-taxable","24":"purchasable","25":"product-type-variable","26":"has-default-attributes","27":"wvs-archive-product-wrapper"},"acf":[],"_links":{"self":[{"href":"https:\/\/www.wundersocks.com\/it\/wp-json\/wp\/v2\/product\/83411","targetHints":{"allow":["GET"]}}],"collection":[{"href":"https:\/\/www.wundersocks.com\/it\/wp-json\/wp\/v2\/product"}],"about":[{"href":"https:\/\/www.wundersocks.com\/it\/wp-json\/wp\/v2\/types\/product"}],"wp:featuredmedia":[{"embeddable":true,"href":"https:\/\/www.wundersocks.com\/it\/wp-json\/wp\/v2\/media\/83551"}],"wp:attachment":[{"href":"https:\/\/www.wundersocks.com\/it\/wp-json\/wp\/v2\/media?parent=83411"}],"wp:term":[{"taxonomy":"product_brand","embeddable":true,"href":"https:\/\/www.wundersocks.com\/it\/wp-json\/wp\/v2\/product_brand?post=83411"},{"taxonomy":"product_cat","embeddable":true,"href":"https:\/\/www.wundersocks.com\/it\/wp-json\/wp\/v2\/product_cat?post=83411"},{"taxonomy":"product_tag","embeddable":true,"href":"https:\/\/www.wundersocks.com\/it\/wp-json\/wp\/v2\/product_tag?post=83411"}],"curies":[{"name":"wp","href":"https:\/\/api.w.org\/{rel}","templated":true}]}}