{"id":82673,"date":"2024-05-07T15:55:33","date_gmt":"2024-05-07T13:56:54","guid":{"rendered":"https:\/\/www.wundersocks.com\/?post_type=product&#038;p=82673"},"modified":"2024-05-07T16:30:22","modified_gmt":"2024-05-07T14:30:22","slug":"calze-da-lavoro-in-lana-merino-go-extreme-8-pack","status":"publish","type":"product","link":"https:\/\/www.wundersocks.com\/it\/prodotto\/calze-da-lavoro-in-lana-merino-go-extreme-8-pack\/","title":{"rendered":"Calzini da Lavoro in Lana Merino Go Extreme 8-Pack"},"content":{"rendered":"<p>Aumenta il comfort sul lavoro con i nostri calzini da lavoro in lana merino Wundersocks in confezione da 8. Realizzati in pregiata lana merino, questi calzini sono progettati per mantenere i tuoi piedi comodi e supportati durante le giornate lavorative pi\u00f9 intense.<\/p>\n<p>Realizzati con fibre di lana merino ultra-soffici, questi calzini offrono un comfort impareggiabile, mantenendo allo stesso tempo traspirabilit\u00e0 e capacit\u00e0 di assorbimento dell&#8217;umidit\u00e0. D\u00ec addio ai piedi sudati e ai disagi, perch\u00e9 questi calzini garantiscono una sensazione di asciutto e freschezza, indipendentemente dalla durata della tua giornata lavorativa.<\/p>\n","protected":false},"excerpt":{"rendered":"<p>Aumenta il comfort sul lavoro con i nostri calzini da lavoro in lana merino Wundersocks in confezione da 8. Realizzati in pregiata lana merino, questi calzini sono progettati per mantenere i tuoi piedi comodi e supportati durante le giornate lavorative pi\u00f9 intense. Realizzati con fibre di lana merino ultra-soffici, questi calzini offrono un comfort impareggiabile, [&hellip;]<\/p>\n","protected":false},"featured_media":83431,"template":"","meta":{"_acf_changed":false},"product_brand":[],"product_cat":[473,109,1165,492,419,483,484,127,491,1000],"product_tag":[1577,1613,1692,1580,1621],"class_list":{"0":"post-82673","1":"product","2":"type-product","3":"status-publish","4":"has-post-thumbnail","6":"product_cat-donna-calze-attivita","7":"product_cat-uomo-calze-attivita","8":"product_cat-uomo-calze-caviglia","9":"product_cat-donna-calze-caviglia","10":"product_cat-donna","11":"product_cat-donna-calze-lavoro","12":"product_cat-uomo-calze-lavoro","13":"product_cat-uomo-calze-lunghezza","14":"product_cat-donna-calze-lunghezza","15":"product_cat-uomo","16":"product_tag-ciclismo-it","17":"product_tag-escursionismo","18":"product_tag-lavoro","19":"product_tag-quotidianita","20":"product_tag-tempo-libero","22":"first","23":"outofstock","24":"sale","25":"shipping-taxable","26":"purchasable","27":"product-type-variable","28":"has-default-attributes","29":"wvs-archive-product-wrapper"},"acf":[],"_links":{"self":[{"href":"https:\/\/www.wundersocks.com\/it\/wp-json\/wp\/v2\/product\/82673","targetHints":{"allow":["GET"]}}],"collection":[{"href":"https:\/\/www.wundersocks.com\/it\/wp-json\/wp\/v2\/product"}],"about":[{"href":"https:\/\/www.wundersocks.com\/it\/wp-json\/wp\/v2\/types\/product"}],"wp:featuredmedia":[{"embeddable":true,"href":"https:\/\/www.wundersocks.com\/it\/wp-json\/wp\/v2\/media\/83431"}],"wp:attachment":[{"href":"https:\/\/www.wundersocks.com\/it\/wp-json\/wp\/v2\/media?parent=82673"}],"wp:term":[{"taxonomy":"product_brand","embeddable":true,"href":"https:\/\/www.wundersocks.com\/it\/wp-json\/wp\/v2\/product_brand?post=82673"},{"taxonomy":"product_cat","embeddable":true,"href":"https:\/\/www.wundersocks.com\/it\/wp-json\/wp\/v2\/product_cat?post=82673"},{"taxonomy":"product_tag","embeddable":true,"href":"https:\/\/www.wundersocks.com\/it\/wp-json\/wp\/v2\/product_tag?post=82673"}],"curies":[{"name":"wp","href":"https:\/\/api.w.org\/{rel}","templated":true}]}}