{"id":15414,"date":"2023-08-19T14:50:13","date_gmt":"2023-08-19T12:50:13","guid":{"rendered":"https:\/\/www.wundersocks.com\/product\/ellbogenschoner-aus-merinowolle-2-st\/"},"modified":"2026-03-06T12:48:35","modified_gmt":"2026-03-06T11:48:35","slug":"ellbogenschoner-aus-merinowolle-2-st","status":"publish","type":"product","link":"https:\/\/www.wundersocks.com\/it\/prodotto\/ellbogenschoner-aus-merinowolle-2-st\/","title":{"rendered":"Gomitiere in Lana Merino 2-Pack"},"content":{"rendered":"<p>Scopri i nostri Gomitiere in Lana Merino, venduti in pratici pacchi da 2 per una doppia protezione. Realizzati con lana Merino di alta qualit\u00e0, mantengono i gomiti asciutti e comodi, offrendo una perfetta vestibilit\u00e0 e libert\u00e0 di movimento. Perfetti per chi cerca qualit\u00e0 e prestazioni. Essenziali per ogni attivit\u00e0!<\/p>\n","protected":false},"excerpt":{"rendered":"<p>Scopri i nostri Gomitiere in Lana Merino, venduti in pratici pacchi da 2 per una doppia protezione. Realizzati con lana Merino di alta qualit\u00e0, mantengono i gomiti asciutti e comodi, offrendo una perfetta vestibilit\u00e0 e libert\u00e0 di movimento. Perfetti per chi cerca qualit\u00e0 e prestazioni. Essenziali per ogni attivit\u00e0!<\/p>\n","protected":false},"featured_media":8217,"template":"","meta":{"_acf_changed":false},"product_brand":[2212],"product_cat":[2282,1000,1058,2192,419,1057],"product_tag":[2194,2195,2196],"class_list":{"0":"post-15414","1":"product","2":"type-product","3":"status-publish","4":"has-post-thumbnail","6":"product_brand-wunderfit","7":"product_cat-sollievo-recupero","8":"product_cat-uomo","9":"product_cat-uomo-riabilitazione-e-salute","10":"product_cat-uomo-sollievo-e-recupero-donna-ginocchia-caviglie-gomiti-e-polsiere","11":"product_cat-donna","12":"product_cat-donna-riabilitazione-e-salute","13":"product_tag-guard-it","14":"product_tag-merino-wool-guard-it","15":"product_tag-merino-wool-warmer-it","17":"first","18":"instock","19":"sale","20":"shipping-taxable","21":"purchasable","22":"product-type-variable","23":"has-default-attributes","24":"wvs-archive-product-wrapper"},"acf":[],"_links":{"self":[{"href":"https:\/\/www.wundersocks.com\/it\/wp-json\/wp\/v2\/product\/15414","targetHints":{"allow":["GET"]}}],"collection":[{"href":"https:\/\/www.wundersocks.com\/it\/wp-json\/wp\/v2\/product"}],"about":[{"href":"https:\/\/www.wundersocks.com\/it\/wp-json\/wp\/v2\/types\/product"}],"wp:featuredmedia":[{"embeddable":true,"href":"https:\/\/www.wundersocks.com\/it\/wp-json\/wp\/v2\/media\/8217"}],"wp:attachment":[{"href":"https:\/\/www.wundersocks.com\/it\/wp-json\/wp\/v2\/media?parent=15414"}],"wp:term":[{"taxonomy":"product_brand","embeddable":true,"href":"https:\/\/www.wundersocks.com\/it\/wp-json\/wp\/v2\/product_brand?post=15414"},{"taxonomy":"product_cat","embeddable":true,"href":"https:\/\/www.wundersocks.com\/it\/wp-json\/wp\/v2\/product_cat?post=15414"},{"taxonomy":"product_tag","embeddable":true,"href":"https:\/\/www.wundersocks.com\/it\/wp-json\/wp\/v2\/product_tag?post=15414"}],"curies":[{"name":"wp","href":"https:\/\/api.w.org\/{rel}","templated":true}]}}