{"id":14715,"date":"2023-08-17T14:51:19","date_gmt":"2023-08-17T12:51:19","guid":{"rendered":"https:\/\/www.wundersocks.com\/product\/wundersole\/"},"modified":"2026-03-21T10:58:41","modified_gmt":"2026-03-21T09:58:41","slug":"wundersole","status":"publish","type":"product","link":"https:\/\/www.wundersocks.com\/it\/prodotto\/wundersole\/","title":{"rendered":"Wundersole: Soletta per Ammortizzazione Ottimale"},"content":{"rendered":"<p>Soffri di speroni calcanei? Trovi difficile camminare o stare in piedi per lunghi periodi? Se s\u00ec, non sei solo. Gli speroni calcanei sono un problema comune che pu\u00f2 causare dolore e disagio. Ma c&#8217;\u00e8 una buona notizia: i soletti Wundersole possono aiutare. I soletti Wundersole sono realizzati con un mix unico di materiali che offrono un&#8217;ammortizzazione e un supporto superiori. Dispongono anche di materiale antiscivolo Alcantara e di fori e prese d&#8217;aria che migliorano la circolazione dell&#8217;aria all&#8217;interno della scarpa e ne promuovono.<\/p>\n","protected":false},"excerpt":{"rendered":"<p>Soffri di speroni calcanei? Trovi difficile camminare o stare in piedi per lunghi periodi? Se s\u00ec, non sei solo. Gli speroni calcanei sono un problema comune che pu\u00f2 causare dolore e disagio. Ma c&#8217;\u00e8 una buona notizia: i soletti Wundersole possono aiutare. I soletti Wundersole sono realizzati con un mix unico di materiali che offrono [&hellip;]<\/p>\n","protected":false},"featured_media":6677,"template":"","meta":{"_acf_changed":false},"product_brand":[],"product_cat":[419,2280,2281,1164,105,1965,101,1163,1000],"product_tag":[1893,1899,1897,1901,1895],"class_list":{"0":"post-14715","1":"product","2":"type-product","3":"status-publish","4":"has-post-thumbnail","6":"product_cat-donna","7":"product_cat-idee-regalo-per-lui-per-san-valentino","8":"product_cat-idee-regalo-per-san-valentino","9":"product_cat-donna-plantari","10":"product_cat-uomo-plantari","11":"product_cat-regali-per-la-festa-della-mamma","12":"product_cat-uomo-scarpe-e-plantari","13":"product_cat-donna-scarpe-e-plantari","14":"product_cat-uomo","15":"product_tag-relief-per-i-piedi","16":"product_tag-soletta","17":"product_tag-sperone-calcaneare","18":"product_tag-suola-interna","19":"product_tag-supporto-per-i-piedi","21":"first","22":"instock","23":"shipping-taxable","24":"purchasable","25":"product-type-variable","26":"has-default-attributes","27":"wvs-archive-product-wrapper"},"acf":[],"_links":{"self":[{"href":"https:\/\/www.wundersocks.com\/it\/wp-json\/wp\/v2\/product\/14715","targetHints":{"allow":["GET"]}}],"collection":[{"href":"https:\/\/www.wundersocks.com\/it\/wp-json\/wp\/v2\/product"}],"about":[{"href":"https:\/\/www.wundersocks.com\/it\/wp-json\/wp\/v2\/types\/product"}],"wp:featuredmedia":[{"embeddable":true,"href":"https:\/\/www.wundersocks.com\/it\/wp-json\/wp\/v2\/media\/6677"}],"wp:attachment":[{"href":"https:\/\/www.wundersocks.com\/it\/wp-json\/wp\/v2\/media?parent=14715"}],"wp:term":[{"taxonomy":"product_brand","embeddable":true,"href":"https:\/\/www.wundersocks.com\/it\/wp-json\/wp\/v2\/product_brand?post=14715"},{"taxonomy":"product_cat","embeddable":true,"href":"https:\/\/www.wundersocks.com\/it\/wp-json\/wp\/v2\/product_cat?post=14715"},{"taxonomy":"product_tag","embeddable":true,"href":"https:\/\/www.wundersocks.com\/it\/wp-json\/wp\/v2\/product_tag?post=14715"}],"curies":[{"name":"wp","href":"https:\/\/api.w.org\/{rel}","templated":true}]}}