{"id":14686,"date":"2023-08-19T13:35:37","date_gmt":"2023-08-19T11:35:37","guid":{"rendered":"https:\/\/www.wundersocks.com\/product\/rotolo-per-il-tendine-dachille\/"},"modified":"2026-03-06T13:47:27","modified_gmt":"2026-03-06T12:47:27","slug":"rotolo-per-il-tendine-dachille","status":"publish","type":"product","link":"https:\/\/www.wundersocks.com\/it\/prodotto\/rotolo-per-il-tendine-dachille\/","title":{"rendered":"Rotolo per il tendine d&#8217;Achille"},"content":{"rendered":"<p>Questo rullo da massaggio \u00e8 specifico per il tendine d&#8217;Achille. Il tendine d&#8217;Achille, in quanto tendine pi\u00f9 forte del corpo umano, dovrebbe essere massaggiato e mantenuto elastico. Si attacca all&#8217;osso del tallone e risale lungo la parte inferiore della gamba. Grazie alla forma unica del Wildf\u00fcssler Flex, \u00e8 possibile raggiungere il tessuto pi\u00f9 profondo lungo il tendine d&#8217;Achille senza affaticare la caviglia.<\/p>\n","protected":false},"excerpt":{"rendered":"<p>Questo rullo da massaggio \u00e8 specifico per il tendine d&#8217;Achille. Il tendine d&#8217;Achille, in quanto tendine pi\u00f9 forte del corpo umano, dovrebbe essere massaggiato e mantenuto elastico. Si attacca all&#8217;osso del tallone e risale lungo la parte inferiore della gamba. Grazie alla forma unica del Wildf\u00fcssler Flex, \u00e8 possibile raggiungere il tessuto pi\u00f9 profondo lungo [&hellip;]<\/p>\n","protected":false},"featured_media":6278,"template":"","meta":{"_acf_changed":false},"product_brand":[],"product_cat":[2282,1965,1000,1058,1053,419,1057,1060],"product_tag":[],"class_list":{"0":"post-14686","1":"product","2":"type-product","3":"status-publish","4":"has-post-thumbnail","6":"product_cat-sollievo-recupero","7":"product_cat-regali-per-la-festa-della-mamma","8":"product_cat-uomo","9":"product_cat-uomo-riabilitazione-e-salute","10":"product_cat-uomo-rullo-massaggiapiedi-di-legno","11":"product_cat-donna","12":"product_cat-donna-riabilitazione-e-salute","13":"product_cat-donna-rullo-massaggiapiedi","15":"first","16":"instock","17":"shipping-taxable","18":"purchasable","19":"product-type-simple"},"acf":[],"_links":{"self":[{"href":"https:\/\/www.wundersocks.com\/it\/wp-json\/wp\/v2\/product\/14686","targetHints":{"allow":["GET"]}}],"collection":[{"href":"https:\/\/www.wundersocks.com\/it\/wp-json\/wp\/v2\/product"}],"about":[{"href":"https:\/\/www.wundersocks.com\/it\/wp-json\/wp\/v2\/types\/product"}],"wp:featuredmedia":[{"embeddable":true,"href":"https:\/\/www.wundersocks.com\/it\/wp-json\/wp\/v2\/media\/6278"}],"wp:attachment":[{"href":"https:\/\/www.wundersocks.com\/it\/wp-json\/wp\/v2\/media?parent=14686"}],"wp:term":[{"taxonomy":"product_brand","embeddable":true,"href":"https:\/\/www.wundersocks.com\/it\/wp-json\/wp\/v2\/product_brand?post=14686"},{"taxonomy":"product_cat","embeddable":true,"href":"https:\/\/www.wundersocks.com\/it\/wp-json\/wp\/v2\/product_cat?post=14686"},{"taxonomy":"product_tag","embeddable":true,"href":"https:\/\/www.wundersocks.com\/it\/wp-json\/wp\/v2\/product_tag?post=14686"}],"curies":[{"name":"wp","href":"https:\/\/api.w.org\/{rel}","templated":true}]}}