{"id":14659,"date":"2023-08-19T14:35:32","date_gmt":"2023-08-19T12:35:32","guid":{"rendered":"https:\/\/www.wundersocks.com\/product\/coprimani-in-lana-merino-1-pz\/"},"modified":"2026-03-06T12:57:14","modified_gmt":"2026-03-06T11:57:14","slug":"coprimani-in-lana-merino-1-pz","status":"publish","type":"product","link":"https:\/\/www.wundersocks.com\/it\/prodotto\/coprimani-in-lana-merino-1-pz\/","title":{"rendered":"Coprimani in lana Merino (1 pz.)"},"content":{"rendered":"<p>I nostri guanti protettivi in lana merino offrono il massimo comfort e protezione per le tue mani. Realizzati in pregiata lana merino, mantengono le mani calde e asciutte, mentre allontanano l&#8217;umidit\u00e0 per garantire comfort in ogni situazione. La morbida vestibilit\u00e0 ergonomica assicura una piacevole sensazione di indossamento e libert\u00e0 di movimento. Che tu sia attivo o in riposo, i nostri guanti protettivi in lana merino sono la scelta perfetta per chi apprezza qualit\u00e0 e prestazioni. Concediti il meglio per le tue mani con i nostri guanti protettivi in lana merino!<\/p>\n","protected":false},"excerpt":{"rendered":"<p>I nostri guanti protettivi in lana merino offrono il massimo comfort e protezione per le tue mani. Realizzati in pregiata lana merino, mantengono le mani calde e asciutte, mentre allontanano l&#8217;umidit\u00e0 per garantire comfort in ogni situazione. La morbida vestibilit\u00e0 ergonomica assicura una piacevole sensazione di indossamento e libert\u00e0 di movimento. Che tu sia attivo [&hellip;]<\/p>\n","protected":false},"featured_media":8259,"template":"","meta":{"_acf_changed":false},"product_brand":[2212],"product_cat":[2282,1000,1058,2192,419,1057],"product_tag":[2194,2195,2196],"class_list":{"0":"post-14659","1":"product","2":"type-product","3":"status-publish","4":"has-post-thumbnail","6":"product_brand-wunderfit","7":"product_cat-sollievo-recupero","8":"product_cat-uomo","9":"product_cat-uomo-riabilitazione-e-salute","10":"product_cat-uomo-sollievo-e-recupero-donna-ginocchia-caviglie-gomiti-e-polsiere","11":"product_cat-donna","12":"product_cat-donna-riabilitazione-e-salute","13":"product_tag-guard-it","14":"product_tag-merino-wool-guard-it","15":"product_tag-merino-wool-warmer-it","17":"first","18":"instock","19":"shipping-taxable","20":"purchasable","21":"product-type-variable","22":"has-default-attributes","23":"wvs-archive-product-wrapper"},"acf":[],"_links":{"self":[{"href":"https:\/\/www.wundersocks.com\/it\/wp-json\/wp\/v2\/product\/14659","targetHints":{"allow":["GET"]}}],"collection":[{"href":"https:\/\/www.wundersocks.com\/it\/wp-json\/wp\/v2\/product"}],"about":[{"href":"https:\/\/www.wundersocks.com\/it\/wp-json\/wp\/v2\/types\/product"}],"wp:featuredmedia":[{"embeddable":true,"href":"https:\/\/www.wundersocks.com\/it\/wp-json\/wp\/v2\/media\/8259"}],"wp:attachment":[{"href":"https:\/\/www.wundersocks.com\/it\/wp-json\/wp\/v2\/media?parent=14659"}],"wp:term":[{"taxonomy":"product_brand","embeddable":true,"href":"https:\/\/www.wundersocks.com\/it\/wp-json\/wp\/v2\/product_brand?post=14659"},{"taxonomy":"product_cat","embeddable":true,"href":"https:\/\/www.wundersocks.com\/it\/wp-json\/wp\/v2\/product_cat?post=14659"},{"taxonomy":"product_tag","embeddable":true,"href":"https:\/\/www.wundersocks.com\/it\/wp-json\/wp\/v2\/product_tag?post=14659"}],"curies":[{"name":"wp","href":"https:\/\/api.w.org\/{rel}","templated":true}]}}