{"id":11914,"date":"2023-08-19T16:39:30","date_gmt":"2023-08-19T14:39:30","guid":{"rendered":"https:\/\/www.wundersocks.com\/product\/simon\/"},"modified":"2026-02-26T10:03:38","modified_gmt":"2026-02-26T09:03:38","slug":"beanie-in-lana-merino-simon","status":"publish","type":"product","link":"https:\/\/www.wundersocks.com\/it\/prodotto\/beanie-in-lana-merino-simon\/","title":{"rendered":"Beanie in Lana Merino Comfort e Stile in Ogni Stagione &#8211; Simon"},"content":{"rendered":"<p>Il Beanie in lana merino Simon \u00e8 ultra-leggero e ultra-morbido, realizzato in lana merino al 100% che assorbe l&#8217;umidit\u00e0, offrendo il massimo comfort. Questo Beanie \u00e8 un talento tuttofare che ti tiene ben equipaggiato in qualsiasi stagione. La lana merino si adatta a tutte le temperature, offrendo protezione solare e un effetto rinfrescante quando fa caldo, e mantenendoti caldo quando fa freddo. Resistente ai batteri che causano cattivi odori, pu\u00f2 essere indossato pi\u00f9 volte senza essere lavato. Perfetto per sport e tempo libero, il nostro berretto Wunderfit con logo alla moda garantisce una sensazione di benessere.<\/p>\n","protected":false},"excerpt":{"rendered":"<p>Il Beanie in lana merino Simon \u00e8 ultra-leggero e ultra-morbido, realizzato in lana merino al 100% che assorbe l&#8217;umidit\u00e0, offrendo il massimo comfort. Questo Beanie \u00e8 un talento tuttofare che ti tiene ben equipaggiato in qualsiasi stagione. La lana merino si adatta a tutte le temperature, offrendo protezione solare e un effetto rinfrescante quando fa [&hellip;]<\/p>\n","protected":false},"featured_media":8448,"template":"","meta":{"_acf_changed":false},"product_brand":[2212],"product_cat":[512,530,1996,1997,419,535,519,1000],"product_tag":[1595,1851,1577,1583,1853],"class_list":{"0":"post-11914","1":"product","2":"type-product","3":"status-publish","4":"has-post-thumbnail","6":"product_brand-wunderfit","7":"product_cat-donna-abbigliamento-merino","8":"product_cat-uomo-abbigliamento-merino","9":"product_cat-uomo-cappelli-sciarpe","10":"product_cat-donna-cappelli-e-sciarpe","11":"product_cat-donna","12":"product_cat-uomo-fascette-e-berretti","13":"product_cat-donna-fascette-e-berretti","14":"product_cat-uomo","15":"product_tag-beanie-it","16":"product_tag-cappello-in-lana-merino","17":"product_tag-ciclismo-it","18":"product_tag-corsa","19":"product_tag-lana-merino-sottile","21":"first","22":"outofstock","23":"shipping-taxable","24":"purchasable","25":"product-type-variable","26":"has-default-attributes","27":"wvs-archive-product-wrapper"},"acf":[],"_links":{"self":[{"href":"https:\/\/www.wundersocks.com\/it\/wp-json\/wp\/v2\/product\/11914","targetHints":{"allow":["GET"]}}],"collection":[{"href":"https:\/\/www.wundersocks.com\/it\/wp-json\/wp\/v2\/product"}],"about":[{"href":"https:\/\/www.wundersocks.com\/it\/wp-json\/wp\/v2\/types\/product"}],"wp:featuredmedia":[{"embeddable":true,"href":"https:\/\/www.wundersocks.com\/it\/wp-json\/wp\/v2\/media\/8448"}],"wp:attachment":[{"href":"https:\/\/www.wundersocks.com\/it\/wp-json\/wp\/v2\/media?parent=11914"}],"wp:term":[{"taxonomy":"product_brand","embeddable":true,"href":"https:\/\/www.wundersocks.com\/it\/wp-json\/wp\/v2\/product_brand?post=11914"},{"taxonomy":"product_cat","embeddable":true,"href":"https:\/\/www.wundersocks.com\/it\/wp-json\/wp\/v2\/product_cat?post=11914"},{"taxonomy":"product_tag","embeddable":true,"href":"https:\/\/www.wundersocks.com\/it\/wp-json\/wp\/v2\/product_tag?post=11914"}],"curies":[{"name":"wp","href":"https:\/\/api.w.org\/{rel}","templated":true}]}}