{"id":110401,"date":"2026-03-23T11:49:54","date_gmt":"2026-03-23T10:55:06","guid":{"rendered":"https:\/\/www.wundersocks.com\/?post_type=product&#038;p=110401"},"modified":"2026-03-23T11:55:07","modified_gmt":"2026-03-23T10:55:07","slug":"calze-a-compressione-in-lana-merino-per-corsa-sci-e-sport-allaperto-2-pack","status":"publish","type":"product","link":"https:\/\/www.wundersocks.com\/it\/prodotto\/calze-a-compressione-in-lana-merino-per-corsa-sci-e-sport-allaperto-2-pack\/","title":{"rendered":"Calze a compressione in lana merino per corsa, sci e sport all\u2019aperto &#8211; 2 Pack"},"content":{"rendered":"<p><strong>Massime prestazioni, recupero naturale. Ora raddoppia i benefici.<\/strong><\/p>\n<p>Il nostro Pacchetto da 2 di Calze a Compressione in Lana Merino unisce il potere della compressione con gli ineguagliabili benefici della lana Merino, offrendoti un paio di riserva per prestazioni continue. Progettate per gli atleti che esigono di pi\u00f9: pi\u00f9 resistenza, pi\u00f9 comfort, meno fatica.<\/p>\n<p><strong>Perch\u00e9 compressione + Merino?<\/strong><\/p>\n<p>Mentre la compressione stabilizza i tuoi muscoli, aumenta la circolazione sanguigna e riduce il gonfiore, la lana Merino assicura un clima perfetto per i tuoi piedi. Nessun surriscaldamento, nessun accumulo di umidit\u00e0, nessun odore \u2013 solo prestazioni pure, giorno dopo giorno, con il tuo pratico pacchetto da due.<\/p>\n<p><strong>Dall&#8217;allenamento per la maratona alle piste da sci e ai sentieri accidentati<\/strong> \u2013 le Calze a Compressione in Merino ti sostengono dove i calzini ordinari falliscono. Senza vesciche, senza odore e sempre pronte per la tua prossima avventura.<\/p>\n<p>Prodotte in Italia. Indossate dagli atleti. Scelte dagli avventurieri.<\/p>\n","protected":false},"excerpt":{"rendered":"<p>Massime prestazioni, recupero naturale. Ora raddoppia i benefici. Il nostro Pacchetto da 2 di Calze a Compressione in Lana Merino unisce il potere della compressione con gli ineguagliabili benefici della lana Merino, offrendoti un paio di riserva per prestazioni continue. Progettate per gli atleti che esigono di pi\u00f9: pi\u00f9 resistenza, pi\u00f9 comfort, meno fatica. Perch\u00e9 [&hellip;]<\/p>\n","protected":false},"featured_media":109117,"template":"","meta":{"_acf_changed":false},"product_brand":[2210],"product_cat":[1000,109,2203,127,133,419,473,2205,491,494],"product_tag":[1660,1676,1583,1853],"class_list":{"0":"post-110401","1":"product","2":"type-product","3":"status-publish","4":"has-post-thumbnail","6":"product_brand-wundersocks","7":"product_cat-uomo","8":"product_cat-uomo-calze-attivita","9":"product_cat-uomo-calze-merino-compressione","10":"product_cat-uomo-calze-lunghezza","11":"product_cat-uomo-calze-ginocchio","12":"product_cat-donna","13":"product_cat-donna-calze-attivita","14":"product_cat-donna-calza-merino-compressione","15":"product_cat-donna-calze-lunghezza","16":"product_cat-donna-calze-ginocchio","17":"product_tag-calze-da-sci","18":"product_tag-calzini-sottili","19":"product_tag-corsa","20":"product_tag-lana-merino-sottile","22":"first","23":"instock","24":"shipping-taxable","25":"purchasable","26":"product-type-variable","27":"has-default-attributes","28":"wvs-archive-product-wrapper"},"acf":[],"_links":{"self":[{"href":"https:\/\/www.wundersocks.com\/it\/wp-json\/wp\/v2\/product\/110401","targetHints":{"allow":["GET"]}}],"collection":[{"href":"https:\/\/www.wundersocks.com\/it\/wp-json\/wp\/v2\/product"}],"about":[{"href":"https:\/\/www.wundersocks.com\/it\/wp-json\/wp\/v2\/types\/product"}],"wp:featuredmedia":[{"embeddable":true,"href":"https:\/\/www.wundersocks.com\/it\/wp-json\/wp\/v2\/media\/109117"}],"wp:attachment":[{"href":"https:\/\/www.wundersocks.com\/it\/wp-json\/wp\/v2\/media?parent=110401"}],"wp:term":[{"taxonomy":"product_brand","embeddable":true,"href":"https:\/\/www.wundersocks.com\/it\/wp-json\/wp\/v2\/product_brand?post=110401"},{"taxonomy":"product_cat","embeddable":true,"href":"https:\/\/www.wundersocks.com\/it\/wp-json\/wp\/v2\/product_cat?post=110401"},{"taxonomy":"product_tag","embeddable":true,"href":"https:\/\/www.wundersocks.com\/it\/wp-json\/wp\/v2\/product_tag?post=110401"}],"curies":[{"name":"wp","href":"https:\/\/api.w.org\/{rel}","templated":true}]}}