{"id":110392,"date":"2026-03-23T11:56:16","date_gmt":"2026-03-23T10:58:32","guid":{"rendered":"https:\/\/www.wundersocks.com\/?post_type=product&#038;p=110392"},"modified":"2026-03-23T11:58:33","modified_gmt":"2026-03-23T10:58:33","slug":"calze-a-compressione-in-lana-merino-per-corsa-sci-e-sport-allaperto-4-pack","status":"publish","type":"product","link":"https:\/\/www.wundersocks.com\/it\/prodotto\/calze-a-compressione-in-lana-merino-per-corsa-sci-e-sport-allaperto-4-pack\/","title":{"rendered":"Calze a compressione in lana merino per corsa, sci e sport all\u2019aperto &#8211; 4 Pack"},"content":{"rendered":"<p><strong>Massime prestazioni, recupero naturale.\u00a0<\/strong><\/p>\n<p>Il nostro Pacchetto da 4 di Calze a Compressione in Lana Merino unisce il potere della compressione con gli ineguagliabili benefici della lana Merino, assicurandoti di avere sempre un paio pronto per le tue attivit\u00e0 pi\u00f9 impegnative. Progettate per gli atleti che esigono di pi\u00f9: pi\u00f9 resistenza, pi\u00f9 comfort, meno fatica.<\/p>\n<p><strong>Perch\u00e9 compressione + Merino?<\/strong><\/p>\n<p>Mentre la compressione stabilizza i tuoi muscoli, aumenta la circolazione sanguigna e riduce il gonfiore, la lana Merino assicura un clima perfetto per i tuoi piedi. Nessun surriscaldamento, nessun accumulo di umidit\u00e0, nessun odore \u2013 solo prestazioni pure e costanti con il valore imbattibile del nostro pacchetto da quattro.<\/p>\n<p><strong>Dall&#8217;allenamento per la maratona alle piste da sci e ai sentieri accidentati<\/strong> \u2013 le Calze a Compressione in Merino ti sostengono dove i calzini ordinari falliscono. Senza vesciche, senza odore e sempre pronte per la tua prossima avventura.<\/p>\n<p>Prodotte in Italia. Indossate dagli atleti. Scelte dagli avventurieri.<\/p>\n","protected":false},"excerpt":{"rendered":"<p>Massime prestazioni, recupero naturale.\u00a0 Il nostro Pacchetto da 4 di Calze a Compressione in Lana Merino unisce il potere della compressione con gli ineguagliabili benefici della lana Merino, assicurandoti di avere sempre un paio pronto per le tue attivit\u00e0 pi\u00f9 impegnative. Progettate per gli atleti che esigono di pi\u00f9: pi\u00f9 resistenza, pi\u00f9 comfort, meno fatica. [&hellip;]<\/p>\n","protected":false},"featured_media":110374,"template":"","meta":{"_acf_changed":false},"product_brand":[2210],"product_cat":[473,109,2205,2203,419,133,494,491,127,1000],"product_tag":[1660,1676,1583,1605,1688],"class_list":{"0":"post-110392","1":"product","2":"type-product","3":"status-publish","4":"has-post-thumbnail","6":"product_brand-wundersocks","7":"product_cat-donna-calze-attivita","8":"product_cat-uomo-calze-attivita","9":"product_cat-donna-calza-merino-compressione","10":"product_cat-uomo-calze-merino-compressione","11":"product_cat-donna","12":"product_cat-uomo-calze-ginocchio","13":"product_cat-donna-calze-ginocchio","14":"product_cat-donna-calze-lunghezza","15":"product_cat-uomo-calze-lunghezza","16":"product_cat-uomo","17":"product_tag-calze-da-sci","18":"product_tag-calzini-sottili","19":"product_tag-corsa","20":"product_tag-extra-sottile","21":"product_tag-sport-invernali","23":"first","24":"instock","25":"sale","26":"shipping-taxable","27":"purchasable","28":"product-type-variable","29":"has-default-attributes","30":"wvs-archive-product-wrapper"},"acf":[],"_links":{"self":[{"href":"https:\/\/www.wundersocks.com\/it\/wp-json\/wp\/v2\/product\/110392","targetHints":{"allow":["GET"]}}],"collection":[{"href":"https:\/\/www.wundersocks.com\/it\/wp-json\/wp\/v2\/product"}],"about":[{"href":"https:\/\/www.wundersocks.com\/it\/wp-json\/wp\/v2\/types\/product"}],"wp:featuredmedia":[{"embeddable":true,"href":"https:\/\/www.wundersocks.com\/it\/wp-json\/wp\/v2\/media\/110374"}],"wp:attachment":[{"href":"https:\/\/www.wundersocks.com\/it\/wp-json\/wp\/v2\/media?parent=110392"}],"wp:term":[{"taxonomy":"product_brand","embeddable":true,"href":"https:\/\/www.wundersocks.com\/it\/wp-json\/wp\/v2\/product_brand?post=110392"},{"taxonomy":"product_cat","embeddable":true,"href":"https:\/\/www.wundersocks.com\/it\/wp-json\/wp\/v2\/product_cat?post=110392"},{"taxonomy":"product_tag","embeddable":true,"href":"https:\/\/www.wundersocks.com\/it\/wp-json\/wp\/v2\/product_tag?post=110392"}],"curies":[{"name":"wp","href":"https:\/\/api.w.org\/{rel}","templated":true}]}}