{"id":10530,"date":"2023-08-11T17:24:09","date_gmt":"2023-08-11T15:24:09","guid":{"rendered":"https:\/\/www.wundersocks.com\/product\/calze-lana-merinos-alp-wide\/"},"modified":"2026-04-02T11:27:18","modified_gmt":"2026-04-02T09:27:18","slug":"calze-in-lana-merino-senza-elastico-alp-wide","status":"publish","type":"product","link":"https:\/\/www.wundersocks.com\/it\/prodotto\/calze-in-lana-merino-senza-elastico-alp-wide\/","title":{"rendered":"calze in lana merino senza elastico Alp Wide 3-Pack"},"content":{"rendered":"<p>Scopri il massimo comfort con il nostro Alp Wide 3-Pack di calze in lana merino senza elastico, dal taglio extra largo per un comfort superiore. Questi calzini sono realizzati in lana merino di alta qualit\u00e0, nota per la sua straordinaria morbidezza e traspirabilit\u00e0. Il taglio extra largo offre una vestibilit\u00e0 rilassata che avvolge delicatamente i tuoi piedi senza stringere o causare punti di pressione.<\/p>\n","protected":false},"excerpt":{"rendered":"<p>Scopri il massimo comfort con il nostro Alp Wide 3-Pack di calze in lana merino senza elastico, dal taglio extra largo per un comfort superiore. Questi calzini sono realizzati in lana merino di alta qualit\u00e0, nota per la sua straordinaria morbidezza e traspirabilit\u00e0. Il taglio extra largo offre una vestibilit\u00e0 rilassata che avvolge delicatamente i [&hellip;]<\/p>\n","protected":false},"featured_media":5506,"template":"","meta":{"_acf_changed":false},"product_brand":[],"product_cat":[473,109,1063,1065,1074,1067,1073,419,491,127,499,895,474,114,1057,1058,1000],"product_tag":[1685,1608,1643],"class_list":{"0":"post-10530","1":"product","2":"type-product","3":"status-publish","4":"has-post-thumbnail","6":"product_cat-donna-calze-attivita","7":"product_cat-uomo-calze-attivita","8":"product_cat-donna-calze-per-diabetici","9":"product_cat-donna-calze-per-piedi-gonfie","10":"product_cat-uomo-calze-per-piedi-gonfie","11":"product_cat-donna-calze-per-piedi-larghi-e-polpacci","12":"product_cat-uomo-calze-per-piedi-larghi-e-polpacci","13":"product_cat-donna","14":"product_cat-donna-calze-lunghezza","15":"product_cat-uomo-calze-lunghezza","16":"product_cat-uomo-calze-polpaccio","17":"product_cat-donna-calze-polpaccio","18":"product_cat-donna-calze-quotidiano","19":"product_cat-uomo-calze-quotidiano","20":"product_cat-donna-riabilitazione-e-salute","21":"product_cat-uomo-riabilitazione-e-salute","22":"product_cat-uomo","23":"product_tag-calzini-sottili-larghi","24":"product_tag-extra-largo","25":"product_tag-senza-elastico","27":"first","28":"instock","29":"sale","30":"shipping-taxable","31":"purchasable","32":"product-type-variable","33":"has-default-attributes","34":"wvs-archive-product-wrapper"},"acf":[],"_links":{"self":[{"href":"https:\/\/www.wundersocks.com\/it\/wp-json\/wp\/v2\/product\/10530","targetHints":{"allow":["GET"]}}],"collection":[{"href":"https:\/\/www.wundersocks.com\/it\/wp-json\/wp\/v2\/product"}],"about":[{"href":"https:\/\/www.wundersocks.com\/it\/wp-json\/wp\/v2\/types\/product"}],"wp:featuredmedia":[{"embeddable":true,"href":"https:\/\/www.wundersocks.com\/it\/wp-json\/wp\/v2\/media\/5506"}],"wp:attachment":[{"href":"https:\/\/www.wundersocks.com\/it\/wp-json\/wp\/v2\/media?parent=10530"}],"wp:term":[{"taxonomy":"product_brand","embeddable":true,"href":"https:\/\/www.wundersocks.com\/it\/wp-json\/wp\/v2\/product_brand?post=10530"},{"taxonomy":"product_cat","embeddable":true,"href":"https:\/\/www.wundersocks.com\/it\/wp-json\/wp\/v2\/product_cat?post=10530"},{"taxonomy":"product_tag","embeddable":true,"href":"https:\/\/www.wundersocks.com\/it\/wp-json\/wp\/v2\/product_tag?post=10530"}],"curies":[{"name":"wp","href":"https:\/\/api.w.org\/{rel}","templated":true}]}}