{"id":10288,"date":"2023-08-11T16:20:17","date_gmt":"2023-08-11T14:20:17","guid":{"rendered":"https:\/\/www.wundersocks.com\/product\/go-sand-mix-lana-merinos\/"},"modified":"2024-08-22T12:34:04","modified_gmt":"2024-08-22T10:34:04","slug":"calzini-da-tempo-libero-go-lite-e-sand-12-pack","status":"publish","type":"product","link":"https:\/\/www.wundersocks.com\/it\/prodotto\/calzini-da-tempo-libero-go-lite-e-sand-12-pack\/","title":{"rendered":"Calzini da Tempo Libero in Lana Merino Go Lite + Sand 12-Pack"},"content":{"rendered":"<p>I migliori calzini da tempo libero in lana merino &#8211; Abbiamo combinato il meglio di due mondi per offrirti il massimo comfort e praticit\u00e0: una vestibilit\u00e0 perfetta in lana merino con regolazione della temperatura e dell&#8217;umidit\u00e0 per un comfort assoluto! I calzini sneaker ideali per le tue scarpe da tempo libero. Composto da 6 paia Go Lite e 6 paia Sand.<\/p>\n","protected":false},"excerpt":{"rendered":"<p>I migliori calzini da tempo libero in lana merino &#8211; Abbiamo combinato il meglio di due mondi per offrirti il massimo comfort e praticit\u00e0: una vestibilit\u00e0 perfetta in lana merino con regolazione della temperatura e dell&#8217;umidit\u00e0 per un comfort assoluto! I calzini sneaker ideali per le tue scarpe da tempo libero. Composto da 6 paia [&hellip;]<\/p>\n","protected":false},"featured_media":12934,"template":"","meta":{"_acf_changed":false},"product_brand":[],"product_cat":[473,109,493,498,492,419,491,127,474,114],"product_tag":[1676,1580,1621],"class_list":{"0":"post-10288","1":"product","2":"type-product","3":"status-publish","4":"has-post-thumbnail","6":"product_cat-donna-calze-attivita","7":"product_cat-uomo-calze-attivita","8":"product_cat-donna-calze-bassi","9":"product_cat-uomo-calze-bassi","10":"product_cat-donna-calze-caviglia","11":"product_cat-donna","12":"product_cat-donna-calze-lunghezza","13":"product_cat-uomo-calze-lunghezza","14":"product_cat-donna-calze-quotidiano","15":"product_cat-uomo-calze-quotidiano","16":"product_tag-calzini-sottili","17":"product_tag-quotidianita","18":"product_tag-tempo-libero","20":"first","21":"instock","22":"sale","23":"shipping-taxable","24":"purchasable","25":"product-type-variable","26":"has-default-attributes","27":"wvs-archive-product-wrapper"},"acf":[],"_links":{"self":[{"href":"https:\/\/www.wundersocks.com\/it\/wp-json\/wp\/v2\/product\/10288","targetHints":{"allow":["GET"]}}],"collection":[{"href":"https:\/\/www.wundersocks.com\/it\/wp-json\/wp\/v2\/product"}],"about":[{"href":"https:\/\/www.wundersocks.com\/it\/wp-json\/wp\/v2\/types\/product"}],"wp:featuredmedia":[{"embeddable":true,"href":"https:\/\/www.wundersocks.com\/it\/wp-json\/wp\/v2\/media\/12934"}],"wp:attachment":[{"href":"https:\/\/www.wundersocks.com\/it\/wp-json\/wp\/v2\/media?parent=10288"}],"wp:term":[{"taxonomy":"product_brand","embeddable":true,"href":"https:\/\/www.wundersocks.com\/it\/wp-json\/wp\/v2\/product_brand?post=10288"},{"taxonomy":"product_cat","embeddable":true,"href":"https:\/\/www.wundersocks.com\/it\/wp-json\/wp\/v2\/product_cat?post=10288"},{"taxonomy":"product_tag","embeddable":true,"href":"https:\/\/www.wundersocks.com\/it\/wp-json\/wp\/v2\/product_tag?post=10288"}],"curies":[{"name":"wp","href":"https:\/\/api.w.org\/{rel}","templated":true}]}}