{"id":9981,"date":"2023-08-16T00:53:21","date_gmt":"2023-08-15T22:53:21","guid":{"rendered":"https:\/\/www.wundersocks.com\/product\/alp-dots-freizeit-socken-merino-wolle-in-trendigen-farben-punktmuster-4-pack\/"},"modified":"2025-12-05T12:35:05","modified_gmt":"2025-12-05T11:35:05","slug":"merino-freizeitsocken-alp-dots-4-pack","status":"publish","type":"product","link":"https:\/\/www.wundersocks.com\/de\/produkt\/merino-freizeitsocken-alp-dots-4-pack\/","title":{"rendered":"ALP DOTS Merino Freizeitsocken im Trendigen Farben Punktmuster (4-Pack)"},"content":{"rendered":"<p>Bereit f\u00fcr einen l\u00e4ssigen Look mit maximalem Komfort? Unsere Merino Freizeitsocken Alp Dots sind genau das Richtige f\u00fcr Sie! Unsere Alltagssocken h\u00fcllen Ihre F\u00fc\u00dfe sanft in trendige Farben und Muster. Die gepolsterten Alltagssocken sch\u00fctzen Sie zudem vor Blasen, Scheuern und Druckstellen.<\/p>\n","protected":false},"excerpt":{"rendered":"<p>Bereit f\u00fcr einen l\u00e4ssigen Look mit maximalem Komfort? Unsere Merino Freizeitsocken Alp Dots sind genau das Richtige f\u00fcr Sie! Unsere Alltagssocken h\u00fcllen Ihre F\u00fc\u00dfe sanft in trendige Farben und Muster. Die gepolsterten Alltagssocken sch\u00fctzen Sie zudem vor Blasen, Scheuern und Druckstellen.<\/p>\n","protected":false},"featured_media":5978,"template":"","meta":{"_acf_changed":false},"product_brand":[],"product_cat":[422,61,424,59,302,65,426,425,1964,1182,1183,35,420,421,36,435,71],"product_tag":[1579,1622,1651,1597,1582,1086,1612],"class_list":{"0":"post-9981","1":"product","2":"type-product","3":"status-publish","4":"has-post-thumbnail","6":"product_cat-damen-alltagssocken","7":"product_cat-herren-alltagssocken","8":"product_cat-damen-business-socken","9":"product_cat-herren-business-socken","10":"product_cat-damen","11":"product_cat-herren-fahrradsocken","12":"product_cat-damen-fahrradsocken","13":"product_cat-damen-laufsocken","14":"product_cat-muttertagsgeschenke","15":"product_cat-herren-pickleball-socken","16":"product_cat-damen-pickleball-socken","17":"product_cat-herren-socken-nach-aktivitaet","18":"product_cat-damen-socken-nach-aktivitaet","19":"product_cat-damen-socken-nach-laenge","20":"product_cat-herren-socken-nach-laenge","21":"product_cat-damen-wadensocken","22":"product_cat-herren-wadensocken","23":"product_tag-alltag-de","24":"product_tag-freizeit-de","25":"product_tag-gemusterte-socken","26":"product_tag-laessig","27":"product_tag-laufen","28":"product_tag-lifestyle","29":"product_tag-wandern-de","31":"first","32":"instock","33":"sale","34":"shipping-taxable","35":"purchasable","36":"product-type-variable","37":"has-default-attributes","38":"wvs-archive-product-wrapper"},"acf":[],"_links":{"self":[{"href":"https:\/\/www.wundersocks.com\/de\/wp-json\/wp\/v2\/product\/9981","targetHints":{"allow":["GET"]}}],"collection":[{"href":"https:\/\/www.wundersocks.com\/de\/wp-json\/wp\/v2\/product"}],"about":[{"href":"https:\/\/www.wundersocks.com\/de\/wp-json\/wp\/v2\/types\/product"}],"wp:featuredmedia":[{"embeddable":true,"href":"https:\/\/www.wundersocks.com\/de\/wp-json\/wp\/v2\/media\/5978"}],"wp:attachment":[{"href":"https:\/\/www.wundersocks.com\/de\/wp-json\/wp\/v2\/media?parent=9981"}],"wp:term":[{"taxonomy":"product_brand","embeddable":true,"href":"https:\/\/www.wundersocks.com\/de\/wp-json\/wp\/v2\/product_brand?post=9981"},{"taxonomy":"product_cat","embeddable":true,"href":"https:\/\/www.wundersocks.com\/de\/wp-json\/wp\/v2\/product_cat?post=9981"},{"taxonomy":"product_tag","embeddable":true,"href":"https:\/\/www.wundersocks.com\/de\/wp-json\/wp\/v2\/product_tag?post=9981"}],"curies":[{"name":"wp","href":"https:\/\/api.w.org\/{rel}","templated":true}]}}