{"id":9897,"date":"2023-08-08T15:38:40","date_gmt":"2023-08-08T13:38:40","guid":{"rendered":"https:\/\/www.wundersocks.com\/product\/go-lite\/"},"modified":"2026-05-05T12:04:05","modified_gmt":"2026-05-05T10:04:05","slug":"duenne-knoechelsocken-aus-merino-go-lite","status":"publish","type":"product","link":"https:\/\/www.wundersocks.com\/de\/produkt\/duenne-knoechelsocken-aus-merino-go-lite\/","title":{"rendered":"D\u00fcnne Kn\u00f6chelsocken aus Merino Wolle Go Lite"},"content":{"rendered":"<p data-start=\"84\" data-end=\"258\">Da sind sie unsere d\u00fcnnen Kn\u00f6chelsocken aus Merinowolle Go Lite, ideal f\u00fcr Alltag und Sport. Ob beim Laufen, Radfahren, Reisen oder im B\u00fcro, sie bieten zuverl\u00e4ssigen Komfort.<\/p>\n<p data-start=\"260\" data-end=\"528\">Die extra d\u00fcnne Merinowolle h\u00e4lt Ihre F\u00fc\u00dfe trocken, reduziert Schwitzen sowie Reibung und wirkt antibakteriell gegen Ger\u00fcche. Das leichte ungepolsterte Design sorgt f\u00fcr ein direktes Tragegef\u00fchl im Schuh, w\u00e4hrend die weiche nahtarme Verarbeitung Druckstellen vermeidet.<\/p>\n<p data-start=\"530\" data-end=\"702\">Der nicht einschneidende Bund bietet sicheren Halt ohne einzuengen. Dank temperaturregulierender Eigenschaften bleiben Ihre F\u00fc\u00dfe im Sommer k\u00fchl und im Winter angenehm warm.<\/p>\n<p data-start=\"704\" data-end=\"773\">Hergestellt in Italien, leicht, funktional und perfekt f\u00fcr jeden Tag.<\/p>\n","protected":false},"excerpt":{"rendered":"<p>Da sind sie unsere d\u00fcnnen Kn\u00f6chelsocken aus Merinowolle Go Lite, ideal f\u00fcr Alltag und Sport. Ob beim Laufen, Radfahren, Reisen oder im B\u00fcro, sie bieten zuverl\u00e4ssigen Komfort. Die extra d\u00fcnne Merinowolle h\u00e4lt Ihre F\u00fc\u00dfe trocken, reduziert Schwitzen sowie Reibung und wirkt antibakteriell gegen Ger\u00fcche. Das leichte ungepolsterte Design sorgt f\u00fcr ein direktes Tragegef\u00fchl im Schuh, [&hellip;]<\/p>\n","protected":false},"featured_media":4698,"template":"","meta":{"_acf_changed":false},"product_brand":[],"product_cat":[35,61,2114,2112,36,706,302,420,422,2116,2118,421,432],"product_tag":[1579,1675,1944,1597,1576,1670],"class_list":{"0":"post-9897","1":"product","2":"type-product","3":"status-publish","4":"has-post-thumbnail","6":"product_cat-herren-socken-nach-aktivitaet","7":"product_cat-herren-alltagssocken","8":"product_cat-herren-golf-socken","9":"product_cat-herren-trail-running-socken","10":"product_cat-herren-socken-nach-laenge","11":"product_cat-herren-knoechelsocken","12":"product_cat-damen","13":"product_cat-damen-socken-nach-aktivitaet","14":"product_cat-damen-alltagssocken","15":"product_cat-damen-golf-socken","16":"product_cat-damen-trail-running-socken","17":"product_cat-damen-socken-nach-laenge","18":"product_cat-damen-knoechelsocken","19":"product_tag-alltag-de","20":"product_tag-duenne-socken-de","21":"product_tag-go-light-de","22":"product_tag-laessig","23":"product_tag-ciclismo","24":"product_tag-sommer-socken-de","26":"first","27":"instock","28":"shipping-taxable","29":"purchasable","30":"product-type-variable","31":"has-default-attributes","32":"wvs-archive-product-wrapper"},"acf":[],"_links":{"self":[{"href":"https:\/\/www.wundersocks.com\/de\/wp-json\/wp\/v2\/product\/9897","targetHints":{"allow":["GET"]}}],"collection":[{"href":"https:\/\/www.wundersocks.com\/de\/wp-json\/wp\/v2\/product"}],"about":[{"href":"https:\/\/www.wundersocks.com\/de\/wp-json\/wp\/v2\/types\/product"}],"wp:featuredmedia":[{"embeddable":true,"href":"https:\/\/www.wundersocks.com\/de\/wp-json\/wp\/v2\/media\/4698"}],"wp:attachment":[{"href":"https:\/\/www.wundersocks.com\/de\/wp-json\/wp\/v2\/media?parent=9897"}],"wp:term":[{"taxonomy":"product_brand","embeddable":true,"href":"https:\/\/www.wundersocks.com\/de\/wp-json\/wp\/v2\/product_brand?post=9897"},{"taxonomy":"product_cat","embeddable":true,"href":"https:\/\/www.wundersocks.com\/de\/wp-json\/wp\/v2\/product_cat?post=9897"},{"taxonomy":"product_tag","embeddable":true,"href":"https:\/\/www.wundersocks.com\/de\/wp-json\/wp\/v2\/product_tag?post=9897"}],"curies":[{"name":"wp","href":"https:\/\/api.w.org\/{rel}","templated":true}]}}