{"id":9877,"date":"2023-08-11T15:47:17","date_gmt":"2023-08-11T13:47:17","guid":{"rendered":"https:\/\/www.wundersocks.com\/product\/knoechelhohe-freizeitsocken-aus-merinowolle-4er-paket\/"},"modified":"2026-04-28T14:49:11","modified_gmt":"2026-04-28T12:49:11","slug":"freizeitsocken-aus-merinowolle-go-4-pack-2","status":"publish","type":"product","link":"https:\/\/www.wundersocks.com\/de\/produkt\/freizeitsocken-aus-merinowolle-go-4-pack-2\/","title":{"rendered":"Kn\u00f6chelhohe Freizeitsocken aus Merinowolle 4-Pack Go"},"content":{"rendered":"<p>Unsere Freizeitsocken aus Merinowolle sind gefertigt aus weicher und flauschiger Merinowolle, die Ihre F\u00fc\u00dfe sch\u00fctzt. Perfekt f\u00fcr jede k\u00f6rperliche Aktivit\u00e4t. Unser hoher Anteil an Merinowolle (80%) verhindert Blasen, Reibung und Schwei\u00df. Dank unserer speziellen Merino-Mischung k\u00f6nnen Sie unsere Merinosocken mehrere Tage lang tragen, ohne sie waschen zu m\u00fcssen.<\/p>\n","protected":false},"excerpt":{"rendered":"<p>Unsere Freizeitsocken aus Merinowolle sind gefertigt aus weicher und flauschiger Merinowolle, die Ihre F\u00fc\u00dfe sch\u00fctzt. Perfekt f\u00fcr jede k\u00f6rperliche Aktivit\u00e4t. Unser hoher Anteil an Merinowolle (80%) verhindert Blasen, Reibung und Schwei\u00df. Dank unserer speziellen Merino-Mischung k\u00f6nnen Sie unsere Merinosocken mehrere Tage lang tragen, ohne sie waschen zu m\u00fcssen.<\/p>\n","protected":false},"featured_media":8886,"template":"","meta":{"_acf_changed":false},"product_brand":[],"product_cat":[61,422,302,426,65,432,425,38,2174,420,35,421,37,423],"product_tag":[1622,1582,1576,1612],"class_list":{"0":"post-9877","1":"product","2":"type-product","3":"status-publish","4":"has-post-thumbnail","6":"product_cat-herren-alltagssocken","7":"product_cat-damen-alltagssocken","8":"product_cat-damen","9":"product_cat-damen-fahrradsocken","10":"product_cat-herren-fahrradsocken","11":"product_cat-damen-knoechelsocken","12":"product_cat-damen-laufsocken","13":"product_cat-herren-laufsocken","14":"product_cat-damen-sommer-essentials","15":"product_cat-damen-socken-nach-aktivitaet","16":"product_cat-herren-socken-nach-aktivitaet","17":"product_cat-damen-socken-nach-laenge","18":"product_cat-herren-wandersocken","19":"product_cat-damen-wandersocken","20":"product_tag-freizeit-de","21":"product_tag-laufen","22":"product_tag-ciclismo","23":"product_tag-wandern-de","25":"first","26":"instock","27":"sale","28":"shipping-taxable","29":"purchasable","30":"product-type-variable","31":"has-default-attributes","32":"wvs-archive-product-wrapper"},"acf":[],"_links":{"self":[{"href":"https:\/\/www.wundersocks.com\/de\/wp-json\/wp\/v2\/product\/9877","targetHints":{"allow":["GET"]}}],"collection":[{"href":"https:\/\/www.wundersocks.com\/de\/wp-json\/wp\/v2\/product"}],"about":[{"href":"https:\/\/www.wundersocks.com\/de\/wp-json\/wp\/v2\/types\/product"}],"wp:featuredmedia":[{"embeddable":true,"href":"https:\/\/www.wundersocks.com\/de\/wp-json\/wp\/v2\/media\/8886"}],"wp:attachment":[{"href":"https:\/\/www.wundersocks.com\/de\/wp-json\/wp\/v2\/media?parent=9877"}],"wp:term":[{"taxonomy":"product_brand","embeddable":true,"href":"https:\/\/www.wundersocks.com\/de\/wp-json\/wp\/v2\/product_brand?post=9877"},{"taxonomy":"product_cat","embeddable":true,"href":"https:\/\/www.wundersocks.com\/de\/wp-json\/wp\/v2\/product_cat?post=9877"},{"taxonomy":"product_tag","embeddable":true,"href":"https:\/\/www.wundersocks.com\/de\/wp-json\/wp\/v2\/product_tag?post=9877"}],"curies":[{"name":"wp","href":"https:\/\/api.w.org\/{rel}","templated":true}]}}