{"id":98693,"date":"2025-06-13T12:47:00","date_gmt":"2025-06-13T10:47:03","guid":{"rendered":"https:\/\/www.wundersocks.com\/?post_type=product&#038;p=98693"},"modified":"2025-10-21T17:45:10","modified_gmt":"2025-10-21T15:45:10","slug":"merino-handtuch-ultraleicht-fuer-sport-wandern-laufen-outdoor","status":"publish","type":"product","link":"https:\/\/www.wundersocks.com\/de\/produkt\/merino-handtuch-ultraleicht-fuer-sport-wandern-laufen-outdoor\/","title":{"rendered":"Merino-Handtuch ultraleicht \u2013 f\u00fcr Sport, Wandern, Laufen &#038; Outdoor (Medium)"},"content":{"rendered":"<p>Nat\u00fcrlich weich, ultraleicht und gemacht f\u00fcr Bewegung \u2013 dieses kompakte Merino-Handtuch ist der ideale Begleiter f\u00fcr unterwegs.<br \/>\nPerfekt f\u00fcr schwei\u00dftreibende Workouts, Wanderungen, L\u00e4ufe oder Fitness-Einheiten \u2013 es bleibt dank seiner antibakteriellen und geruchshemmenden Eigenschaften l\u00e4nger frisch, trocknet schnell und passt in jede Tasche.<\/p>\n<p>Leicht. Funktional. Immer dabei.<br \/>\nOb auf dem Trail, im Gym oder unterwegs \u2013 dieses Handtuch ist dein minimalistisches Must-have f\u00fcr jede Aktivit\u00e4t.<\/p>\n","protected":false},"excerpt":{"rendered":"<p>Nat\u00fcrlich weich, ultraleicht und gemacht f\u00fcr Bewegung \u2013 dieses kompakte Merino-Handtuch ist der ideale Begleiter f\u00fcr unterwegs. Perfekt f\u00fcr schwei\u00dftreibende Workouts, Wanderungen, L\u00e4ufe oder Fitness-Einheiten \u2013 es bleibt dank seiner antibakteriellen und geruchshemmenden Eigenschaften l\u00e4nger frisch, trocknet schnell und passt in jede Tasche. Leicht. Funktional. Immer dabei. Ob auf dem Trail, im Gym oder unterwegs [&hellip;]<\/p>\n","protected":false},"featured_media":97197,"template":"","meta":{"_acf_changed":false},"product_brand":[],"product_cat":[2130,302,999,2157,2174,2177,2166],"product_tag":[2189,2152,2190,2146,2191],"class_list":{"0":"post-98693","1":"product","2":"type-product","3":"status-publish","4":"has-post-thumbnail","6":"product_cat-accessoires-damen-herren","7":"product_cat-damen","8":"product_cat-herren","9":"product_cat-accessories-damen-herren-merino-handtuecher","10":"product_cat-damen-sommer-essentials","11":"product_cat-herren-sommer-essentials","12":"product_cat-accessories-damen-herren-merino-handtuecher-m","13":"product_tag-bathtowel-de","14":"product_tag-sauna-de","15":"product_tag-shower-towel-de","16":"product_tag-spa-de","17":"product_tag-sport-de","19":"first","20":"instock","21":"shipping-taxable","22":"purchasable","23":"product-type-variable","24":"has-default-attributes","25":"wvs-archive-product-wrapper"},"acf":[],"_links":{"self":[{"href":"https:\/\/www.wundersocks.com\/de\/wp-json\/wp\/v2\/product\/98693","targetHints":{"allow":["GET"]}}],"collection":[{"href":"https:\/\/www.wundersocks.com\/de\/wp-json\/wp\/v2\/product"}],"about":[{"href":"https:\/\/www.wundersocks.com\/de\/wp-json\/wp\/v2\/types\/product"}],"wp:featuredmedia":[{"embeddable":true,"href":"https:\/\/www.wundersocks.com\/de\/wp-json\/wp\/v2\/media\/97197"}],"wp:attachment":[{"href":"https:\/\/www.wundersocks.com\/de\/wp-json\/wp\/v2\/media?parent=98693"}],"wp:term":[{"taxonomy":"product_brand","embeddable":true,"href":"https:\/\/www.wundersocks.com\/de\/wp-json\/wp\/v2\/product_brand?post=98693"},{"taxonomy":"product_cat","embeddable":true,"href":"https:\/\/www.wundersocks.com\/de\/wp-json\/wp\/v2\/product_cat?post=98693"},{"taxonomy":"product_tag","embeddable":true,"href":"https:\/\/www.wundersocks.com\/de\/wp-json\/wp\/v2\/product_tag?post=98693"}],"curies":[{"name":"wp","href":"https:\/\/api.w.org\/{rel}","templated":true}]}}