{"id":98662,"date":"2025-06-13T12:36:08","date_gmt":"2025-06-13T10:36:11","guid":{"rendered":"https:\/\/www.wundersocks.com\/?post_type=product&#038;p=98662"},"modified":"2026-02-12T09:03:38","modified_gmt":"2026-02-12T08:03:38","slug":"merino-handtuch-sport-fitness-gym-outdoor","status":"publish","type":"product","link":"https:\/\/www.wundersocks.com\/de\/produkt\/merino-handtuch-sport-fitness-gym-outdoor\/","title":{"rendered":"Leichtes Sport- &#038; Fitnesshandtuch aus 100% Merino-Wolle (Large)"},"content":{"rendered":"<p>Nat\u00fcrlich weich, ultraleicht und leistungsstark \u2013 dieses Merino-Handtuch ist gemacht f\u00fcr Bewegung. Dank seiner antibakteriellen und geruchshemmenden Eigenschaften bleibt es l\u00e4nger frisch, trocknet schnell nach dem Training und l\u00e4sst sich einfach in der Maschine waschen. Kompakt und vielseitig, passt es in jede Sporttasche oder jeden Rucksack \u2013 ideal f\u00fcr Fitness, Wandern und unterwegs.<\/p>\n","protected":false},"excerpt":{"rendered":"<p>Nat\u00fcrlich weich, ultraleicht und leistungsstark \u2013 dieses Merino-Handtuch ist gemacht f\u00fcr Bewegung. Dank seiner antibakteriellen und geruchshemmenden Eigenschaften bleibt es l\u00e4nger frisch, trocknet schnell nach dem Training und l\u00e4sst sich einfach in der Maschine waschen. Kompakt und vielseitig, passt es in jede Sporttasche oder jeden Rucksack \u2013 ideal f\u00fcr Fitness, Wandern und unterwegs.<\/p>\n","protected":false},"featured_media":97218,"template":"","meta":{"_acf_changed":false},"product_brand":[],"product_cat":[2130,2157,2165,999,302],"product_tag":[2189,2152,2190,2146,2191],"class_list":{"0":"post-98662","1":"product","2":"type-product","3":"status-publish","4":"has-post-thumbnail","6":"product_cat-accessoires-damen-herren","7":"product_cat-accessories-damen-herren-merino-handtuecher","8":"product_cat-ccessories-damen-herren-merino-handtuecher-l","9":"product_cat-herren","10":"product_cat-damen","11":"product_tag-bathtowel-de","12":"product_tag-sauna-de","13":"product_tag-shower-towel-de","14":"product_tag-spa-de","15":"product_tag-sport-de","17":"first","18":"instock","19":"shipping-taxable","20":"purchasable","21":"product-type-variable","22":"has-default-attributes","23":"wvs-archive-product-wrapper"},"acf":[],"_links":{"self":[{"href":"https:\/\/www.wundersocks.com\/de\/wp-json\/wp\/v2\/product\/98662","targetHints":{"allow":["GET"]}}],"collection":[{"href":"https:\/\/www.wundersocks.com\/de\/wp-json\/wp\/v2\/product"}],"about":[{"href":"https:\/\/www.wundersocks.com\/de\/wp-json\/wp\/v2\/types\/product"}],"wp:featuredmedia":[{"embeddable":true,"href":"https:\/\/www.wundersocks.com\/de\/wp-json\/wp\/v2\/media\/97218"}],"wp:attachment":[{"href":"https:\/\/www.wundersocks.com\/de\/wp-json\/wp\/v2\/media?parent=98662"}],"wp:term":[{"taxonomy":"product_brand","embeddable":true,"href":"https:\/\/www.wundersocks.com\/de\/wp-json\/wp\/v2\/product_brand?post=98662"},{"taxonomy":"product_cat","embeddable":true,"href":"https:\/\/www.wundersocks.com\/de\/wp-json\/wp\/v2\/product_cat?post=98662"},{"taxonomy":"product_tag","embeddable":true,"href":"https:\/\/www.wundersocks.com\/de\/wp-json\/wp\/v2\/product_tag?post=98662"}],"curies":[{"name":"wp","href":"https:\/\/api.w.org\/{rel}","templated":true}]}}