{"id":9839,"date":"2023-08-10T03:15:30","date_gmt":"2023-08-10T01:15:30","guid":{"rendered":"https:\/\/www.wundersocks.com\/product\/jagdstruempfe-fischer-jaeger-merino-extreme-long\/"},"modified":"2026-05-02T12:47:01","modified_gmt":"2026-05-02T10:47:01","slug":"jagdstruempfe-fischer-jaeger-merino-kniestrumpfe-extreme-long","status":"publish","type":"product","link":"https:\/\/www.wundersocks.com\/de\/produkt\/jagdstruempfe-fischer-jaeger-merino-kniestrumpfe-extreme-long\/","title":{"rendered":"Jagdstr\u00fcmpfe Fischer oder J\u00e4ger Kniestr\u00fcmpfe Extreme Long"},"content":{"rendered":"<p>Unsere Extreme Long Kniestr\u00fcmpfe sind aus hochwertiger Merinowolle gefertigt. Diese Naturfaser f\u00fchlt sich nicht nur extrem weich an, sondern bietet auch eine hervorragende Isolierung bei k\u00e4lterem Wetter und eine hervorragende Atmungsaktivit\u00e4t in den Sommermonaten. Sie verf\u00fcgen sogar \u00fcber eine zus\u00e4tzliche Polsterung f\u00fcr Tage, an denen Sie unwegsames Gel\u00e4nde bew\u00e4ltigen oder lange Zeit still stehen m\u00fcssen.<\/p>\n","protected":false},"excerpt":{"rendered":"<p>Unsere Extreme Long Kniestr\u00fcmpfe sind aus hochwertiger Merinowolle gefertigt. Diese Naturfaser f\u00fchlt sich nicht nur extrem weich an, sondern bietet auch eine hervorragende Isolierung bei k\u00e4lterem Wetter und eine hervorragende Atmungsaktivit\u00e4t in den Sommermonaten. Sie verf\u00fcgen sogar \u00fcber eine zus\u00e4tzliche Polsterung f\u00fcr Tage, an denen Sie unwegsames Gel\u00e4nde bew\u00e4ltigen oder lange Zeit still stehen m\u00fcssen.<\/p>\n","protected":false},"featured_media":4650,"template":"","meta":{"_acf_changed":false},"product_brand":[],"product_cat":[999,35,60,36,72,302,420,427,421,433],"product_tag":[1691,2010,1946],"class_list":{"0":"post-9839","1":"product","2":"type-product","3":"status-publish","4":"has-post-thumbnail","6":"product_cat-herren","7":"product_cat-herren-socken-nach-aktivitaet","8":"product_cat-herren-arbeitssocken","9":"product_cat-herren-socken-nach-laenge","10":"product_cat-herren-kniestruempfe","11":"product_cat-damen","12":"product_cat-damen-socken-nach-aktivitaet","13":"product_cat-damen-arbeitssocken","14":"product_cat-damen-socken-nach-laenge","15":"product_cat-damen-kniestruempfe","16":"product_tag-arbeit-de","17":"product_tag-arbeitssocken","18":"product_tag-schwerlast","20":"first","21":"instock","22":"shipping-taxable","23":"purchasable","24":"product-type-variable","25":"has-default-attributes","26":"wvs-archive-product-wrapper"},"acf":[],"_links":{"self":[{"href":"https:\/\/www.wundersocks.com\/de\/wp-json\/wp\/v2\/product\/9839","targetHints":{"allow":["GET"]}}],"collection":[{"href":"https:\/\/www.wundersocks.com\/de\/wp-json\/wp\/v2\/product"}],"about":[{"href":"https:\/\/www.wundersocks.com\/de\/wp-json\/wp\/v2\/types\/product"}],"wp:featuredmedia":[{"embeddable":true,"href":"https:\/\/www.wundersocks.com\/de\/wp-json\/wp\/v2\/media\/4650"}],"wp:attachment":[{"href":"https:\/\/www.wundersocks.com\/de\/wp-json\/wp\/v2\/media?parent=9839"}],"wp:term":[{"taxonomy":"product_brand","embeddable":true,"href":"https:\/\/www.wundersocks.com\/de\/wp-json\/wp\/v2\/product_brand?post=9839"},{"taxonomy":"product_cat","embeddable":true,"href":"https:\/\/www.wundersocks.com\/de\/wp-json\/wp\/v2\/product_cat?post=9839"},{"taxonomy":"product_tag","embeddable":true,"href":"https:\/\/www.wundersocks.com\/de\/wp-json\/wp\/v2\/product_tag?post=9839"}],"curies":[{"name":"wp","href":"https:\/\/api.w.org\/{rel}","templated":true}]}}