{"id":9748,"date":"2023-08-08T15:32:23","date_gmt":"2023-08-08T13:32:23","guid":{"rendered":"https:\/\/www.wundersocks.com\/product\/go\/"},"modified":"2026-04-04T00:34:32","modified_gmt":"2026-04-03T22:34:32","slug":"merino-knoechelsocken-go","status":"publish","type":"product","link":"https:\/\/www.wundersocks.com\/de\/produkt\/merino-knoechelsocken-go\/","title":{"rendered":"Merino Kn\u00f6chelsocken Gepolstert Go"},"content":{"rendered":"<p>Unsere Merino Kn\u00f6chelsocken sind aus 80% feinster Merinowolle gefertigt, die Ihren Komfort in den Vordergrund stellt. Die innovative Polsterung an der Fu\u00dfsohle sorgt f\u00fcr eine zus\u00e4tzliche D\u00e4mpfung, so dass diese Socken sowohl f\u00fcr Sport als auch f\u00fcr Freizeitaktivit\u00e4ten geeignet sind. Verabschieden Sie sich von schmerzenden F\u00fc\u00dfen und freuen Sie sich auf endlosen Komfort!<\/p>\n","protected":false},"excerpt":{"rendered":"<p>Unsere Merino Kn\u00f6chelsocken sind aus 80% feinster Merinowolle gefertigt, die Ihren Komfort in den Vordergrund stellt. Die innovative Polsterung an der Fu\u00dfsohle sorgt f\u00fcr eine zus\u00e4tzliche D\u00e4mpfung, so dass diese Socken sowohl f\u00fcr Sport als auch f\u00fcr Freizeitaktivit\u00e4ten geeignet sind. Verabschieden Sie sich von schmerzenden F\u00fc\u00dfen und freuen Sie sich auf endlosen Komfort!<\/p>\n","protected":false},"featured_media":9644,"template":"","meta":{"_acf_changed":false},"product_brand":[],"product_cat":[2174,35,61,65,2114,37,38,2112,36,706,302,420,422,426,425,2116,423,2118,421,432],"product_tag":[1582,1576,1668,1612],"class_list":{"0":"post-9748","1":"product","2":"type-product","3":"status-publish","4":"has-post-thumbnail","6":"product_cat-damen-sommer-essentials","7":"product_cat-herren-socken-nach-aktivitaet","8":"product_cat-herren-alltagssocken","9":"product_cat-herren-fahrradsocken","10":"product_cat-herren-golf-socken","11":"product_cat-herren-wandersocken","12":"product_cat-herren-laufsocken","13":"product_cat-herren-trail-running-socken","14":"product_cat-herren-socken-nach-laenge","15":"product_cat-herren-knoechelsocken","16":"product_cat-damen","17":"product_cat-damen-socken-nach-aktivitaet","18":"product_cat-damen-alltagssocken","19":"product_cat-damen-fahrradsocken","20":"product_cat-damen-laufsocken","21":"product_cat-damen-golf-socken","22":"product_cat-damen-wandersocken","23":"product_cat-damen-trail-running-socken","24":"product_cat-damen-socken-nach-laenge","25":"product_cat-damen-knoechelsocken","26":"product_tag-laufen","27":"product_tag-ciclismo","28":"product_tag-sportsocken-de","29":"product_tag-wandern-de","31":"first","32":"instock","33":"shipping-taxable","34":"purchasable","35":"product-type-variable","36":"has-default-attributes","37":"wvs-archive-product-wrapper"},"acf":[],"_links":{"self":[{"href":"https:\/\/www.wundersocks.com\/de\/wp-json\/wp\/v2\/product\/9748","targetHints":{"allow":["GET"]}}],"collection":[{"href":"https:\/\/www.wundersocks.com\/de\/wp-json\/wp\/v2\/product"}],"about":[{"href":"https:\/\/www.wundersocks.com\/de\/wp-json\/wp\/v2\/types\/product"}],"wp:featuredmedia":[{"embeddable":true,"href":"https:\/\/www.wundersocks.com\/de\/wp-json\/wp\/v2\/media\/9644"}],"wp:attachment":[{"href":"https:\/\/www.wundersocks.com\/de\/wp-json\/wp\/v2\/media?parent=9748"}],"wp:term":[{"taxonomy":"product_brand","embeddable":true,"href":"https:\/\/www.wundersocks.com\/de\/wp-json\/wp\/v2\/product_brand?post=9748"},{"taxonomy":"product_cat","embeddable":true,"href":"https:\/\/www.wundersocks.com\/de\/wp-json\/wp\/v2\/product_cat?post=9748"},{"taxonomy":"product_tag","embeddable":true,"href":"https:\/\/www.wundersocks.com\/de\/wp-json\/wp\/v2\/product_tag?post=9748"}],"curies":[{"name":"wp","href":"https:\/\/api.w.org\/{rel}","templated":true}]}}