{"id":97269,"date":"2025-05-14T10:09:53","date_gmt":"2025-05-14T08:09:53","guid":{"rendered":"https:\/\/www.wundersocks.com\/product\/merino-handtuch-leicht-bad-strand-sport-fitness-outdoor\/"},"modified":"2026-04-21T14:23:37","modified_gmt":"2026-04-21T12:23:37","slug":"merino-handtuch-leicht-bad-strand-sport-fitness-outdoor","status":"publish","type":"product","link":"https:\/\/www.wundersocks.com\/de\/produkt\/merino-handtuch-leicht-bad-strand-sport-fitness-outdoor\/","title":{"rendered":"Merino-Handtuch \u2013 D\u00fcnn, f\u00fcr Sport, Strand, Fitness &#038; Outdoor"},"content":{"rendered":"<p>Ultraleichtes Merino Handtuch f\u00fcr Bad, Strand, Fitness, Wandern &amp; Reisen<\/p>\n<p>Unser Merino Sporthandtuch ist besonders leicht, kompakt und damit ideal f\u00fcr unterwegs. Es besteht aus 100\u202f% reiner Merinowolle \u2013 nat\u00fcrlich weich, saugf\u00e4hig, schnelltrocknend und geruchshemmend.<\/p>\n<p>Dank der antibakteriellen Eigenschaften der Merinowolle bleibt das Handtuch l\u00e4nger frisch und muss seltener gewaschen werden \u2013 perfekt f\u00fcr Sport, Outdoor und Reisen.<\/p>\n<p>Egal ob beim Workout, auf einer Bergtour, am See, im Fitnessstudio oder auf Backpacking-Abenteuern: Dieses vielseitige Merino Reisehandtuch ist dein idealer Begleiter.<\/p>\n","protected":false},"excerpt":{"rendered":"<p>Ultraleichtes Merino Handtuch f\u00fcr Bad, Strand, Fitness, Wandern &amp; Reisen Unser Merino Sporthandtuch ist besonders leicht, kompakt und damit ideal f\u00fcr unterwegs. Es besteht aus 100\u202f% reiner Merinowolle \u2013 nat\u00fcrlich weich, saugf\u00e4hig, schnelltrocknend und geruchshemmend. Dank der antibakteriellen Eigenschaften der Merinowolle bleibt das Handtuch l\u00e4nger frisch und muss seltener gewaschen werden \u2013 perfekt f\u00fcr Sport, [&hellip;]<\/p>\n","protected":false},"featured_media":97218,"template":"","meta":{"_acf_changed":false},"product_brand":[],"product_cat":[2130,2157,2166,999,302],"product_tag":[2144,2145,2152,2146],"class_list":{"0":"post-97269","1":"product","2":"type-product","3":"status-publish","4":"has-post-thumbnail","6":"product_cat-accessoires-damen-herren","7":"product_cat-accessories-damen-herren-merino-handtuecher","8":"product_cat-accessories-damen-herren-merino-handtuecher-m","9":"product_cat-herren","10":"product_cat-damen","11":"product_tag-badetuch-de","12":"product_tag-duschtuch-de","13":"product_tag-sauna-de","14":"product_tag-spa-de","16":"first","17":"instock","18":"shipping-taxable","19":"purchasable","20":"product-type-variable","21":"has-default-attributes","22":"wvs-archive-product-wrapper"},"acf":[],"_links":{"self":[{"href":"https:\/\/www.wundersocks.com\/de\/wp-json\/wp\/v2\/product\/97269","targetHints":{"allow":["GET"]}}],"collection":[{"href":"https:\/\/www.wundersocks.com\/de\/wp-json\/wp\/v2\/product"}],"about":[{"href":"https:\/\/www.wundersocks.com\/de\/wp-json\/wp\/v2\/types\/product"}],"wp:featuredmedia":[{"embeddable":true,"href":"https:\/\/www.wundersocks.com\/de\/wp-json\/wp\/v2\/media\/97218"}],"wp:attachment":[{"href":"https:\/\/www.wundersocks.com\/de\/wp-json\/wp\/v2\/media?parent=97269"}],"wp:term":[{"taxonomy":"product_brand","embeddable":true,"href":"https:\/\/www.wundersocks.com\/de\/wp-json\/wp\/v2\/product_brand?post=97269"},{"taxonomy":"product_cat","embeddable":true,"href":"https:\/\/www.wundersocks.com\/de\/wp-json\/wp\/v2\/product_cat?post=97269"},{"taxonomy":"product_tag","embeddable":true,"href":"https:\/\/www.wundersocks.com\/de\/wp-json\/wp\/v2\/product_tag?post=97269"}],"curies":[{"name":"wp","href":"https:\/\/api.w.org\/{rel}","templated":true}]}}