{"id":9714,"date":"2023-08-11T17:04:23","date_gmt":"2023-08-11T15:04:23","guid":{"rendered":"https:\/\/www.wundersocks.com\/product\/extreme\/"},"modified":"2026-05-02T07:08:45","modified_gmt":"2026-05-02T05:08:45","slug":"merino-arbeitssocken-extreme","status":"publish","type":"product","link":"https:\/\/www.wundersocks.com\/de\/produkt\/merino-arbeitssocken-extreme\/","title":{"rendered":"Extreme Merino Arbeitssocken Gegen Blasen mit Polsterung"},"content":{"rendered":"<p>Erleben Sie unvergleichliche Haltbarkeit und Komfort mit unseren Merino Arbeitssocken f\u00fcr den schweren Einsatz. Hergestellt aus hochwertiger Merinowolle, sind diese Socken daf\u00fcr ausgelegt, den h\u00e4rtesten Bedingungen standzuhalten und gleichzeitig Ihre F\u00fc\u00dfe warm, trocken und bequem zu halten.<\/p>\n","protected":false},"excerpt":{"rendered":"<p>Erleben Sie unvergleichliche Haltbarkeit und Komfort mit unseren Merino Arbeitssocken f\u00fcr den schweren Einsatz. Hergestellt aus hochwertiger Merinowolle, sind diese Socken daf\u00fcr ausgelegt, den h\u00e4rtesten Bedingungen standzuhalten und gleichzeitig Ihre F\u00fc\u00dfe warm, trocken und bequem zu halten.<\/p>\n","protected":false},"featured_media":4647,"template":"","meta":{"_acf_changed":false},"product_brand":[],"product_cat":[999,35,60,36,2083,302,420,423,427,421,2082],"product_tag":[1691,2010,1946,1956],"class_list":{"0":"post-9714","1":"product","2":"type-product","3":"status-publish","4":"has-post-thumbnail","6":"product_cat-herren","7":"product_cat-herren-socken-nach-aktivitaet","8":"product_cat-herren-arbeitssocken","9":"product_cat-herren-socken-nach-laenge","10":"product_cat-herren-ueberwade-socken","11":"product_cat-damen","12":"product_cat-damen-socken-nach-aktivitaet","13":"product_cat-damen-wandersocken","14":"product_cat-damen-arbeitssocken","15":"product_cat-damen-socken-nach-laenge","16":"product_cat-damen-ueberwade-socken","17":"product_tag-arbeit-de","18":"product_tag-arbeitssocken","19":"product_tag-schwerlast","20":"product_tag-stahlkappen-schuhe-de","22":"first","23":"instock","24":"shipping-taxable","25":"purchasable","26":"product-type-variable","27":"has-default-attributes","28":"wvs-archive-product-wrapper"},"acf":[],"_links":{"self":[{"href":"https:\/\/www.wundersocks.com\/de\/wp-json\/wp\/v2\/product\/9714","targetHints":{"allow":["GET"]}}],"collection":[{"href":"https:\/\/www.wundersocks.com\/de\/wp-json\/wp\/v2\/product"}],"about":[{"href":"https:\/\/www.wundersocks.com\/de\/wp-json\/wp\/v2\/types\/product"}],"wp:featuredmedia":[{"embeddable":true,"href":"https:\/\/www.wundersocks.com\/de\/wp-json\/wp\/v2\/media\/4647"}],"wp:attachment":[{"href":"https:\/\/www.wundersocks.com\/de\/wp-json\/wp\/v2\/media?parent=9714"}],"wp:term":[{"taxonomy":"product_brand","embeddable":true,"href":"https:\/\/www.wundersocks.com\/de\/wp-json\/wp\/v2\/product_brand?post=9714"},{"taxonomy":"product_cat","embeddable":true,"href":"https:\/\/www.wundersocks.com\/de\/wp-json\/wp\/v2\/product_cat?post=9714"},{"taxonomy":"product_tag","embeddable":true,"href":"https:\/\/www.wundersocks.com\/de\/wp-json\/wp\/v2\/product_tag?post=9714"}],"curies":[{"name":"wp","href":"https:\/\/api.w.org\/{rel}","templated":true}]}}