{"id":9692,"date":"2023-08-11T17:01:54","date_gmt":"2023-08-11T15:01:54","guid":{"rendered":"https:\/\/www.wundersocks.com\/product\/arbeitssocken-herren-und-damen-merino-extreme-lite\/"},"modified":"2026-05-02T07:08:44","modified_gmt":"2026-05-02T05:08:44","slug":"merino-arbeitssocken-extreme-lite","status":"publish","type":"product","link":"https:\/\/www.wundersocks.com\/de\/produkt\/merino-arbeitssocken-extreme-lite\/","title":{"rendered":"Extreme Lite Merino Arbeitssocken Lang Socken Gegen Blasen Leichte Polsterung"},"content":{"rendered":"<p>Merino Arbeitssocken. Leicht verst\u00e4rkt, Temperatur ausgleichend, sanft und an der Fu\u00dfsohle gepolstert. Die spezielle Materialmischung verhindert Schwei\u00df an den F\u00fc\u00dfen, Blasen, hei\u00dfe F\u00fc\u00dfe, Scheuer- und Druckstellen. Socken ohne Gummi am Abschlussrand, um Druckstellen zu vermeiden.<\/p>\n","protected":false},"excerpt":{"rendered":"<p>Merino Arbeitssocken. Leicht verst\u00e4rkt, Temperatur ausgleichend, sanft und an der Fu\u00dfsohle gepolstert. Die spezielle Materialmischung verhindert Schwei\u00df an den F\u00fc\u00dfen, Blasen, hei\u00dfe F\u00fc\u00dfe, Scheuer- und Druckstellen. Socken ohne Gummi am Abschlussrand, um Druckstellen zu vermeiden.<\/p>\n","protected":false},"featured_media":8712,"template":"","meta":{"_acf_changed":false},"product_brand":[],"product_cat":[427,60,302,999,35,420,36,421,71,435,37,423],"product_tag":[1691,1946,1956,1612],"class_list":{"0":"post-9692","1":"product","2":"type-product","3":"status-publish","4":"has-post-thumbnail","6":"product_cat-damen-arbeitssocken","7":"product_cat-herren-arbeitssocken","8":"product_cat-damen","9":"product_cat-herren","10":"product_cat-herren-socken-nach-aktivitaet","11":"product_cat-damen-socken-nach-aktivitaet","12":"product_cat-herren-socken-nach-laenge","13":"product_cat-damen-socken-nach-laenge","14":"product_cat-herren-wadensocken","15":"product_cat-damen-wadensocken","16":"product_cat-herren-wandersocken","17":"product_cat-damen-wandersocken","18":"product_tag-arbeit-de","19":"product_tag-schwerlast","20":"product_tag-stahlkappen-schuhe-de","21":"product_tag-wandern-de","23":"first","24":"instock","25":"shipping-taxable","26":"purchasable","27":"product-type-variable","28":"has-default-attributes","29":"wvs-archive-product-wrapper"},"acf":[],"_links":{"self":[{"href":"https:\/\/www.wundersocks.com\/de\/wp-json\/wp\/v2\/product\/9692","targetHints":{"allow":["GET"]}}],"collection":[{"href":"https:\/\/www.wundersocks.com\/de\/wp-json\/wp\/v2\/product"}],"about":[{"href":"https:\/\/www.wundersocks.com\/de\/wp-json\/wp\/v2\/types\/product"}],"wp:featuredmedia":[{"embeddable":true,"href":"https:\/\/www.wundersocks.com\/de\/wp-json\/wp\/v2\/media\/8712"}],"wp:attachment":[{"href":"https:\/\/www.wundersocks.com\/de\/wp-json\/wp\/v2\/media?parent=9692"}],"wp:term":[{"taxonomy":"product_brand","embeddable":true,"href":"https:\/\/www.wundersocks.com\/de\/wp-json\/wp\/v2\/product_brand?post=9692"},{"taxonomy":"product_cat","embeddable":true,"href":"https:\/\/www.wundersocks.com\/de\/wp-json\/wp\/v2\/product_cat?post=9692"},{"taxonomy":"product_tag","embeddable":true,"href":"https:\/\/www.wundersocks.com\/de\/wp-json\/wp\/v2\/product_tag?post=9692"}],"curies":[{"name":"wp","href":"https:\/\/api.w.org\/{rel}","templated":true}]}}