{"id":9593,"date":"2023-08-11T17:36:28","date_gmt":"2023-08-11T15:36:28","guid":{"rendered":"https:\/\/www.wundersocks.com\/product\/extreme-abs\/"},"modified":"2026-05-05T20:52:20","modified_gmt":"2026-05-05T18:52:20","slug":"antirutschsocken-extreme-abs","status":"publish","type":"product","link":"https:\/\/www.wundersocks.com\/de\/produkt\/antirutschsocken-extreme-abs\/","title":{"rendered":"Extreme ABS Merino Wollsocken Antirutschsocken  f\u00fcr Herren und Damen"},"content":{"rendered":"<p>Unsere Antirutschsocken, sind aus feinster Merinowolle gefertigt und ein luxuri\u00f6ses Accessoire, das keine W\u00fcnsche offen l\u00e4sst. Tauchen Sie Ihre F\u00fc\u00dfe in die \u00fcppige Weichheit der Merinowolle ein &#8211; ein Material, das f\u00fcr h\u00f6chsten Komfort, W\u00e4rme und Haltbarkeit steht. Mit diesen Socken werden sich Ihre F\u00fc\u00dfe wie auf Wolke sieben f\u00fchlen, selbst bei den anstrengendsten und anspruchsvollsten Aktivit\u00e4ten.<\/p>\n","protected":false},"excerpt":{"rendered":"<p>Unsere Antirutschsocken, sind aus feinster Merinowolle gefertigt und ein luxuri\u00f6ses Accessoire, das keine W\u00fcnsche offen l\u00e4sst. Tauchen Sie Ihre F\u00fc\u00dfe in die \u00fcppige Weichheit der Merinowolle ein &#8211; ein Material, das f\u00fcr h\u00f6chsten Komfort, W\u00e4rme und Haltbarkeit steht. Mit diesen Socken werden sich Ihre F\u00fc\u00dfe wie auf Wolke sieben f\u00fchlen, selbst bei den anstrengendsten und [&hellip;]<\/p>\n","protected":false},"featured_media":4638,"template":"","meta":{"_acf_changed":false},"product_brand":[],"product_cat":[35,889,61,36,2083,302,420,893,422,421,2082],"product_tag":[1588,1586,2035,1666],"class_list":{"0":"post-9593","1":"product","2":"type-product","3":"status-publish","4":"has-post-thumbnail","6":"product_cat-herren-socken-nach-aktivitaet","7":"product_cat-herren-antirutsch-socken","8":"product_cat-herren-alltagssocken","9":"product_cat-herren-socken-nach-laenge","10":"product_cat-herren-ueberwade-socken","11":"product_cat-damen","12":"product_cat-damen-socken-nach-aktivitaet","13":"product_cat-damen-antirutsch-socken","14":"product_cat-damen-alltagssocken","15":"product_cat-damen-socken-nach-laenge","16":"product_cat-damen-ueberwade-socken","17":"product_tag-anti-rutsch","18":"product_tag-antirutsch-socken","19":"product_tag-warm-socks-de","20":"product_tag-weiche-socken","22":"first","23":"instock","24":"shipping-taxable","25":"purchasable","26":"product-type-variable","27":"has-default-attributes","28":"wvs-archive-product-wrapper"},"acf":[],"_links":{"self":[{"href":"https:\/\/www.wundersocks.com\/de\/wp-json\/wp\/v2\/product\/9593","targetHints":{"allow":["GET"]}}],"collection":[{"href":"https:\/\/www.wundersocks.com\/de\/wp-json\/wp\/v2\/product"}],"about":[{"href":"https:\/\/www.wundersocks.com\/de\/wp-json\/wp\/v2\/types\/product"}],"wp:featuredmedia":[{"embeddable":true,"href":"https:\/\/www.wundersocks.com\/de\/wp-json\/wp\/v2\/media\/4638"}],"wp:attachment":[{"href":"https:\/\/www.wundersocks.com\/de\/wp-json\/wp\/v2\/media?parent=9593"}],"wp:term":[{"taxonomy":"product_brand","embeddable":true,"href":"https:\/\/www.wundersocks.com\/de\/wp-json\/wp\/v2\/product_brand?post=9593"},{"taxonomy":"product_cat","embeddable":true,"href":"https:\/\/www.wundersocks.com\/de\/wp-json\/wp\/v2\/product_cat?post=9593"},{"taxonomy":"product_tag","embeddable":true,"href":"https:\/\/www.wundersocks.com\/de\/wp-json\/wp\/v2\/product_tag?post=9593"}],"curies":[{"name":"wp","href":"https:\/\/api.w.org\/{rel}","templated":true}]}}