{"id":9560,"date":"2023-08-11T03:59:45","date_gmt":"2023-08-11T01:59:45","guid":{"rendered":"https:\/\/www.wundersocks.com\/product\/alp-merino-wandersocken-gegen-blasen-geruchsneutralisierend-4-pack\/"},"modified":"2026-04-22T15:11:11","modified_gmt":"2026-04-22T13:11:11","slug":"merino-wandersocken-alp-4-pack","status":"publish","type":"product","link":"https:\/\/www.wundersocks.com\/de\/produkt\/merino-wandersocken-alp-4-pack\/","title":{"rendered":"ALP+ Merino Wandersocken Gegen Blasen 4-Pack"},"content":{"rendered":"<p>Blasen, Scheuerstellen und Druckstellen geh\u00f6ren der Vergangenheit an &#8211; mit Alp Plus Merino Wandersocken\u00a0bleiben Ihre F\u00fc\u00dfe auf dem Trail l\u00e4chelnd und genie\u00dfen den Komfort der Merinowolle! Speziell f\u00fcr Herren und Damen entwickelt, kann nun jeder mit maximalem Vergn\u00fcgen wandern.<\/p>\n","protected":false},"excerpt":{"rendered":"<p>Blasen, Scheuerstellen und Druckstellen geh\u00f6ren der Vergangenheit an &#8211; mit Alp Plus Merino Wandersocken\u00a0bleiben Ihre F\u00fc\u00dfe auf dem Trail l\u00e4chelnd und genie\u00dfen den Komfort der Merinowolle! Speziell f\u00fcr Herren und Damen entwickelt, kann nun jeder mit maximalem Vergn\u00fcgen wandern.<\/p>\n","protected":false},"featured_media":5490,"template":"","meta":{"_acf_changed":false},"product_brand":[],"product_cat":[35,37,302,420,423,421,435],"product_tag":[1641,1190,1614,1612],"class_list":{"0":"post-9560","1":"product","2":"type-product","3":"status-publish","4":"has-post-thumbnail","6":"product_cat-herren-socken-nach-aktivitaet","7":"product_cat-herren-wandersocken","8":"product_cat-damen","9":"product_cat-damen-socken-nach-aktivitaet","10":"product_cat-damen-wandersocken","11":"product_cat-damen-socken-nach-laenge","12":"product_cat-damen-wadensocken","13":"product_tag-mottorrad-socken","14":"product_tag-sommer-wandersocken","15":"product_tag-wander-socken","16":"product_tag-wandern-de","18":"first","19":"instock","20":"sale","21":"shipping-taxable","22":"purchasable","23":"product-type-variable","24":"has-default-attributes","25":"wvs-archive-product-wrapper"},"acf":[],"_links":{"self":[{"href":"https:\/\/www.wundersocks.com\/de\/wp-json\/wp\/v2\/product\/9560","targetHints":{"allow":["GET"]}}],"collection":[{"href":"https:\/\/www.wundersocks.com\/de\/wp-json\/wp\/v2\/product"}],"about":[{"href":"https:\/\/www.wundersocks.com\/de\/wp-json\/wp\/v2\/types\/product"}],"wp:featuredmedia":[{"embeddable":true,"href":"https:\/\/www.wundersocks.com\/de\/wp-json\/wp\/v2\/media\/5490"}],"wp:attachment":[{"href":"https:\/\/www.wundersocks.com\/de\/wp-json\/wp\/v2\/media?parent=9560"}],"wp:term":[{"taxonomy":"product_brand","embeddable":true,"href":"https:\/\/www.wundersocks.com\/de\/wp-json\/wp\/v2\/product_brand?post=9560"},{"taxonomy":"product_cat","embeddable":true,"href":"https:\/\/www.wundersocks.com\/de\/wp-json\/wp\/v2\/product_cat?post=9560"},{"taxonomy":"product_tag","embeddable":true,"href":"https:\/\/www.wundersocks.com\/de\/wp-json\/wp\/v2\/product_tag?post=9560"}],"curies":[{"name":"wp","href":"https:\/\/api.w.org\/{rel}","templated":true}]}}