{"id":9499,"date":"2023-08-11T04:14:52","date_gmt":"2023-08-11T02:14:52","guid":{"rendered":"https:\/\/www.wundersocks.com\/product\/alp-merino-wandersocken-gegen-blasen-geruchsneutralisierend-2-pack\/"},"modified":"2026-05-05T14:41:16","modified_gmt":"2026-05-05T12:41:16","slug":"merino-wandersocken-alp-2-pack","status":"publish","type":"product","link":"https:\/\/www.wundersocks.com\/de\/produkt\/merino-wandersocken-alp-2-pack\/","title":{"rendered":"Merino Wandersocken gegen Blasen und Druckstellen (2-Pack)"},"content":{"rendered":"<p>Die Alp Plus Wandersocken bieten unschlagbaren Schutz mit Polsterung an den richtigen Stellen, von der Fu\u00dfsohle bis zu den Fersen. Keine Blasen, Scheuerstellen oder Druckstellen mehr, die Sie st\u00f6ren! Wir haben auch darauf geachtet, dass diese Socken kein Gummi enthalten, was sie antibakteriell und geruchsneutral macht &#8211; wer will schon stinkende Socken mit auf seine Outdoor-Reisen nehmen? Und das Beste daran ist die Merinowolle &#8211; sie h\u00e4lt deine F\u00fc\u00dfe trocken und absorbiert gleichzeitig jede zus\u00e4tzliche Feuchtigkeit, so dass deine F\u00fc\u00dfe bei l\u00e4ngeren Wanderungen nicht schwitzen und k\u00fchler bleiben.<\/p>\n","protected":false},"excerpt":{"rendered":"<p>Die Alp Plus Wandersocken bieten unschlagbaren Schutz mit Polsterung an den richtigen Stellen, von der Fu\u00dfsohle bis zu den Fersen. Keine Blasen, Scheuerstellen oder Druckstellen mehr, die Sie st\u00f6ren! Wir haben auch darauf geachtet, dass diese Socken kein Gummi enthalten, was sie antibakteriell und geruchsneutral macht &#8211; wer will schon stinkende Socken mit auf seine [&hellip;]<\/p>\n","protected":false},"featured_media":6065,"template":"","meta":{"_acf_changed":false},"product_brand":[],"product_cat":[2174,35,37,302,420,423,421,435],"product_tag":[1641,1190,1614,1612],"class_list":{"0":"post-9499","1":"product","2":"type-product","3":"status-publish","4":"has-post-thumbnail","6":"product_cat-damen-sommer-essentials","7":"product_cat-herren-socken-nach-aktivitaet","8":"product_cat-herren-wandersocken","9":"product_cat-damen","10":"product_cat-damen-socken-nach-aktivitaet","11":"product_cat-damen-wandersocken","12":"product_cat-damen-socken-nach-laenge","13":"product_cat-damen-wadensocken","14":"product_tag-mottorrad-socken","15":"product_tag-sommer-wandersocken","16":"product_tag-wander-socken","17":"product_tag-wandern-de","19":"first","20":"instock","21":"shipping-taxable","22":"purchasable","23":"product-type-variable","24":"has-default-attributes","25":"wvs-archive-product-wrapper"},"acf":[],"_links":{"self":[{"href":"https:\/\/www.wundersocks.com\/de\/wp-json\/wp\/v2\/product\/9499","targetHints":{"allow":["GET"]}}],"collection":[{"href":"https:\/\/www.wundersocks.com\/de\/wp-json\/wp\/v2\/product"}],"about":[{"href":"https:\/\/www.wundersocks.com\/de\/wp-json\/wp\/v2\/types\/product"}],"wp:featuredmedia":[{"embeddable":true,"href":"https:\/\/www.wundersocks.com\/de\/wp-json\/wp\/v2\/media\/6065"}],"wp:attachment":[{"href":"https:\/\/www.wundersocks.com\/de\/wp-json\/wp\/v2\/media?parent=9499"}],"wp:term":[{"taxonomy":"product_brand","embeddable":true,"href":"https:\/\/www.wundersocks.com\/de\/wp-json\/wp\/v2\/product_brand?post=9499"},{"taxonomy":"product_cat","embeddable":true,"href":"https:\/\/www.wundersocks.com\/de\/wp-json\/wp\/v2\/product_cat?post=9499"},{"taxonomy":"product_tag","embeddable":true,"href":"https:\/\/www.wundersocks.com\/de\/wp-json\/wp\/v2\/product_tag?post=9499"}],"curies":[{"name":"wp","href":"https:\/\/api.w.org\/{rel}","templated":true}]}}