{"id":9405,"date":"2023-08-08T01:42:33","date_gmt":"2023-08-07T23:42:33","guid":{"rendered":"https:\/\/www.wundersocks.com\/product\/merino-wandersocken-alp-plus\/"},"modified":"2026-05-05T15:42:18","modified_gmt":"2026-05-05T13:42:18","slug":"merino-wandersocken-alp-plus","status":"publish","type":"product","link":"https:\/\/www.wundersocks.com\/de\/produkt\/merino-wandersocken-alp-plus\/","title":{"rendered":"Alp+ D\u00fcnne Merinowolle Wandersocken Gegen Blasen"},"content":{"rendered":"<p>D\u00fcnne Merino Wandersocken f\u00fcr Damen und Herren. Fersenschutz gegen Blasen, Scheuer- und Druckstellen. Gepolstert an der Fu\u00dfsohle und im Fersenbereich. Die idealen Merino Socken f\u00fcr Ihre Wanderschuhe. Socken ohne Gummi, antibakteriell und geruchsneutral. Der hohe Merinowolle Anteil hilft gegen Schwei\u00dff\u00fc\u00dfe und h\u00e4lt Ihre F\u00fc\u00dfe trocken.<\/p>\n","protected":false},"excerpt":{"rendered":"<p>D\u00fcnne Merino Wandersocken f\u00fcr Damen und Herren. Fersenschutz gegen Blasen, Scheuer- und Druckstellen. Gepolstert an der Fu\u00dfsohle und im Fersenbereich. Die idealen Merino Socken f\u00fcr Ihre Wanderschuhe. Socken ohne Gummi, antibakteriell und geruchsneutral. Der hohe Merinowolle Anteil hilft gegen Schwei\u00dff\u00fc\u00dfe und h\u00e4lt Ihre F\u00fc\u00dfe trocken.<\/p>\n","protected":false},"featured_media":3795,"template":"","meta":{"_acf_changed":false},"product_brand":[],"product_cat":[2174,1964,2177,999,35,37,2112,302,420,423,2118,421,435],"product_tag":[1942,2008,1948,1166,1004],"class_list":{"0":"post-9405","1":"product","2":"type-product","3":"status-publish","4":"has-post-thumbnail","6":"product_cat-damen-sommer-essentials","7":"product_cat-muttertagsgeschenke","8":"product_cat-herren-sommer-essentials","9":"product_cat-herren","10":"product_cat-herren-socken-nach-aktivitaet","11":"product_cat-herren-wandersocken","12":"product_cat-herren-trail-running-socken","13":"product_cat-damen","14":"product_cat-damen-socken-nach-aktivitaet","15":"product_cat-damen-wandersocken","16":"product_cat-damen-trail-running-socken","17":"product_cat-damen-socken-nach-laenge","18":"product_cat-damen-wadensocken","19":"product_tag-damen-de","20":"product_tag-gepolsterte-socken-de","21":"product_tag-herren-de","22":"product_tag-wandern","23":"product_tag-wandersocken","25":"first","26":"instock","27":"shipping-taxable","28":"purchasable","29":"product-type-variable","30":"has-default-attributes","31":"wvs-archive-product-wrapper"},"acf":[],"_links":{"self":[{"href":"https:\/\/www.wundersocks.com\/de\/wp-json\/wp\/v2\/product\/9405","targetHints":{"allow":["GET"]}}],"collection":[{"href":"https:\/\/www.wundersocks.com\/de\/wp-json\/wp\/v2\/product"}],"about":[{"href":"https:\/\/www.wundersocks.com\/de\/wp-json\/wp\/v2\/types\/product"}],"wp:featuredmedia":[{"embeddable":true,"href":"https:\/\/www.wundersocks.com\/de\/wp-json\/wp\/v2\/media\/3795"}],"wp:attachment":[{"href":"https:\/\/www.wundersocks.com\/de\/wp-json\/wp\/v2\/media?parent=9405"}],"wp:term":[{"taxonomy":"product_brand","embeddable":true,"href":"https:\/\/www.wundersocks.com\/de\/wp-json\/wp\/v2\/product_brand?post=9405"},{"taxonomy":"product_cat","embeddable":true,"href":"https:\/\/www.wundersocks.com\/de\/wp-json\/wp\/v2\/product_cat?post=9405"},{"taxonomy":"product_tag","embeddable":true,"href":"https:\/\/www.wundersocks.com\/de\/wp-json\/wp\/v2\/product_tag?post=9405"}],"curies":[{"name":"wp","href":"https:\/\/api.w.org\/{rel}","templated":true}]}}