{"id":93994,"date":"2025-02-25T14:40:31","date_gmt":"2025-02-25T13:46:03","guid":{"rendered":"https:\/\/www.wundersocks.com\/?post_type=product&#038;p=93994"},"modified":"2025-11-23T11:52:41","modified_gmt":"2025-11-23T10:52:41","slug":"merino-reitsocken-alp-long","status":"publish","type":"product","link":"https:\/\/www.wundersocks.com\/de\/produkt\/merino-reitsocken-alp-long\/","title":{"rendered":"Merino Reitsocken mit gepolsterter Fu\u00dfsohle Alp Long"},"content":{"rendered":"<p>Erlebe h\u00f6chsten Komfort mit unseren kniehohen Merino Reitsocken aus Merinowolle mit gepolsterter Sohle f\u00fcr extra D\u00e4mpfung.<br \/>\nHergestellt aus 80 % Merinowolle, sind sie atmungsaktiv, feuchtigkeitsregulierend und temperaturausgleichend. Unsere Merino Reitsocken haben die Perfekte Passform f\u00fcr jeden Schuh und sind ideal f\u00fcr lange Tage im Sattel.<\/p>\n","protected":false},"excerpt":{"rendered":"<p>Erlebe h\u00f6chsten Komfort mit unseren kniehohen Merino Reitsocken aus Merinowolle mit gepolsterter Sohle f\u00fcr extra D\u00e4mpfung. Hergestellt aus 80 % Merinowolle, sind sie atmungsaktiv, feuchtigkeitsregulierend und temperaturausgleichend. Unsere Merino Reitsocken haben die Perfekte Passform f\u00fcr jeden Schuh und sind ideal f\u00fcr lange Tage im Sattel.<\/p>\n","protected":false},"featured_media":13210,"template":"","meta":{"_acf_changed":false},"product_brand":[],"product_cat":[302,999,433,72,2099,2097,420,35,421,36],"product_tag":[2089,2013,2091],"class_list":{"0":"post-93994","1":"product","2":"type-product","3":"status-publish","4":"has-post-thumbnail","6":"product_cat-damen","7":"product_cat-herren","8":"product_cat-damen-kniestruempfe","9":"product_cat-herren-kniestruempfe","10":"product_cat-damen-reitsocken","11":"product_cat-herren-reitsocken","12":"product_cat-damen-socken-nach-aktivitaet","13":"product_cat-herren-socken-nach-aktivitaet","14":"product_cat-damen-socken-nach-laenge","15":"product_cat-herren-socken-nach-laenge","16":"product_tag-reiten","17":"product_tag-reiter-socken","18":"product_tag-reitsport","20":"first","21":"instock","22":"shipping-taxable","23":"purchasable","24":"product-type-variable","25":"has-default-attributes","26":"wvs-archive-product-wrapper"},"acf":[],"_links":{"self":[{"href":"https:\/\/www.wundersocks.com\/de\/wp-json\/wp\/v2\/product\/93994","targetHints":{"allow":["GET"]}}],"collection":[{"href":"https:\/\/www.wundersocks.com\/de\/wp-json\/wp\/v2\/product"}],"about":[{"href":"https:\/\/www.wundersocks.com\/de\/wp-json\/wp\/v2\/types\/product"}],"wp:featuredmedia":[{"embeddable":true,"href":"https:\/\/www.wundersocks.com\/de\/wp-json\/wp\/v2\/media\/13210"}],"wp:attachment":[{"href":"https:\/\/www.wundersocks.com\/de\/wp-json\/wp\/v2\/media?parent=93994"}],"wp:term":[{"taxonomy":"product_brand","embeddable":true,"href":"https:\/\/www.wundersocks.com\/de\/wp-json\/wp\/v2\/product_brand?post=93994"},{"taxonomy":"product_cat","embeddable":true,"href":"https:\/\/www.wundersocks.com\/de\/wp-json\/wp\/v2\/product_cat?post=93994"},{"taxonomy":"product_tag","embeddable":true,"href":"https:\/\/www.wundersocks.com\/de\/wp-json\/wp\/v2\/product_tag?post=93994"}],"curies":[{"name":"wp","href":"https:\/\/api.w.org\/{rel}","templated":true}]}}