{"id":93917,"date":"2025-02-25T14:36:53","date_gmt":"2025-02-25T13:42:19","guid":{"rendered":"https:\/\/www.wundersocks.com\/?post_type=product&#038;p=93917"},"modified":"2026-03-27T15:00:06","modified_gmt":"2026-03-27T14:00:06","slug":"merino-reitsocken-alp-lite-long","status":"publish","type":"product","link":"https:\/\/www.wundersocks.com\/de\/produkt\/merino-reitsocken-alp-lite-long\/","title":{"rendered":"D\u00fcnne Premium Merino Reitsocken Alp Lite Long"},"content":{"rendered":"<p>Erlebe h\u00f6chsten Komfort mit unseren kniehohen, ultrad\u00fcnnen Merino Reitsocken aus 80 % Merinowolle. Sie sind atmungsaktiv, feuchtigkeitsregulierend und temperaturausgleichend. Diese Merino Reitsocken haben die perfekte Passform f\u00fcr jeden Schuh \u2013\u00a0 besten Tragekomfort und optimale Performance im Sattel.<\/p>\n","protected":false},"excerpt":{"rendered":"<p>Erlebe h\u00f6chsten Komfort mit unseren kniehohen, ultrad\u00fcnnen Merino Reitsocken aus 80 % Merinowolle. Sie sind atmungsaktiv, feuchtigkeitsregulierend und temperaturausgleichend. Diese Merino Reitsocken haben die perfekte Passform f\u00fcr jeden Schuh \u2013\u00a0 besten Tragekomfort und optimale Performance im Sattel.<\/p>\n","protected":false},"featured_media":4252,"template":"","meta":{"_acf_changed":false},"product_brand":[],"product_cat":[302,999,433,72,2097,2099,35,420,421,36],"product_tag":[1606,2089,2090,2013,2091],"class_list":{"0":"post-93917","1":"product","2":"type-product","3":"status-publish","4":"has-post-thumbnail","6":"product_cat-damen","7":"product_cat-herren","8":"product_cat-damen-kniestruempfe","9":"product_cat-herren-kniestruempfe","10":"product_cat-herren-reitsocken","11":"product_cat-damen-reitsocken","12":"product_cat-herren-socken-nach-aktivitaet","13":"product_cat-damen-socken-nach-aktivitaet","14":"product_cat-damen-socken-nach-laenge","15":"product_cat-herren-socken-nach-laenge","16":"product_tag-extra-thin-de","17":"product_tag-reiten","18":"product_tag-reiten-de","19":"product_tag-reiter-socken","20":"product_tag-reitsport","22":"first","23":"instock","24":"shipping-taxable","25":"purchasable","26":"product-type-variable","27":"has-default-attributes","28":"wvs-archive-product-wrapper"},"acf":[],"_links":{"self":[{"href":"https:\/\/www.wundersocks.com\/de\/wp-json\/wp\/v2\/product\/93917","targetHints":{"allow":["GET"]}}],"collection":[{"href":"https:\/\/www.wundersocks.com\/de\/wp-json\/wp\/v2\/product"}],"about":[{"href":"https:\/\/www.wundersocks.com\/de\/wp-json\/wp\/v2\/types\/product"}],"wp:featuredmedia":[{"embeddable":true,"href":"https:\/\/www.wundersocks.com\/de\/wp-json\/wp\/v2\/media\/4252"}],"wp:attachment":[{"href":"https:\/\/www.wundersocks.com\/de\/wp-json\/wp\/v2\/media?parent=93917"}],"wp:term":[{"taxonomy":"product_brand","embeddable":true,"href":"https:\/\/www.wundersocks.com\/de\/wp-json\/wp\/v2\/product_brand?post=93917"},{"taxonomy":"product_cat","embeddable":true,"href":"https:\/\/www.wundersocks.com\/de\/wp-json\/wp\/v2\/product_cat?post=93917"},{"taxonomy":"product_tag","embeddable":true,"href":"https:\/\/www.wundersocks.com\/de\/wp-json\/wp\/v2\/product_tag?post=93917"}],"curies":[{"name":"wp","href":"https:\/\/api.w.org\/{rel}","templated":true}]}}