{"id":9382,"date":"2023-08-10T03:07:24","date_gmt":"2023-08-10T01:07:24","guid":{"rendered":"https:\/\/www.wundersocks.com\/product\/merino-socken-ohne-gummi-alp-wide-lite\/"},"modified":"2026-04-01T23:43:47","modified_gmt":"2026-04-01T21:43:47","slug":"duenne-merino-socken-ohne-gummi-alp-wide-lite","status":"publish","type":"product","link":"https:\/\/www.wundersocks.com\/de\/produkt\/duenne-merino-socken-ohne-gummi-alp-wide-lite\/","title":{"rendered":"Alp Wide Lite Extra Breite, D\u00fcnne Merino Socken ohne Gummi Diabetikersocken"},"content":{"rendered":"<p>D\u00fcnne Merino Socken ohne Gummi f\u00fcr\u00a0extrabreite\u00a0F\u00fc\u00dfe und Waden. Ideal bei Problemf\u00fc\u00dfen, geschwollenen F\u00fc\u00dfen. Diabetiker Socken (d\u00fcnn).\u00a080%\u00a0Merinowolle, ohne Naht und\u00a0Gummi\u00a0an\u00a0Wade.\u00a0Diese Socken verbessern die Durchblutung und schneiden nicht ein.\u00a0Bei K\u00e4lte auch Socken gegen kalte F\u00fc\u00dfe.<\/p>\n","protected":false},"excerpt":{"rendered":"<p>D\u00fcnne Merino Socken ohne Gummi f\u00fcr\u00a0extrabreite\u00a0F\u00fc\u00dfe und Waden. Ideal bei Problemf\u00fc\u00dfen, geschwollenen F\u00fc\u00dfen. Diabetiker Socken (d\u00fcnn).\u00a080%\u00a0Merinowolle, ohne Naht und\u00a0Gummi\u00a0an\u00a0Wade.\u00a0Diese Socken verbessern die Durchblutung und schneiden nicht ein.\u00a0Bei K\u00e4lte auch Socken gegen kalte F\u00fc\u00dfe.<\/p>\n","protected":false},"featured_media":2052,"template":"","meta":{"_acf_changed":false},"product_brand":[],"product_cat":[999,35,61,36,71,1055,1075,1072,1071,302,420,422,421,435,1056,1062,1064,1066],"product_tag":[1011,1885,1606,1607],"class_list":{"0":"post-9382","1":"product","2":"type-product","3":"status-publish","4":"has-post-thumbnail","6":"product_cat-herren","7":"product_cat-herren-socken-nach-aktivitaet","8":"product_cat-herren-alltagssocken","9":"product_cat-herren-socken-nach-laenge","10":"product_cat-herren-wadensocken","11":"product_cat-herren-rehabilitation-und-gesundheit","12":"product_cat-herren-socken-fuer-geschwollenen-fuesse","13":"product_cat-herren-socken-fuer-breite-fuesse-und-waden","14":"product_cat-damen-diabetikersocken","15":"product_cat-damen","16":"product_cat-damen-socken-nach-aktivitaet","17":"product_cat-damen-alltagssocken","18":"product_cat-damen-socken-nach-laenge","19":"product_cat-damen-wadensocken","20":"product_cat-damen-rehabilitation-und-gesundheit","21":"product_cat-herren-diabetikersocken","22":"product_cat-damen-socken-fuer-geschwollenen-fuesse","23":"product_cat-damen-socken-fuer-breite-fuesse-und-waden","24":"product_tag-diabetiker","25":"product_tag-diabetiker-socken","26":"product_tag-extra-thin-de","27":"product_tag-extra-weit-de","29":"first","30":"instock","31":"shipping-taxable","32":"purchasable","33":"product-type-variable","34":"has-default-attributes","35":"wvs-archive-product-wrapper"},"acf":[],"_links":{"self":[{"href":"https:\/\/www.wundersocks.com\/de\/wp-json\/wp\/v2\/product\/9382","targetHints":{"allow":["GET"]}}],"collection":[{"href":"https:\/\/www.wundersocks.com\/de\/wp-json\/wp\/v2\/product"}],"about":[{"href":"https:\/\/www.wundersocks.com\/de\/wp-json\/wp\/v2\/types\/product"}],"wp:featuredmedia":[{"embeddable":true,"href":"https:\/\/www.wundersocks.com\/de\/wp-json\/wp\/v2\/media\/2052"}],"wp:attachment":[{"href":"https:\/\/www.wundersocks.com\/de\/wp-json\/wp\/v2\/media?parent=9382"}],"wp:term":[{"taxonomy":"product_brand","embeddable":true,"href":"https:\/\/www.wundersocks.com\/de\/wp-json\/wp\/v2\/product_brand?post=9382"},{"taxonomy":"product_cat","embeddable":true,"href":"https:\/\/www.wundersocks.com\/de\/wp-json\/wp\/v2\/product_cat?post=9382"},{"taxonomy":"product_tag","embeddable":true,"href":"https:\/\/www.wundersocks.com\/de\/wp-json\/wp\/v2\/product_tag?post=9382"}],"curies":[{"name":"wp","href":"https:\/\/api.w.org\/{rel}","templated":true}]}}