{"id":9350,"date":"2023-08-10T02:59:32","date_gmt":"2023-08-10T00:59:32","guid":{"rendered":"https:\/\/www.wundersocks.com\/product\/merino-socken-ohne-gummi-alp-wide\/"},"modified":"2026-05-04T12:14:41","modified_gmt":"2026-05-04T10:14:41","slug":"merino-socken-ohne-gummi-diabetiker-socken-alp-wide","status":"publish","type":"product","link":"https:\/\/www.wundersocks.com\/de\/produkt\/merino-socken-ohne-gummi-diabetiker-socken-alp-wide\/","title":{"rendered":"Alp Wide Merino Wollsocken Extra Breit Ohne Naht und Gummi Diabetiker Socken"},"content":{"rendered":"<p>F\u00fcr Diabetiker bieten die Alp Wide Diabetiker Socken genau die Unterst\u00fctzung, die Sie brauchen. Sie sind ohne Gummizug oder N\u00e4hte an den Waden gefertigt und f\u00f6rdern die Durchblutung, so dass Ihre F\u00fc\u00dfe den ganzen Tag \u00fcber w\u00e4rmer und angenehmer bleiben. Und sie schneiden nicht ein wie herk\u00f6mmliche Socken, was sie zur perfekten Wahl f\u00fcr Menschen mit problematischen und geschwollenen F\u00fc\u00dfen macht.<\/p>\n","protected":false},"excerpt":{"rendered":"<p>F\u00fcr Diabetiker bieten die Alp Wide Diabetiker Socken genau die Unterst\u00fctzung, die Sie brauchen. Sie sind ohne Gummizug oder N\u00e4hte an den Waden gefertigt und f\u00f6rdern die Durchblutung, so dass Ihre F\u00fc\u00dfe den ganzen Tag \u00fcber w\u00e4rmer und angenehmer bleiben. Und sie schneiden nicht ein wie herk\u00f6mmliche Socken, was sie zur perfekten Wahl f\u00fcr Menschen [&hellip;]<\/p>\n","protected":false},"featured_media":15311,"template":"","meta":{"_acf_changed":false},"product_brand":[],"product_cat":[999,35,61,36,71,1055,1075,1072,1071,302,420,422,421,435,1056,1062,1064,1066],"product_tag":[1084,1011,1885,1607],"class_list":{"0":"post-9350","1":"product","2":"type-product","3":"status-publish","4":"has-post-thumbnail","6":"product_cat-herren","7":"product_cat-herren-socken-nach-aktivitaet","8":"product_cat-herren-alltagssocken","9":"product_cat-herren-socken-nach-laenge","10":"product_cat-herren-wadensocken","11":"product_cat-herren-rehabilitation-und-gesundheit","12":"product_cat-herren-socken-fuer-geschwollenen-fuesse","13":"product_cat-herren-socken-fuer-breite-fuesse-und-waden","14":"product_cat-damen-diabetikersocken","15":"product_cat-damen","16":"product_cat-damen-socken-nach-aktivitaet","17":"product_cat-damen-alltagssocken","18":"product_cat-damen-socken-nach-laenge","19":"product_cat-damen-wadensocken","20":"product_cat-damen-rehabilitation-und-gesundheit","21":"product_cat-herren-diabetikersocken","22":"product_cat-damen-socken-fuer-geschwollenen-fuesse","23":"product_cat-damen-socken-fuer-breite-fuesse-und-waden","24":"product_tag-alltagssocken","25":"product_tag-diabetiker","26":"product_tag-diabetiker-socken","27":"product_tag-extra-weit-de","29":"first","30":"instock","31":"shipping-taxable","32":"purchasable","33":"product-type-variable","34":"has-default-attributes","35":"wvs-archive-product-wrapper"},"acf":[],"_links":{"self":[{"href":"https:\/\/www.wundersocks.com\/de\/wp-json\/wp\/v2\/product\/9350","targetHints":{"allow":["GET"]}}],"collection":[{"href":"https:\/\/www.wundersocks.com\/de\/wp-json\/wp\/v2\/product"}],"about":[{"href":"https:\/\/www.wundersocks.com\/de\/wp-json\/wp\/v2\/types\/product"}],"wp:featuredmedia":[{"embeddable":true,"href":"https:\/\/www.wundersocks.com\/de\/wp-json\/wp\/v2\/media\/15311"}],"wp:attachment":[{"href":"https:\/\/www.wundersocks.com\/de\/wp-json\/wp\/v2\/media?parent=9350"}],"wp:term":[{"taxonomy":"product_brand","embeddable":true,"href":"https:\/\/www.wundersocks.com\/de\/wp-json\/wp\/v2\/product_brand?post=9350"},{"taxonomy":"product_cat","embeddable":true,"href":"https:\/\/www.wundersocks.com\/de\/wp-json\/wp\/v2\/product_cat?post=9350"},{"taxonomy":"product_tag","embeddable":true,"href":"https:\/\/www.wundersocks.com\/de\/wp-json\/wp\/v2\/product_tag?post=9350"}],"curies":[{"name":"wp","href":"https:\/\/api.w.org\/{rel}","templated":true}]}}