{"id":93488,"date":"2025-02-04T13:18:37","date_gmt":"2025-02-04T12:18:37","guid":{"rendered":"https:\/\/www.wundersocks.com\/product\/knochelsocken-zum-klettern-go-lite\/"},"modified":"2026-05-02T18:34:31","modified_gmt":"2026-05-02T16:34:31","slug":"knochelsocken-zum-klettern-go-lite","status":"publish","type":"product","link":"https:\/\/www.wundersocks.com\/de\/produkt\/knochelsocken-zum-klettern-go-lite\/","title":{"rendered":"Merino Kn\u00f6chelsocken zum Klettern f\u00fcr Damen und Herren"},"content":{"rendered":"<p>Bleib komfortabel und fokussiert mit unseren Merino-Kn\u00f6chelsocken zum Klettern f\u00fcr Damen und Herren. Hergestellt aus hochwertiger Merinowolle, bieten diese Merinosocken hervorragende Feuchtigkeitsregulierung, Atmungsaktivit\u00e4t und Geruchshemmung. Unsere Kn\u00f6chelsocken zum Klettern sind langlebig und passen sich perfekt an, damit du bei Indoor- und Outdoor-Abenteuern beste Performance erzielst.<\/p>\n","protected":false},"excerpt":{"rendered":"<p>Bleib komfortabel und fokussiert mit unseren Merino-Kn\u00f6chelsocken zum Klettern f\u00fcr Damen und Herren. Hergestellt aus hochwertiger Merinowolle, bieten diese Merinosocken hervorragende Feuchtigkeitsregulierung, Atmungsaktivit\u00e4t und Geruchshemmung. Unsere Kn\u00f6chelsocken zum Klettern sind langlebig und passen sich perfekt an, damit du bei Indoor- und Outdoor-Abenteuern beste Performance erzielst.<\/p>\n","protected":false},"featured_media":4710,"template":"","meta":{"_acf_changed":false},"product_brand":[],"product_cat":[302,999,2076,2078,706,432,2177,35,421,36],"product_tag":[2066,1584],"class_list":{"0":"post-93488","1":"product","2":"type-product","3":"status-publish","4":"has-post-thumbnail","6":"product_cat-damen","7":"product_cat-herren","8":"product_cat-herren-klettersocken","9":"product_cat-damen-klettersocken","10":"product_cat-herren-knoechelsocken","11":"product_cat-damen-knoechelsocken","12":"product_cat-herren-sommer-essentials","13":"product_cat-herren-socken-nach-aktivitaet","14":"product_cat-damen-socken-nach-laenge","15":"product_cat-herren-socken-nach-laenge","16":"product_tag-klettersocken","17":"product_tag-knoechelsocken","19":"first","20":"instock","21":"shipping-taxable","22":"purchasable","23":"product-type-variable","24":"has-default-attributes","25":"wvs-archive-product-wrapper"},"acf":[],"_links":{"self":[{"href":"https:\/\/www.wundersocks.com\/de\/wp-json\/wp\/v2\/product\/93488","targetHints":{"allow":["GET"]}}],"collection":[{"href":"https:\/\/www.wundersocks.com\/de\/wp-json\/wp\/v2\/product"}],"about":[{"href":"https:\/\/www.wundersocks.com\/de\/wp-json\/wp\/v2\/types\/product"}],"wp:featuredmedia":[{"embeddable":true,"href":"https:\/\/www.wundersocks.com\/de\/wp-json\/wp\/v2\/media\/4710"}],"wp:attachment":[{"href":"https:\/\/www.wundersocks.com\/de\/wp-json\/wp\/v2\/media?parent=93488"}],"wp:term":[{"taxonomy":"product_brand","embeddable":true,"href":"https:\/\/www.wundersocks.com\/de\/wp-json\/wp\/v2\/product_brand?post=93488"},{"taxonomy":"product_cat","embeddable":true,"href":"https:\/\/www.wundersocks.com\/de\/wp-json\/wp\/v2\/product_cat?post=93488"},{"taxonomy":"product_tag","embeddable":true,"href":"https:\/\/www.wundersocks.com\/de\/wp-json\/wp\/v2\/product_tag?post=93488"}],"curies":[{"name":"wp","href":"https:\/\/api.w.org\/{rel}","templated":true}]}}