{"id":9318,"date":"2023-08-17T01:50:23","date_gmt":"2023-08-16T23:50:23","guid":{"rendered":"https:\/\/www.wundersocks.com\/product\/alp-8-pack\/"},"modified":"2026-04-14T18:44:16","modified_gmt":"2026-04-14T16:44:16","slug":"merino-socken-alp-8-pack","status":"publish","type":"product","link":"https:\/\/www.wundersocks.com\/de\/produkt\/merino-socken-alp-8-pack\/","title":{"rendered":"Alp Merino Socken Gepolstert Medium Crew Socken 8-Pack"},"content":{"rendered":"<p>Sie suchen Merino Socken, die jeden Tag extremen Komfort bietet? Dann sind unsere Freizeitsocken genau das Richtige f\u00fcr Sie! Mit extra Polsterung an den Fu\u00dfsohlen und speziellen Materialmischungen, die den Schwei\u00df ableiten, sind diese Merino Socken die perfekte Wahl f\u00fcr ganzt\u00e4gigen Komfort. Hergestellt aus Merinowolle, m\u00fcssen Sie sich keine Sorgen mehr \u00fcber hei\u00dfe F\u00fc\u00dfe, Blasen, Scheuern oder unertr\u00e4gliche Druckstellen machen. Und da der elastische Bund entfernt wurde, ist zus\u00e4tzlicher Komfort garantiert!<\/p>\n","protected":false},"excerpt":{"rendered":"<p>Sie suchen Merino Socken, die jeden Tag extremen Komfort bietet? Dann sind unsere Freizeitsocken genau das Richtige f\u00fcr Sie! Mit extra Polsterung an den Fu\u00dfsohlen und speziellen Materialmischungen, die den Schwei\u00df ableiten, sind diese Merino Socken die perfekte Wahl f\u00fcr ganzt\u00e4gigen Komfort. Hergestellt aus Merinowolle, m\u00fcssen Sie sich keine Sorgen mehr \u00fcber hei\u00dfe F\u00fc\u00dfe, Blasen, [&hellip;]<\/p>\n","protected":false},"featured_media":14054,"template":"","meta":{"_acf_changed":false},"product_brand":[],"product_cat":[35,61,302,420,422,421,435],"product_tag":[1579,1597,1582,1086,1576],"class_list":{"0":"post-9318","1":"product","2":"type-product","3":"status-publish","4":"has-post-thumbnail","6":"product_cat-herren-socken-nach-aktivitaet","7":"product_cat-herren-alltagssocken","8":"product_cat-damen","9":"product_cat-damen-socken-nach-aktivitaet","10":"product_cat-damen-alltagssocken","11":"product_cat-damen-socken-nach-laenge","12":"product_cat-damen-wadensocken","13":"product_tag-alltag-de","14":"product_tag-laessig","15":"product_tag-laufen","16":"product_tag-lifestyle","17":"product_tag-ciclismo","19":"first","20":"instock","21":"sale","22":"shipping-taxable","23":"purchasable","24":"product-type-variable","25":"has-default-attributes","26":"wvs-archive-product-wrapper"},"acf":[],"_links":{"self":[{"href":"https:\/\/www.wundersocks.com\/de\/wp-json\/wp\/v2\/product\/9318","targetHints":{"allow":["GET"]}}],"collection":[{"href":"https:\/\/www.wundersocks.com\/de\/wp-json\/wp\/v2\/product"}],"about":[{"href":"https:\/\/www.wundersocks.com\/de\/wp-json\/wp\/v2\/types\/product"}],"wp:featuredmedia":[{"embeddable":true,"href":"https:\/\/www.wundersocks.com\/de\/wp-json\/wp\/v2\/media\/14054"}],"wp:attachment":[{"href":"https:\/\/www.wundersocks.com\/de\/wp-json\/wp\/v2\/media?parent=9318"}],"wp:term":[{"taxonomy":"product_brand","embeddable":true,"href":"https:\/\/www.wundersocks.com\/de\/wp-json\/wp\/v2\/product_brand?post=9318"},{"taxonomy":"product_cat","embeddable":true,"href":"https:\/\/www.wundersocks.com\/de\/wp-json\/wp\/v2\/product_cat?post=9318"},{"taxonomy":"product_tag","embeddable":true,"href":"https:\/\/www.wundersocks.com\/de\/wp-json\/wp\/v2\/product_tag?post=9318"}],"curies":[{"name":"wp","href":"https:\/\/api.w.org\/{rel}","templated":true}]}}