{"id":9286,"date":"2023-08-17T01:43:27","date_gmt":"2023-08-16T23:43:27","guid":{"rendered":"https:\/\/www.wundersocks.com\/product\/alp-merino-socken-gepolstert-medium-crew-socks-4-pack\/"},"modified":"2026-05-05T16:22:20","modified_gmt":"2026-05-05T14:22:20","slug":"merino-socken-4-pack-alp","status":"publish","type":"product","link":"https:\/\/www.wundersocks.com\/de\/produkt\/merino-socken-4-pack-alp\/","title":{"rendered":"Alp Merino Socken Gepolstert Medium Crew Socken 4-Pack"},"content":{"rendered":"<p>Unser Freizeit Merino Socken Multipack mit 4 Paaren ist der t\u00e4gliche Komfort f\u00fcr Ihre F\u00fc\u00dfe! Diese stilvollen und schicken Merino Socken passen zu jedem Wochenendausflug ins Freie, zu l\u00e4ssigen Treffen oder zu allt\u00e4glichen Abenteuern. Perfekt f\u00fcr jedes Outfit und jeden Anlass, sind sie hier zu bleiben w\u00e4hrend jeder peripatetischen Ausflug oder Tage der Entspannung.<\/p>\n","protected":false},"excerpt":{"rendered":"<p>Unser Freizeit Merino Socken Multipack mit 4 Paaren ist der t\u00e4gliche Komfort f\u00fcr Ihre F\u00fc\u00dfe! Diese stilvollen und schicken Merino Socken passen zu jedem Wochenendausflug ins Freie, zu l\u00e4ssigen Treffen oder zu allt\u00e4glichen Abenteuern. Perfekt f\u00fcr jedes Outfit und jeden Anlass, sind sie hier zu bleiben w\u00e4hrend jeder peripatetischen Ausflug oder Tage der Entspannung.<\/p>\n","protected":false},"featured_media":6206,"template":"","meta":{"_acf_changed":false},"product_brand":[],"product_cat":[35,61,65,38,1182,36,71,302,420,422,426,425,1183,421,435],"product_tag":[1084,1623,1603],"class_list":{"0":"post-9286","1":"product","2":"type-product","3":"status-publish","4":"has-post-thumbnail","6":"product_cat-herren-socken-nach-aktivitaet","7":"product_cat-herren-alltagssocken","8":"product_cat-herren-fahrradsocken","9":"product_cat-herren-laufsocken","10":"product_cat-herren-pickleball-socken","11":"product_cat-herren-socken-nach-laenge","12":"product_cat-herren-wadensocken","13":"product_cat-damen","14":"product_cat-damen-socken-nach-aktivitaet","15":"product_cat-damen-alltagssocken","16":"product_cat-damen-fahrradsocken","17":"product_cat-damen-laufsocken","18":"product_cat-damen-pickleball-socken","19":"product_cat-damen-socken-nach-laenge","20":"product_cat-damen-wadensocken","21":"product_tag-alltagssocken","22":"product_tag-freizeit-socken","23":"product_tag-kurzsocken","25":"first","26":"instock","27":"sale","28":"shipping-taxable","29":"purchasable","30":"product-type-variable","31":"has-default-attributes","32":"wvs-archive-product-wrapper"},"acf":[],"_links":{"self":[{"href":"https:\/\/www.wundersocks.com\/de\/wp-json\/wp\/v2\/product\/9286","targetHints":{"allow":["GET"]}}],"collection":[{"href":"https:\/\/www.wundersocks.com\/de\/wp-json\/wp\/v2\/product"}],"about":[{"href":"https:\/\/www.wundersocks.com\/de\/wp-json\/wp\/v2\/types\/product"}],"wp:featuredmedia":[{"embeddable":true,"href":"https:\/\/www.wundersocks.com\/de\/wp-json\/wp\/v2\/media\/6206"}],"wp:attachment":[{"href":"https:\/\/www.wundersocks.com\/de\/wp-json\/wp\/v2\/media?parent=9286"}],"wp:term":[{"taxonomy":"product_brand","embeddable":true,"href":"https:\/\/www.wundersocks.com\/de\/wp-json\/wp\/v2\/product_brand?post=9286"},{"taxonomy":"product_cat","embeddable":true,"href":"https:\/\/www.wundersocks.com\/de\/wp-json\/wp\/v2\/product_cat?post=9286"},{"taxonomy":"product_tag","embeddable":true,"href":"https:\/\/www.wundersocks.com\/de\/wp-json\/wp\/v2\/product_tag?post=9286"}],"curies":[{"name":"wp","href":"https:\/\/api.w.org\/{rel}","templated":true}]}}