{"id":92602,"date":"2025-01-08T11:39:33","date_gmt":"2025-01-08T10:58:21","guid":{"rendered":"https:\/\/www.wundersocks.com\/?post_type=product&#038;p=92602"},"modified":"2026-03-16T10:34:06","modified_gmt":"2026-03-16T09:34:06","slug":"thermo-unterwasche-arila-dana","status":"publish","type":"product","link":"https:\/\/www.wundersocks.com\/de\/produkt\/thermo-unterwasche-arila-dana\/","title":{"rendered":"Damen Merino Thermo-Unterw\u00e4sche Set"},"content":{"rendered":"<p>Bleiben Sie warm und komfortabel mit unserem Damen Merino Thermo-Unterw\u00e4sche Set. Hergestellt aus 100 % hochwertiger Merinowolle, ist dieses Set perfekt zum Schichten bei Outdoor-Aktivit\u00e4ten oder als gem\u00fctliche Loungewear. Die nat\u00fcrlichen feuchtigkeitsableitenden und geruchsresistenten Eigenschaften der Merinowolle sorgen daf\u00fcr, dass Sie unter allen Bedingungen frisch und trocken bleiben. Das Set umfasst ein lang\u00e4rmeliges Oberteil und passende Leggings, die f\u00fcr eine schmeichelhafte Passform und optimale Bewegungsfreiheit sorgen.<\/p>\n","protected":false},"excerpt":{"rendered":"<p>Bleiben Sie warm und komfortabel mit unserem Damen Merino Thermo-Unterw\u00e4sche Set. Hergestellt aus 100 % hochwertiger Merinowolle, ist dieses Set perfekt zum Schichten bei Outdoor-Aktivit\u00e4ten oder als gem\u00fctliche Loungewear. Die nat\u00fcrlichen feuchtigkeitsableitenden und geruchsresistenten Eigenschaften der Merinowolle sorgen daf\u00fcr, dass Sie unter allen Bedingungen frisch und trocken bleiben. Das Set umfasst ein lang\u00e4rmeliges Oberteil und [&hellip;]<\/p>\n","protected":false},"featured_media":95732,"template":"","meta":{"_acf_changed":false},"product_brand":[],"product_cat":[302,2071,440,438,436,2027],"product_tag":[1214,1225,1226],"class_list":{"0":"post-92602","1":"product","2":"type-product","3":"status-publish","4":"has-post-thumbnail","6":"product_cat-damen","7":"product_cat-damen-funktionswaesche-baselayer","8":"product_cat-damen-hosen-und-leggings","9":"product_cat-damen-langarmshirts","10":"product_cat-damen-merino-bekleidung","11":"product_cat-damen-unterwaesche-merino","12":"product_tag-merino-skiunterwasche","13":"product_tag-merino-unterwaesche","14":"product_tag-thermo-unterwaesche-de","16":"first","17":"instock","18":"sale","19":"shipping-taxable","20":"purchasable","21":"product-type-variable","22":"has-default-attributes","23":"wvs-archive-product-wrapper"},"acf":[],"_links":{"self":[{"href":"https:\/\/www.wundersocks.com\/de\/wp-json\/wp\/v2\/product\/92602","targetHints":{"allow":["GET"]}}],"collection":[{"href":"https:\/\/www.wundersocks.com\/de\/wp-json\/wp\/v2\/product"}],"about":[{"href":"https:\/\/www.wundersocks.com\/de\/wp-json\/wp\/v2\/types\/product"}],"wp:featuredmedia":[{"embeddable":true,"href":"https:\/\/www.wundersocks.com\/de\/wp-json\/wp\/v2\/media\/95732"}],"wp:attachment":[{"href":"https:\/\/www.wundersocks.com\/de\/wp-json\/wp\/v2\/media?parent=92602"}],"wp:term":[{"taxonomy":"product_brand","embeddable":true,"href":"https:\/\/www.wundersocks.com\/de\/wp-json\/wp\/v2\/product_brand?post=92602"},{"taxonomy":"product_cat","embeddable":true,"href":"https:\/\/www.wundersocks.com\/de\/wp-json\/wp\/v2\/product_cat?post=92602"},{"taxonomy":"product_tag","embeddable":true,"href":"https:\/\/www.wundersocks.com\/de\/wp-json\/wp\/v2\/product_tag?post=92602"}],"curies":[{"name":"wp","href":"https:\/\/api.w.org\/{rel}","templated":true}]}}