{"id":90426,"date":"2024-11-25T12:50:13","date_gmt":"2024-11-25T11:52:32","guid":{"rendered":"https:\/\/www.wundersocks.com\/?post_type=product&#038;p=90426"},"modified":"2026-01-25T13:39:11","modified_gmt":"2026-01-25T12:39:11","slug":"business-kniestruempfe-alp-long-4-pack","status":"publish","type":"product","link":"https:\/\/www.wundersocks.com\/de\/produkt\/business-kniestruempfe-alp-long-4-pack\/","title":{"rendered":"Merino Business Kniestr\u00fcmpfe Kniehohe Merino Socken Alp Long 4-Pack"},"content":{"rendered":"<p>Verdoppeln Sie Komfort und Stil mit unserem 4er-Pack Merino Business Kniestr\u00fcmpfe. Gefertigt aus hochwertiger Merinowolle sind diese Business Kniestr\u00fcmpfe weich, atmungsaktiv und ideal f\u00fcr lange Arbeitstage. Sie \u00fcberzeugen durch Langlebigkeit und Eleganz und halten Ihre F\u00fc\u00dfe den ganzen Tag frisch und bequem. Mit vier Paaren in diesem Set haben Sie immer die perfekte Wahl f\u00fcr jeden professionellen Anlass.<\/p>\n","protected":false},"excerpt":{"rendered":"<p>Verdoppeln Sie Komfort und Stil mit unserem 4er-Pack Merino Business Kniestr\u00fcmpfe. Gefertigt aus hochwertiger Merinowolle sind diese Business Kniestr\u00fcmpfe weich, atmungsaktiv und ideal f\u00fcr lange Arbeitstage. Sie \u00fcberzeugen durch Langlebigkeit und Eleganz und halten Ihre F\u00fc\u00dfe den ganzen Tag frisch und bequem. Mit vier Paaren in diesem Set haben Sie immer die perfekte Wahl f\u00fcr [&hellip;]<\/p>\n","protected":false},"featured_media":90206,"template":"","meta":{"_acf_changed":false},"product_brand":[],"product_cat":[59,302,999,72,433,421,36],"product_tag":[],"class_list":{"0":"post-90426","1":"product","2":"type-product","3":"status-publish","4":"has-post-thumbnail","6":"product_cat-herren-business-socken","7":"product_cat-damen","8":"product_cat-herren","9":"product_cat-herren-kniestruempfe","10":"product_cat-damen-kniestruempfe","11":"product_cat-damen-socken-nach-laenge","12":"product_cat-herren-socken-nach-laenge","14":"first","15":"instock","16":"sale","17":"shipping-taxable","18":"purchasable","19":"product-type-variable","20":"has-default-attributes","21":"wvs-archive-product-wrapper"},"acf":[],"_links":{"self":[{"href":"https:\/\/www.wundersocks.com\/de\/wp-json\/wp\/v2\/product\/90426","targetHints":{"allow":["GET"]}}],"collection":[{"href":"https:\/\/www.wundersocks.com\/de\/wp-json\/wp\/v2\/product"}],"about":[{"href":"https:\/\/www.wundersocks.com\/de\/wp-json\/wp\/v2\/types\/product"}],"wp:featuredmedia":[{"embeddable":true,"href":"https:\/\/www.wundersocks.com\/de\/wp-json\/wp\/v2\/media\/90206"}],"wp:attachment":[{"href":"https:\/\/www.wundersocks.com\/de\/wp-json\/wp\/v2\/media?parent=90426"}],"wp:term":[{"taxonomy":"product_brand","embeddable":true,"href":"https:\/\/www.wundersocks.com\/de\/wp-json\/wp\/v2\/product_brand?post=90426"},{"taxonomy":"product_cat","embeddable":true,"href":"https:\/\/www.wundersocks.com\/de\/wp-json\/wp\/v2\/product_cat?post=90426"},{"taxonomy":"product_tag","embeddable":true,"href":"https:\/\/www.wundersocks.com\/de\/wp-json\/wp\/v2\/product_tag?post=90426"}],"curies":[{"name":"wp","href":"https:\/\/api.w.org\/{rel}","templated":true}]}}