{"id":90372,"date":"2024-11-25T11:18:08","date_gmt":"2024-11-25T10:21:13","guid":{"rendered":"https:\/\/www.wundersocks.com\/?post_type=product&#038;p=90372"},"modified":"2026-01-16T09:29:49","modified_gmt":"2026-01-16T08:29:49","slug":"merino-business-alp-long-2-pack","status":"publish","type":"product","link":"https:\/\/www.wundersocks.com\/de\/produkt\/merino-business-alp-long-2-pack\/","title":{"rendered":"Merino Business Socken Merino Kniestrumpf Alp Long 2-Pack"},"content":{"rendered":"<p>Verbessern Sie Ihre Alltagsgarderobe mit unseren hochwertigen Merino Business Socken. Gefertigt aus ultraweicher Merinowolle bieten diese Socken ganzt\u00e4gigen Komfort, Feuchtigkeitsregulierung und Temperaturausgleich. Ideal f\u00fcr den professionellen Einsatz, \u00fcberzeugen die langen Merino Business Socken durch Langlebigkeit und einen gepflegten Look. Holen Sie sich dieses Set mit zwei Paaren und vereinen Sie Stil und Funktionalit\u00e4t.<\/p>\n","protected":false},"excerpt":{"rendered":"<p>Verbessern Sie Ihre Alltagsgarderobe mit unseren hochwertigen Merino Business Socken. Gefertigt aus ultraweicher Merinowolle bieten diese Socken ganzt\u00e4gigen Komfort, Feuchtigkeitsregulierung und Temperaturausgleich. Ideal f\u00fcr den professionellen Einsatz, \u00fcberzeugen die langen Merino Business Socken durch Langlebigkeit und einen gepflegten Look. Holen Sie sich dieses Set mit zwei Paaren und vereinen Sie Stil und Funktionalit\u00e4t.<\/p>\n","protected":false},"featured_media":90212,"template":"","meta":{"_acf_changed":false},"product_brand":[],"product_cat":[59,424,302,999,72,433,35,420,36,421,429,62],"product_tag":[1127,2035],"class_list":{"0":"post-90372","1":"product","2":"type-product","3":"status-publish","4":"has-post-thumbnail","6":"product_cat-herren-business-socken","7":"product_cat-damen-business-socken","8":"product_cat-damen","9":"product_cat-herren","10":"product_cat-herren-kniestruempfe","11":"product_cat-damen-kniestruempfe","12":"product_cat-herren-socken-nach-aktivitaet","13":"product_cat-damen-socken-nach-aktivitaet","14":"product_cat-herren-socken-nach-laenge","15":"product_cat-damen-socken-nach-laenge","16":"product_cat-damen-warme-wintersocken","17":"product_cat-herren-warme-wintersocken","18":"product_tag-business","19":"product_tag-warm-socks-de","21":"first","22":"instock","23":"shipping-taxable","24":"purchasable","25":"product-type-variable","26":"has-default-attributes","27":"wvs-archive-product-wrapper"},"acf":[],"_links":{"self":[{"href":"https:\/\/www.wundersocks.com\/de\/wp-json\/wp\/v2\/product\/90372","targetHints":{"allow":["GET"]}}],"collection":[{"href":"https:\/\/www.wundersocks.com\/de\/wp-json\/wp\/v2\/product"}],"about":[{"href":"https:\/\/www.wundersocks.com\/de\/wp-json\/wp\/v2\/types\/product"}],"wp:featuredmedia":[{"embeddable":true,"href":"https:\/\/www.wundersocks.com\/de\/wp-json\/wp\/v2\/media\/90212"}],"wp:attachment":[{"href":"https:\/\/www.wundersocks.com\/de\/wp-json\/wp\/v2\/media?parent=90372"}],"wp:term":[{"taxonomy":"product_brand","embeddable":true,"href":"https:\/\/www.wundersocks.com\/de\/wp-json\/wp\/v2\/product_brand?post=90372"},{"taxonomy":"product_cat","embeddable":true,"href":"https:\/\/www.wundersocks.com\/de\/wp-json\/wp\/v2\/product_cat?post=90372"},{"taxonomy":"product_tag","embeddable":true,"href":"https:\/\/www.wundersocks.com\/de\/wp-json\/wp\/v2\/product_tag?post=90372"}],"curies":[{"name":"wp","href":"https:\/\/api.w.org\/{rel}","templated":true}]}}