{"id":9020,"date":"2023-08-10T17:00:40","date_gmt":"2023-08-10T15:00:40","guid":{"rendered":"https:\/\/www.wundersocks.com\/product\/kniestruempfe-merino-business-freizeit-alp-lite-long\/"},"modified":"2026-04-04T09:57:31","modified_gmt":"2026-04-04T07:57:31","slug":"merino-business-socken-kniestruempfe-alp-lite-long","status":"publish","type":"product","link":"https:\/\/www.wundersocks.com\/de\/produkt\/merino-business-socken-kniestruempfe-alp-lite-long\/","title":{"rendered":"Alp Lite Long Business Kniestr\u00fcmpfe Extrad\u00fcnn Merino Business Socken"},"content":{"rendered":"<p>Diese Merino Business Socken wurden zugunsten Ihres maximalen Tragekomforts als Socken ohne Naht und Gummi am Bund konzipiert. Da die Business Socken bis unter die Knie reichen, sind ALP LITE LONG immer lang genug f\u00fcr den perfekten Business Look. Bei schwitzenden F\u00fc\u00dfen absorbieren die extrad\u00fcnnen Merino Business Socken die Feuchtigkeit und halten Ihre F\u00fc\u00dfe trocken. Zudem sind die Socken antibakteriell und es entstehen keine unangenehmen Ger\u00fcche.<\/p>\n","protected":false},"excerpt":{"rendered":"<p>Diese Merino Business Socken wurden zugunsten Ihres maximalen Tragekomforts als Socken ohne Naht und Gummi am Bund konzipiert. Da die Business Socken bis unter die Knie reichen, sind ALP LITE LONG immer lang genug f\u00fcr den perfekten Business Look. Bei schwitzenden F\u00fc\u00dfen absorbieren die extrad\u00fcnnen Merino Business Socken die Feuchtigkeit und halten Ihre F\u00fc\u00dfe trocken. [&hellip;]<\/p>\n","protected":false},"featured_media":4252,"template":"","meta":{"_acf_changed":false},"product_brand":[],"product_cat":[35,61,302,420,422,421,433],"product_tag":[1127,1675,1606,1641,1639],"class_list":{"0":"post-9020","1":"product","2":"type-product","3":"status-publish","4":"has-post-thumbnail","6":"product_cat-herren-socken-nach-aktivitaet","7":"product_cat-herren-alltagssocken","8":"product_cat-damen","9":"product_cat-damen-socken-nach-aktivitaet","10":"product_cat-damen-alltagssocken","11":"product_cat-damen-socken-nach-laenge","12":"product_cat-damen-kniestruempfe","13":"product_tag-business","14":"product_tag-duenne-socken-de","15":"product_tag-extra-thin-de","16":"product_tag-mottorrad-socken","17":"product_tag-motorradsocken","19":"first","20":"instock","21":"shipping-taxable","22":"purchasable","23":"product-type-variable","24":"has-default-attributes","25":"wvs-archive-product-wrapper"},"acf":[],"_links":{"self":[{"href":"https:\/\/www.wundersocks.com\/de\/wp-json\/wp\/v2\/product\/9020","targetHints":{"allow":["GET"]}}],"collection":[{"href":"https:\/\/www.wundersocks.com\/de\/wp-json\/wp\/v2\/product"}],"about":[{"href":"https:\/\/www.wundersocks.com\/de\/wp-json\/wp\/v2\/types\/product"}],"wp:featuredmedia":[{"embeddable":true,"href":"https:\/\/www.wundersocks.com\/de\/wp-json\/wp\/v2\/media\/4252"}],"wp:attachment":[{"href":"https:\/\/www.wundersocks.com\/de\/wp-json\/wp\/v2\/media?parent=9020"}],"wp:term":[{"taxonomy":"product_brand","embeddable":true,"href":"https:\/\/www.wundersocks.com\/de\/wp-json\/wp\/v2\/product_brand?post=9020"},{"taxonomy":"product_cat","embeddable":true,"href":"https:\/\/www.wundersocks.com\/de\/wp-json\/wp\/v2\/product_cat?post=9020"},{"taxonomy":"product_tag","embeddable":true,"href":"https:\/\/www.wundersocks.com\/de\/wp-json\/wp\/v2\/product_tag?post=9020"}],"curies":[{"name":"wp","href":"https:\/\/api.w.org\/{rel}","templated":true}]}}