{"id":90106,"date":"2024-11-20T16:04:58","date_gmt":"2024-11-20T15:10:25","guid":{"rendered":"https:\/\/www.wundersocks.com\/?post_type=product&#038;p=90106"},"modified":"2026-04-19T21:37:02","modified_gmt":"2026-04-19T19:37:02","slug":"mesh-langarmshirt-lery","status":"publish","type":"product","link":"https:\/\/www.wundersocks.com\/de\/produkt\/mesh-langarmshirt-lery\/","title":{"rendered":"Herren Funktions Mesh Langarmshirt Lery"},"content":{"rendered":"<p>Das Herren Funktions Mesh Langarmshirt kombiniert innovative Mesh-Technologie mit den nat\u00fcrlichen Vorteilen der Merinowolle. Strategisch platzierte Mesh-Eins\u00e4tze im R\u00fccken- und Seitenbereich sorgen f\u00fcr optimale Isolierung und Atmungsaktivit\u00e4t, ideal f\u00fcr anspruchsvolle Touren beim Biken, Wandern oder Skifahren. Es h\u00e4lt die K\u00f6rperw\u00e4rme bei K\u00e4lte und sorgt f\u00fcr ein angenehmes Klima bei w\u00e4rmeren Temperaturen. Ein vielseitiges Mesh Langarmshirt f\u00fcr jedes Wetter und jede Aktivit\u00e4t.<\/p>\n","protected":false},"excerpt":{"rendered":"<p>Das Herren Funktions Mesh Langarmshirt kombiniert innovative Mesh-Technologie mit den nat\u00fcrlichen Vorteilen der Merinowolle. Strategisch platzierte Mesh-Eins\u00e4tze im R\u00fccken- und Seitenbereich sorgen f\u00fcr optimale Isolierung und Atmungsaktivit\u00e4t, ideal f\u00fcr anspruchsvolle Touren beim Biken, Wandern oder Skifahren. Es h\u00e4lt die K\u00f6rperw\u00e4rme bei K\u00e4lte und sorgt f\u00fcr ein angenehmes Klima bei w\u00e4rmeren Temperaturen. Ein vielseitiges Mesh Langarmshirt [&hellip;]<\/p>\n","protected":false},"featured_media":93835,"template":"","meta":{"_acf_changed":false},"product_brand":[],"product_cat":[65,999,2076,67,38,2112],"product_tag":[1852,1625,1633,1309,1211],"class_list":{"0":"post-90106","1":"product","2":"type-product","3":"status-publish","4":"has-post-thumbnail","6":"product_cat-herren-fahrradsocken","7":"product_cat-herren","8":"product_cat-herren-klettersocken","9":"product_cat-herren-langarmshirts","10":"product_cat-herren-laufsocken","11":"product_cat-herren-trail-running-socken","12":"product_tag-duenne-merino-wolle","13":"product_tag-langarm","14":"product_tag-merinowolle-shirt","15":"product_tag-ski-unterwaesche","16":"product_tag-wintersport-de","18":"first","19":"instock","20":"featured","21":"shipping-taxable","22":"purchasable","23":"product-type-variable","24":"has-default-attributes","25":"wvs-archive-product-wrapper"},"acf":[],"_links":{"self":[{"href":"https:\/\/www.wundersocks.com\/de\/wp-json\/wp\/v2\/product\/90106","targetHints":{"allow":["GET"]}}],"collection":[{"href":"https:\/\/www.wundersocks.com\/de\/wp-json\/wp\/v2\/product"}],"about":[{"href":"https:\/\/www.wundersocks.com\/de\/wp-json\/wp\/v2\/types\/product"}],"wp:featuredmedia":[{"embeddable":true,"href":"https:\/\/www.wundersocks.com\/de\/wp-json\/wp\/v2\/media\/93835"}],"wp:attachment":[{"href":"https:\/\/www.wundersocks.com\/de\/wp-json\/wp\/v2\/media?parent=90106"}],"wp:term":[{"taxonomy":"product_brand","embeddable":true,"href":"https:\/\/www.wundersocks.com\/de\/wp-json\/wp\/v2\/product_brand?post=90106"},{"taxonomy":"product_cat","embeddable":true,"href":"https:\/\/www.wundersocks.com\/de\/wp-json\/wp\/v2\/product_cat?post=90106"},{"taxonomy":"product_tag","embeddable":true,"href":"https:\/\/www.wundersocks.com\/de\/wp-json\/wp\/v2\/product_tag?post=90106"}],"curies":[{"name":"wp","href":"https:\/\/api.w.org\/{rel}","templated":true}]}}