{"id":89890,"date":"2024-11-18T13:53:05","date_gmt":"2024-11-18T12:55:21","guid":{"rendered":"https:\/\/www.wundersocks.com\/?post_type=product&#038;p=89890"},"modified":"2026-02-25T12:56:17","modified_gmt":"2026-02-25T11:56:17","slug":"merino-beanie-beat","status":"publish","type":"product","link":"https:\/\/www.wundersocks.com\/de\/produkt\/merino-beanie-beat\/","title":{"rendered":"Die perfekte Kombination aus Stil und Komfort &#8211; Merino Beanie Beat"},"content":{"rendered":"<p>Bleiben Sie warm und stilvoll mit unserer Merinowollm\u00fctze, die genau die richtige Dicke f\u00fcr angenehmen Komfort bietet, ohne aufzutragen. Hergestellt aus weicher Merinowolle, ist diese M\u00fctze atmungsaktiv, schnelltrocknend und besonders hautfreundlich \u2013 ideal f\u00fcr den t\u00e4glichen Gebrauch bei jedem Wetter. Ob auf einer winterlichen Wanderung oder bei einem Stadtbummel, diese M\u00fctze ist das perfekte Accessoire. Erh\u00e4ltlich in einer Auswahl modischer Farben, l\u00e4sst sie sich m\u00fchelos mit jedem Outfit kombinieren und verleiht Ihrem Look zeitlose Eleganz.<\/p>\n","protected":false},"excerpt":{"rendered":"<p>Bleiben Sie warm und stilvoll mit unserer Merinowollm\u00fctze, die genau die richtige Dicke f\u00fcr angenehmen Komfort bietet, ohne aufzutragen. Hergestellt aus weicher Merinowolle, ist diese M\u00fctze atmungsaktiv, schnelltrocknend und besonders hautfreundlich \u2013 ideal f\u00fcr den t\u00e4glichen Gebrauch bei jedem Wetter. Ob auf einer winterlichen Wanderung oder bei einem Stadtbummel, diese M\u00fctze ist das perfekte Accessoire. [&hellip;]<\/p>\n","protected":false},"featured_media":89882,"template":"","meta":{"_acf_changed":false},"product_brand":[2212],"product_cat":[2130,1994,1995,2156,302,442,446],"product_tag":[1594,1850,1859],"class_list":{"0":"post-89890","1":"product","2":"type-product","3":"status-publish","4":"has-post-thumbnail","6":"product_brand-wunderfit","7":"product_cat-accessoires-damen-herren","8":"product_cat-herren-accessoires-und-muetzen","9":"product_cat-damen-accessoires-und-muetzen","10":"product_cat-accessoires-damen-herren-muetzen","11":"product_cat-damen","12":"product_cat-damen-stirnbaender-und-beanies","13":"product_cat-herren-stirnbaender-und-beanies","14":"product_tag-beanie-de","15":"product_tag-merinowoll-muetze","16":"product_tag-merinowolle","18":"first","19":"outofstock","20":"shipping-taxable","21":"purchasable","22":"product-type-variable","23":"has-default-attributes","24":"wvs-archive-product-wrapper"},"acf":[],"_links":{"self":[{"href":"https:\/\/www.wundersocks.com\/de\/wp-json\/wp\/v2\/product\/89890","targetHints":{"allow":["GET"]}}],"collection":[{"href":"https:\/\/www.wundersocks.com\/de\/wp-json\/wp\/v2\/product"}],"about":[{"href":"https:\/\/www.wundersocks.com\/de\/wp-json\/wp\/v2\/types\/product"}],"wp:featuredmedia":[{"embeddable":true,"href":"https:\/\/www.wundersocks.com\/de\/wp-json\/wp\/v2\/media\/89882"}],"wp:attachment":[{"href":"https:\/\/www.wundersocks.com\/de\/wp-json\/wp\/v2\/media?parent=89890"}],"wp:term":[{"taxonomy":"product_brand","embeddable":true,"href":"https:\/\/www.wundersocks.com\/de\/wp-json\/wp\/v2\/product_brand?post=89890"},{"taxonomy":"product_cat","embeddable":true,"href":"https:\/\/www.wundersocks.com\/de\/wp-json\/wp\/v2\/product_cat?post=89890"},{"taxonomy":"product_tag","embeddable":true,"href":"https:\/\/www.wundersocks.com\/de\/wp-json\/wp\/v2\/product_tag?post=89890"}],"curies":[{"name":"wp","href":"https:\/\/api.w.org\/{rel}","templated":true}]}}