{"id":89622,"date":"2024-11-20T11:37:44","date_gmt":"2024-11-20T10:42:03","guid":{"rendered":"https:\/\/www.wundersocks.com\/?post_type=product&#038;p=89622"},"modified":"2026-03-18T17:13:36","modified_gmt":"2026-03-18T16:13:36","slug":"businesssocken-alp-lite-long-2-pack","status":"publish","type":"product","link":"https:\/\/www.wundersocks.com\/de\/produkt\/businesssocken-alp-lite-long-2-pack\/","title":{"rendered":"Extra D\u00fcnne, Knielange Merino Businesssocken Alp Lite Long 2-Pack"},"content":{"rendered":"<p>Erleben Sie h\u00f6chsten Komfort mit unserem 2er-Pack Extra D\u00fcnne, Knielange Merino Businesssocken. Ideal f\u00fcr Business und Freizeit, bestehen diese Businesssocken aus 80% hochwertiger Merinowolle, die Feuchtigkeit reguliert und die Temperatur ausgleicht, um Ihre F\u00fc\u00dfe den ganzen Tag frisch und angenehm zu halten. Das extra d\u00fcnne Design verhindert schwitzende F\u00fc\u00dfe, Blasen und Reibungen, wodurch sie perfekt f\u00fcr lange Tage geeignet sind. Ohne enges Gummiband bieten sie einen sanften, sicheren Sitz, der den ganzen Tag h\u00e4lt. Erleben Sie Premium-Qualit\u00e4t und zeitlosen Stil mit diesem praktischen 2er-Pack.<\/p>\n","protected":false},"excerpt":{"rendered":"<p>Erleben Sie h\u00f6chsten Komfort mit unserem 2er-Pack Extra D\u00fcnne, Knielange Merino Businesssocken. Ideal f\u00fcr Business und Freizeit, bestehen diese Businesssocken aus 80% hochwertiger Merinowolle, die Feuchtigkeit reguliert und die Temperatur ausgleicht, um Ihre F\u00fc\u00dfe den ganzen Tag frisch und angenehm zu halten. Das extra d\u00fcnne Design verhindert schwitzende F\u00fc\u00dfe, Blasen und Reibungen, wodurch sie perfekt [&hellip;]<\/p>\n","protected":false},"featured_media":90062,"template":"","meta":{"_acf_changed":false},"product_brand":[],"product_cat":[999,35,59,36,72,302,420,424,421,433],"product_tag":[],"class_list":{"0":"post-89622","1":"product","2":"type-product","3":"status-publish","4":"has-post-thumbnail","6":"product_cat-herren","7":"product_cat-herren-socken-nach-aktivitaet","8":"product_cat-herren-business-socken","9":"product_cat-herren-socken-nach-laenge","10":"product_cat-herren-kniestruempfe","11":"product_cat-damen","12":"product_cat-damen-socken-nach-aktivitaet","13":"product_cat-damen-business-socken","14":"product_cat-damen-socken-nach-laenge","15":"product_cat-damen-kniestruempfe","17":"first","18":"instock","19":"shipping-taxable","20":"purchasable","21":"product-type-variable","22":"has-default-attributes","23":"wvs-archive-product-wrapper"},"acf":[],"_links":{"self":[{"href":"https:\/\/www.wundersocks.com\/de\/wp-json\/wp\/v2\/product\/89622","targetHints":{"allow":["GET"]}}],"collection":[{"href":"https:\/\/www.wundersocks.com\/de\/wp-json\/wp\/v2\/product"}],"about":[{"href":"https:\/\/www.wundersocks.com\/de\/wp-json\/wp\/v2\/types\/product"}],"wp:featuredmedia":[{"embeddable":true,"href":"https:\/\/www.wundersocks.com\/de\/wp-json\/wp\/v2\/media\/90062"}],"wp:attachment":[{"href":"https:\/\/www.wundersocks.com\/de\/wp-json\/wp\/v2\/media?parent=89622"}],"wp:term":[{"taxonomy":"product_brand","embeddable":true,"href":"https:\/\/www.wundersocks.com\/de\/wp-json\/wp\/v2\/product_brand?post=89622"},{"taxonomy":"product_cat","embeddable":true,"href":"https:\/\/www.wundersocks.com\/de\/wp-json\/wp\/v2\/product_cat?post=89622"},{"taxonomy":"product_tag","embeddable":true,"href":"https:\/\/www.wundersocks.com\/de\/wp-json\/wp\/v2\/product_tag?post=89622"}],"curies":[{"name":"wp","href":"https:\/\/api.w.org\/{rel}","templated":true}]}}