{"id":89542,"date":"2024-11-18T13:44:22","date_gmt":"2024-11-18T12:45:50","guid":{"rendered":"https:\/\/www.wundersocks.com\/?post_type=product&#038;p=89542"},"modified":"2024-11-18T13:45:50","modified_gmt":"2024-11-18T12:45:50","slug":"socken-waschbeuteln","status":"publish","type":"product","link":"https:\/\/www.wundersocks.com\/de\/produkt\/socken-waschbeuteln\/","title":{"rendered":"Socken Waschbeutel"},"content":{"rendered":"<p>Halten Sie Ihre Socken mit den speziell entworfenen Socken Waschbeutel stets wie neu und frisch. Aus robustem, atmungsaktivem Netzmaterial gefertigt, sch\u00fctzen diese Beutel Ihre Socken vor Verheddern, Ausdehnen und Abnutzung w\u00e4hrend des Waschgangs. Perfekt, um Paare zusammenzuhalten und die Lebensdauer Ihrer Lieblingssocken zu verl\u00e4ngern \u2013 ein unverzichtbarer Begleiter f\u00fcr jede W\u00e4sche. Legen Sie einfach Ihre Socken in den Waschbeutel, schlie\u00dfen Sie den Rei\u00dfverschluss und ab in die Maschine \u2013 Ihre Socken werden es Ihnen danken!<\/p>\n","protected":false},"excerpt":{"rendered":"<p>Halten Sie Ihre Socken mit den speziell entworfenen Socken Waschbeutel stets wie neu und frisch. Aus robustem, atmungsaktivem Netzmaterial gefertigt, sch\u00fctzen diese Beutel Ihre Socken vor Verheddern, Ausdehnen und Abnutzung w\u00e4hrend des Waschgangs. Perfekt, um Paare zusammenzuhalten und die Lebensdauer Ihrer Lieblingssocken zu verl\u00e4ngern \u2013 ein unverzichtbarer Begleiter f\u00fcr jede W\u00e4sche. Legen Sie einfach Ihre [&hellip;]<\/p>\n","protected":false},"featured_media":89545,"template":"","meta":{"_acf_changed":false},"product_brand":[],"product_cat":[302],"product_tag":[],"class_list":{"0":"post-89542","1":"product","2":"type-product","3":"status-publish","4":"has-post-thumbnail","6":"product_cat-damen","8":"first","9":"instock","10":"shipping-taxable","11":"purchasable","12":"product-type-simple"},"acf":[],"_links":{"self":[{"href":"https:\/\/www.wundersocks.com\/de\/wp-json\/wp\/v2\/product\/89542","targetHints":{"allow":["GET"]}}],"collection":[{"href":"https:\/\/www.wundersocks.com\/de\/wp-json\/wp\/v2\/product"}],"about":[{"href":"https:\/\/www.wundersocks.com\/de\/wp-json\/wp\/v2\/types\/product"}],"wp:featuredmedia":[{"embeddable":true,"href":"https:\/\/www.wundersocks.com\/de\/wp-json\/wp\/v2\/media\/89545"}],"wp:attachment":[{"href":"https:\/\/www.wundersocks.com\/de\/wp-json\/wp\/v2\/media?parent=89542"}],"wp:term":[{"taxonomy":"product_brand","embeddable":true,"href":"https:\/\/www.wundersocks.com\/de\/wp-json\/wp\/v2\/product_brand?post=89542"},{"taxonomy":"product_cat","embeddable":true,"href":"https:\/\/www.wundersocks.com\/de\/wp-json\/wp\/v2\/product_cat?post=89542"},{"taxonomy":"product_tag","embeddable":true,"href":"https:\/\/www.wundersocks.com\/de\/wp-json\/wp\/v2\/product_tag?post=89542"}],"curies":[{"name":"wp","href":"https:\/\/api.w.org\/{rel}","templated":true}]}}