{"id":8834,"date":"2023-08-17T14:54:22","date_gmt":"2023-10-02T19:52:52","guid":{"rendered":"https:\/\/www.wundersocks.com\/product\/race-merino-skisocken-gepolstert-skistruempfe-snowboardsocken-2-pack\/"},"modified":"2026-02-01T17:39:01","modified_gmt":"2026-02-01T16:39:01","slug":"race-merino-skisocken-gepolstert-skistruempfe-snowboardsocken-2-pack","status":"publish","type":"product","link":"https:\/\/www.wundersocks.com\/de\/produkt\/race-merino-skisocken-gepolstert-skistruempfe-snowboardsocken-2-pack\/","title":{"rendered":"RACE Merino Skisocken Gepolstert Skistr\u00fcmpfe Snowboardsocken 2-Pack"},"content":{"rendered":"<p>Unsere Skisocken aus Merinowolle wurden speziell f\u00fcr Wintersport entwickelt und dienen dem Schutz vor kalten F\u00fc\u00dfen. Die Skisocken sind \u00e4u\u00dferst elastisch und sitzen wie angegossen. Wir verwenden ausschlie\u00dflich ein superfeines Merinogarn, um unsere Skisocken herzustellen. Daher bieten &#8222;Race&#8220; den besten Tragekomfort. Die voll Socken sch\u00fctzen Ihre F\u00fc\u00dfe in Ihren Skischuhen oder Snowboardstiefel vor Feuchtigkeit und K\u00e4lte, aber auch vor Druckstellen und Scheuern.\u00a0 Race halten Ihre F\u00fc\u00dfe trocken und warm. Ideal auch gegen kalte F\u00fc\u00dfe.<\/p>\n","protected":false},"excerpt":{"rendered":"<p>Unsere Skisocken aus Merinowolle wurden speziell f\u00fcr Wintersport entwickelt und dienen dem Schutz vor kalten F\u00fc\u00dfen. Die Skisocken sind \u00e4u\u00dferst elastisch und sitzen wie angegossen. Wir verwenden ausschlie\u00dflich ein superfeines Merinogarn, um unsere Skisocken herzustellen. Daher bieten &#8222;Race&#8220; den besten Tragekomfort. Die voll Socken sch\u00fctzen Ihre F\u00fc\u00dfe in Ihren Skischuhen oder Snowboardstiefel vor Feuchtigkeit und [&hellip;]<\/p>\n","protected":false},"featured_media":5930,"template":"","meta":{"_acf_changed":false},"product_brand":[],"product_cat":[999,35,63,62,36,72,302,420,428,429,421,433],"product_tag":[2033,1043,2035,2036,1211],"class_list":{"0":"post-8834","1":"product","2":"type-product","3":"status-publish","4":"has-post-thumbnail","6":"product_cat-herren","7":"product_cat-herren-socken-nach-aktivitaet","8":"product_cat-herren-ski-und-snowboard-socken","9":"product_cat-herren-warme-wintersocken","10":"product_cat-herren-socken-nach-laenge","11":"product_cat-herren-kniestruempfe","12":"product_cat-damen","13":"product_cat-damen-socken-nach-aktivitaet","14":"product_cat-damen-ski-und-snowboard-socken","15":"product_cat-damen-warme-wintersocken","16":"product_cat-damen-socken-nach-laenge","17":"product_cat-damen-kniestruempfe","18":"product_tag-ski-socks-de","19":"product_tag-skifahren","20":"product_tag-warm-socks-de","21":"product_tag-winter-socks-de","22":"product_tag-wintersport-de","24":"first","25":"instock","26":"sale","27":"shipping-taxable","28":"purchasable","29":"product-type-variable","30":"has-default-attributes","31":"wvs-archive-product-wrapper"},"acf":[],"_links":{"self":[{"href":"https:\/\/www.wundersocks.com\/de\/wp-json\/wp\/v2\/product\/8834","targetHints":{"allow":["GET"]}}],"collection":[{"href":"https:\/\/www.wundersocks.com\/de\/wp-json\/wp\/v2\/product"}],"about":[{"href":"https:\/\/www.wundersocks.com\/de\/wp-json\/wp\/v2\/types\/product"}],"wp:featuredmedia":[{"embeddable":true,"href":"https:\/\/www.wundersocks.com\/de\/wp-json\/wp\/v2\/media\/5930"}],"wp:attachment":[{"href":"https:\/\/www.wundersocks.com\/de\/wp-json\/wp\/v2\/media?parent=8834"}],"wp:term":[{"taxonomy":"product_brand","embeddable":true,"href":"https:\/\/www.wundersocks.com\/de\/wp-json\/wp\/v2\/product_brand?post=8834"},{"taxonomy":"product_cat","embeddable":true,"href":"https:\/\/www.wundersocks.com\/de\/wp-json\/wp\/v2\/product_cat?post=8834"},{"taxonomy":"product_tag","embeddable":true,"href":"https:\/\/www.wundersocks.com\/de\/wp-json\/wp\/v2\/product_tag?post=8834"}],"curies":[{"name":"wp","href":"https:\/\/api.w.org\/{rel}","templated":true}]}}