{"id":87546,"date":"2024-10-08T09:01:45","date_gmt":"2024-10-08T07:12:22","guid":{"rendered":"https:\/\/www.wundersocks.com\/?post_type=product&#038;p=87546"},"modified":"2025-07-12T20:03:17","modified_gmt":"2025-07-12T18:03:17","slug":"merino-boxershorts-noro-12-pack","status":"publish","type":"product","link":"https:\/\/www.wundersocks.com\/de\/produkt\/merino-boxershorts-noro-12-pack\/","title":{"rendered":"Boxershorts aus 100 % Merinowolle \u2013 Komfort f\u00fcr jede Jahreszeit Noro 12-Pack"},"content":{"rendered":"<p>Dieses 12er-Pack Boxershorts aus 100 % Merinowolle bietet au\u00dfergew\u00f6hnlichen Komfort und optimale Temperaturregulierung f\u00fcr alle Jahreszeiten. Mit nat\u00fcrlicher Geruchsresistenz und hervorragenden feuchtigkeitsableitenden Eigenschaften sind sie die perfekte Wahl f\u00fcr den Alltag und Outdoor-Abenteuer.<\/p>\n","protected":false},"excerpt":{"rendered":"<p>Dieses 12er-Pack Boxershorts aus 100 % Merinowolle bietet au\u00dfergew\u00f6hnlichen Komfort und optimale Temperaturregulierung f\u00fcr alle Jahreszeiten. Mit nat\u00fcrlicher Geruchsresistenz und hervorragenden feuchtigkeitsableitenden Eigenschaften sind sie die perfekte Wahl f\u00fcr den Alltag und Outdoor-Abenteuer.<\/p>\n","protected":false},"featured_media":89106,"template":"","meta":{"_acf_changed":false},"product_brand":[],"product_cat":[999,41,2024],"product_tag":[1838,1840,1225],"class_list":{"0":"post-87546","1":"product","2":"type-product","3":"status-publish","4":"has-post-thumbnail","6":"product_cat-herren","7":"product_cat-herren-merino-bekleidung","8":"product_cat-herren-unterwaesche","9":"product_tag-herren-unterwaesche","10":"product_tag-merino-boxer-briefs-de","11":"product_tag-merino-unterwaesche","13":"first","14":"instock","15":"sale","16":"shipping-taxable","17":"purchasable","18":"product-type-variable","19":"has-default-attributes","20":"wvs-archive-product-wrapper"},"acf":[],"_links":{"self":[{"href":"https:\/\/www.wundersocks.com\/de\/wp-json\/wp\/v2\/product\/87546","targetHints":{"allow":["GET"]}}],"collection":[{"href":"https:\/\/www.wundersocks.com\/de\/wp-json\/wp\/v2\/product"}],"about":[{"href":"https:\/\/www.wundersocks.com\/de\/wp-json\/wp\/v2\/types\/product"}],"wp:featuredmedia":[{"embeddable":true,"href":"https:\/\/www.wundersocks.com\/de\/wp-json\/wp\/v2\/media\/89106"}],"wp:attachment":[{"href":"https:\/\/www.wundersocks.com\/de\/wp-json\/wp\/v2\/media?parent=87546"}],"wp:term":[{"taxonomy":"product_brand","embeddable":true,"href":"https:\/\/www.wundersocks.com\/de\/wp-json\/wp\/v2\/product_brand?post=87546"},{"taxonomy":"product_cat","embeddable":true,"href":"https:\/\/www.wundersocks.com\/de\/wp-json\/wp\/v2\/product_cat?post=87546"},{"taxonomy":"product_tag","embeddable":true,"href":"https:\/\/www.wundersocks.com\/de\/wp-json\/wp\/v2\/product_tag?post=87546"}],"curies":[{"name":"wp","href":"https:\/\/api.w.org\/{rel}","templated":true}]}}