{"id":83580,"date":"2024-05-07T15:20:54","date_gmt":"2024-05-07T13:22:04","guid":{"rendered":"https:\/\/www.wundersocks.com\/?post_type=product&#038;p=83580"},"modified":"2026-02-13T11:25:17","modified_gmt":"2026-02-13T10:25:17","slug":"merino-arbeitssocken-extreme-12-pack","status":"publish","type":"product","link":"https:\/\/www.wundersocks.com\/de\/produkt\/merino-arbeitssocken-extreme-12-pack\/","title":{"rendered":"Merino Arbeitssocken mit Polsterung Extreme  12-Pack"},"content":{"rendered":"<p>Diese Merino Arbeitssocken sind entwickelt f\u00fcr Haltbarkeit und Komfort in anspruchsvollen Arbeitsumgebungen. Hergestellt aus hochwertiger Merinowolle, bieten diese Socken W\u00e4rme, Feuchtigkeitsableitung und Polsterung, um sicherzustellen, dass Ihre F\u00fc\u00dfe den ganzen Tag \u00fcber bequem und trocken bleiben. Verst\u00e4rkt f\u00fcr zus\u00e4tzlichen Schutz sind die Merino Socken, der perfekte Begleiter f\u00fcr Sicherheitsschuhe mit Stahlkappe und bieten eine lang anhaltende Leistung und Unterst\u00fctzung bei jedem Schritt.<\/p>\n","protected":false},"excerpt":{"rendered":"<p>Diese Merino Arbeitssocken sind entwickelt f\u00fcr Haltbarkeit und Komfort in anspruchsvollen Arbeitsumgebungen. Hergestellt aus hochwertiger Merinowolle, bieten diese Socken W\u00e4rme, Feuchtigkeitsableitung und Polsterung, um sicherzustellen, dass Ihre F\u00fc\u00dfe den ganzen Tag \u00fcber bequem und trocken bleiben. Verst\u00e4rkt f\u00fcr zus\u00e4tzlichen Schutz sind die Merino Socken, der perfekte Begleiter f\u00fcr Sicherheitsschuhe mit Stahlkappe und bieten eine lang [&hellip;]<\/p>\n","protected":false},"featured_media":83547,"template":"","meta":{"_acf_changed":false},"product_brand":[],"product_cat":[427,60,302,999,35,421,36,435,71],"product_tag":[1691,2010,1956],"class_list":{"0":"post-83580","1":"product","2":"type-product","3":"status-publish","4":"has-post-thumbnail","6":"product_cat-damen-arbeitssocken","7":"product_cat-herren-arbeitssocken","8":"product_cat-damen","9":"product_cat-herren","10":"product_cat-herren-socken-nach-aktivitaet","11":"product_cat-damen-socken-nach-laenge","12":"product_cat-herren-socken-nach-laenge","13":"product_cat-damen-wadensocken","14":"product_cat-herren-wadensocken","15":"product_tag-arbeit-de","16":"product_tag-arbeitssocken","17":"product_tag-stahlkappen-schuhe-de","19":"first","20":"instock","21":"sale","22":"shipping-taxable","23":"purchasable","24":"product-type-variable","25":"has-default-attributes","26":"wvs-archive-product-wrapper"},"acf":[],"_links":{"self":[{"href":"https:\/\/www.wundersocks.com\/de\/wp-json\/wp\/v2\/product\/83580","targetHints":{"allow":["GET"]}}],"collection":[{"href":"https:\/\/www.wundersocks.com\/de\/wp-json\/wp\/v2\/product"}],"about":[{"href":"https:\/\/www.wundersocks.com\/de\/wp-json\/wp\/v2\/types\/product"}],"wp:featuredmedia":[{"embeddable":true,"href":"https:\/\/www.wundersocks.com\/de\/wp-json\/wp\/v2\/media\/83547"}],"wp:attachment":[{"href":"https:\/\/www.wundersocks.com\/de\/wp-json\/wp\/v2\/media?parent=83580"}],"wp:term":[{"taxonomy":"product_brand","embeddable":true,"href":"https:\/\/www.wundersocks.com\/de\/wp-json\/wp\/v2\/product_brand?post=83580"},{"taxonomy":"product_cat","embeddable":true,"href":"https:\/\/www.wundersocks.com\/de\/wp-json\/wp\/v2\/product_cat?post=83580"},{"taxonomy":"product_tag","embeddable":true,"href":"https:\/\/www.wundersocks.com\/de\/wp-json\/wp\/v2\/product_tag?post=83580"}],"curies":[{"name":"wp","href":"https:\/\/api.w.org\/{rel}","templated":true}]}}